{"id":26842,"date":"2024-09-20T10:53:35","date_gmt":"2024-09-20T08:53:35","guid":{"rendered":"https:\/\/www.vitarelax.it\/?post_type=product&#038;p=26842"},"modified":"2025-02-05T17:38:45","modified_gmt":"2025-02-05T16:38:45","slug":"flipper","status":"publish","type":"product","link":"https:\/\/www.vitarelax.it\/it\/prodotto\/flipper\/","title":{"rendered":"Flipper"},"content":{"rendered":"<p><strong>Morbido e compatto<\/strong>, la sua essenzialit\u00e0 \u00e8 ricca di personalit\u00e0 e il suo comfort fatto di struttura e versatilit\u00e0. Per un grande relax anche se lo spazio \u00e8 piccolo.<\/p>\n<p>&nbsp;<\/p>\n<p>Flipper \u00e8 il divano letto che <strong>con il minimo dell\u2019ingombro offre linee morbide<\/strong> e piene che uniscono essenzialit\u00e0 e stile contemporaneo in un modello dalla personalit\u00e0 discreta ma d\u2019impatto.<\/p>\n<p>&nbsp;<\/p>\n<p>La sua compattezza \u00e8 una promessa di comfort che viene mantenuta di giorno e di notte. <strong>Un invito a trascorrere tutto il tempo che dedichiamo al nostro comfort<\/strong> solo dove il relax, da parola, diventa sostanza.<\/p>\n<p>Alla fine di tutte le corse contro il tempo\u00a0Flipper\u00a0ci aspetta per diventare ci\u00f2 che noi desideriamo.<\/p>\n","protected":false},"excerpt":{"rendered":"<p>Morbido e compatto, la sua essenzialit\u00e0 \u00e8 ricca di personalit\u00e0 e il suo comfort fatto di struttura e versatilit\u00e0. Per un grande relax anche se lo spazio \u00e8 piccolo. &nbsp; &hellip; <\/p>\n","protected":false},"featured_media":26843,"template":"","meta":[],"product_brand":[],"product_cat":[52],"product_tag":[86,111,504,537,507,506,503],"class_list":{"0":"post-26842","1":"product","2":"type-product","3":"status-publish","4":"has-post-thumbnail","6":"product_cat-divani-letto","7":"product_tag-materasso-h17cm","8":"product_tag-sfoderabile","9":"product_tag-3-posti-larghezza-161-cm","10":"product_tag-configurabili","11":"product_tag-cuscini-deco-di-serie","12":"product_tag-materasso-h-17-in-poliuretano-espanso","13":"product_tag-schienale-con-portaguanciali","15":"first","16":"instock","17":"shipping-taxable","18":"product-type-simple"},"acf":[],"yoast_head":"<!-- This site is optimized with the Yoast SEO plugin v26.2 - https:\/\/yoast.com\/wordpress\/plugins\/seo\/ -->\n<title>Divani Letto &#8211; Flipper &#8211; Vitarelax<\/title>\n<meta name=\"description\" content=\"Morbido e compatto, la sua essenzialit\u00e0 \u00e8 ricca di personalit\u00e0 e il suo comfort fatto di struttura e versatilit\u00e0. Per un grande relax anche se lo spazio \u00e8\" \/>\n<meta name=\"robots\" content=\"index, follow, max-snippet:-1, max-image-preview:large, max-video-preview:-1\" \/>\n<link rel=\"canonical\" href=\"https:\/\/www.vitarelax.it\/it\/prodotto\/flipper\/\" \/>\n<meta property=\"og:locale\" content=\"it_IT\" \/>\n<meta property=\"og:type\" content=\"article\" \/>\n<meta property=\"og:title\" content=\"Divani Letto &#8211; Flipper &#8211; Vitarelax\" \/>\n<meta property=\"og:description\" content=\"Morbido e compatto, la sua essenzialit\u00e0 \u00e8 ricca di personalit\u00e0 e il suo comfort fatto di struttura e versatilit\u00e0. Per un grande relax anche se lo spazio \u00e8\" \/>\n<meta property=\"og:url\" content=\"https:\/\/www.vitarelax.it\/it\/prodotto\/flipper\/\" \/>\n<meta property=\"og:site_name\" content=\"Vitarelax\" \/>\n<meta property=\"article:publisher\" content=\"https:\/\/www.facebook.com\/vitarelaxsrl\/\" \/>\n<meta property=\"article:modified_time\" content=\"2025-02-05T16:38:45+00:00\" \/>\n<meta property=\"og:image\" content=\"https:\/\/www.vitarelax.it\/wp-content\/uploads\/2024\/09\/2024-Flipper-1120x840-1.jpg\" \/>\n\t<meta property=\"og:image:width\" content=\"1120\" \/>\n\t<meta property=\"og:image:height\" content=\"840\" \/>\n\t<meta property=\"og:image:type\" content=\"image\/jpeg\" \/>\n<meta name=\"twitter:card\" content=\"summary_large_image\" \/>\n<meta name=\"twitter:label1\" content=\"Tempo di lettura stimato\" \/>\n\t<meta name=\"twitter:data1\" content=\"2 minuti\" \/>\n<script type=\"application\/ld+json\" class=\"yoast-schema-graph\">{\"@context\":\"https:\/\/schema.org\",\"@graph\":[{\"@type\":\"WebPage\",\"@id\":\"https:\/\/www.vitarelax.it\/it\/prodotto\/flipper\/\",\"url\":\"https:\/\/www.vitarelax.it\/it\/prodotto\/flipper\/\",\"name\":\"Divani Letto &#8211; Flipper &#8211; Vitarelax\",\"isPartOf\":{\"@id\":\"https:\/\/www.vitarelax.it\/it\/#website\"},\"primaryImageOfPage\":{\"@id\":\"https:\/\/www.vitarelax.it\/it\/prodotto\/flipper\/#primaryimage\"},\"image\":{\"@id\":\"https:\/\/www.vitarelax.it\/it\/prodotto\/flipper\/#primaryimage\"},\"thumbnailUrl\":\"https:\/\/www.vitarelax.it\/wp-content\/uploads\/2024\/09\/2024-Flipper-1120x840-1.jpg\",\"datePublished\":\"2024-09-20T08:53:35+00:00\",\"dateModified\":\"2025-02-05T16:38:45+00:00\",\"description\":\"Morbido e compatto, la sua essenzialit\u00e0 \u00e8 ricca di personalit\u00e0 e il suo comfort fatto di struttura e versatilit\u00e0. Per un grande relax anche se lo spazio \u00e8\",\"breadcrumb\":{\"@id\":\"https:\/\/www.vitarelax.it\/it\/prodotto\/flipper\/#breadcrumb\"},\"inLanguage\":\"it-IT\",\"potentialAction\":[{\"@type\":\"ReadAction\",\"target\":[\"https:\/\/www.vitarelax.it\/it\/prodotto\/flipper\/\"]}]},{\"@type\":\"ImageObject\",\"inLanguage\":\"it-IT\",\"@id\":\"https:\/\/www.vitarelax.it\/it\/prodotto\/flipper\/#primaryimage\",\"url\":\"https:\/\/www.vitarelax.it\/wp-content\/uploads\/2024\/09\/2024-Flipper-1120x840-1.jpg\",\"contentUrl\":\"https:\/\/www.vitarelax.it\/wp-content\/uploads\/2024\/09\/2024-Flipper-1120x840-1.jpg\",\"width\":1120,\"height\":840},{\"@type\":\"BreadcrumbList\",\"@id\":\"https:\/\/www.vitarelax.it\/it\/prodotto\/flipper\/#breadcrumb\",\"itemListElement\":[{\"@type\":\"ListItem\",\"position\":1,\"name\":\"Home\",\"item\":\"https:\/\/www.vitarelax.it\/it\/\"},{\"@type\":\"ListItem\",\"position\":2,\"name\":\"Divani &#038; Poltrone\",\"item\":\"https:\/\/www.vitarelax.it\/it\/divani-e-poltrone\/\"},{\"@type\":\"ListItem\",\"position\":3,\"name\":\"Flipper\"}]},{\"@type\":\"WebSite\",\"@id\":\"https:\/\/www.vitarelax.it\/it\/#website\",\"url\":\"https:\/\/www.vitarelax.it\/it\/\",\"name\":\"Vitarelax\",\"description\":\"Poltrone e Divani\",\"publisher\":{\"@id\":\"https:\/\/www.vitarelax.it\/it\/#organization\"},\"potentialAction\":[{\"@type\":\"SearchAction\",\"target\":{\"@type\":\"EntryPoint\",\"urlTemplate\":\"https:\/\/www.vitarelax.it\/it\/?s={search_term_string}\"},\"query-input\":{\"@type\":\"PropertyValueSpecification\",\"valueRequired\":true,\"valueName\":\"search_term_string\"}}],\"inLanguage\":\"it-IT\"},{\"@type\":\"Organization\",\"@id\":\"https:\/\/www.vitarelax.it\/it\/#organization\",\"name\":\"Vitarelax\",\"url\":\"https:\/\/www.vitarelax.it\/it\/\",\"logo\":{\"@type\":\"ImageObject\",\"inLanguage\":\"it-IT\",\"@id\":\"https:\/\/www.vitarelax.it\/it\/#\/schema\/logo\/image\/\",\"url\":\"https:\/\/www.vitarelax.it\/wp-content\/uploads\/2017\/12\/c-logoVitarelax.png\",\"contentUrl\":\"https:\/\/www.vitarelax.it\/wp-content\/uploads\/2017\/12\/c-logoVitarelax.png\",\"width\":240,\"height\":100,\"caption\":\"Vitarelax\"},\"image\":{\"@id\":\"https:\/\/www.vitarelax.it\/it\/#\/schema\/logo\/image\/\"},\"sameAs\":[\"https:\/\/www.facebook.com\/vitarelaxsrl\/\"]}]}<\/script>\n<!-- \/ Yoast SEO plugin. -->","yoast_head_json":{"title":"Divani Letto &#8211; Flipper &#8211; Vitarelax","description":"Morbido e compatto, la sua essenzialit\u00e0 \u00e8 ricca di personalit\u00e0 e il suo comfort fatto di struttura e versatilit\u00e0. Per un grande relax anche se lo spazio \u00e8","robots":{"index":"index","follow":"follow","max-snippet":"max-snippet:-1","max-image-preview":"max-image-preview:large","max-video-preview":"max-video-preview:-1"},"canonical":"https:\/\/www.vitarelax.it\/it\/prodotto\/flipper\/","og_locale":"it_IT","og_type":"article","og_title":"Divani Letto &#8211; Flipper &#8211; Vitarelax","og_description":"Morbido e compatto, la sua essenzialit\u00e0 \u00e8 ricca di personalit\u00e0 e il suo comfort fatto di struttura e versatilit\u00e0. Per un grande relax anche se lo spazio \u00e8","og_url":"https:\/\/www.vitarelax.it\/it\/prodotto\/flipper\/","og_site_name":"Vitarelax","article_publisher":"https:\/\/www.facebook.com\/vitarelaxsrl\/","article_modified_time":"2025-02-05T16:38:45+00:00","og_image":[{"width":1120,"height":840,"url":"https:\/\/www.vitarelax.it\/wp-content\/uploads\/2024\/09\/2024-Flipper-1120x840-1.jpg","type":"image\/jpeg"}],"twitter_card":"summary_large_image","twitter_misc":{"Tempo di lettura stimato":"2 minuti"},"schema":{"@context":"https:\/\/schema.org","@graph":[{"@type":"WebPage","@id":"https:\/\/www.vitarelax.it\/it\/prodotto\/flipper\/","url":"https:\/\/www.vitarelax.it\/it\/prodotto\/flipper\/","name":"Divani Letto &#8211; Flipper &#8211; Vitarelax","isPartOf":{"@id":"https:\/\/www.vitarelax.it\/it\/#website"},"primaryImageOfPage":{"@id":"https:\/\/www.vitarelax.it\/it\/prodotto\/flipper\/#primaryimage"},"image":{"@id":"https:\/\/www.vitarelax.it\/it\/prodotto\/flipper\/#primaryimage"},"thumbnailUrl":"https:\/\/www.vitarelax.it\/wp-content\/uploads\/2024\/09\/2024-Flipper-1120x840-1.jpg","datePublished":"2024-09-20T08:53:35+00:00","dateModified":"2025-02-05T16:38:45+00:00","description":"Morbido e compatto, la sua essenzialit\u00e0 \u00e8 ricca di personalit\u00e0 e il suo comfort fatto di struttura e versatilit\u00e0. Per un grande relax anche se lo spazio \u00e8","breadcrumb":{"@id":"https:\/\/www.vitarelax.it\/it\/prodotto\/flipper\/#breadcrumb"},"inLanguage":"it-IT","potentialAction":[{"@type":"ReadAction","target":["https:\/\/www.vitarelax.it\/it\/prodotto\/flipper\/"]}]},{"@type":"ImageObject","inLanguage":"it-IT","@id":"https:\/\/www.vitarelax.it\/it\/prodotto\/flipper\/#primaryimage","url":"https:\/\/www.vitarelax.it\/wp-content\/uploads\/2024\/09\/2024-Flipper-1120x840-1.jpg","contentUrl":"https:\/\/www.vitarelax.it\/wp-content\/uploads\/2024\/09\/2024-Flipper-1120x840-1.jpg","width":1120,"height":840},{"@type":"BreadcrumbList","@id":"https:\/\/www.vitarelax.it\/it\/prodotto\/flipper\/#breadcrumb","itemListElement":[{"@type":"ListItem","position":1,"name":"Home","item":"https:\/\/www.vitarelax.it\/it\/"},{"@type":"ListItem","position":2,"name":"Divani &#038; Poltrone","item":"https:\/\/www.vitarelax.it\/it\/divani-e-poltrone\/"},{"@type":"ListItem","position":3,"name":"Flipper"}]},{"@type":"WebSite","@id":"https:\/\/www.vitarelax.it\/it\/#website","url":"https:\/\/www.vitarelax.it\/it\/","name":"Vitarelax","description":"Poltrone e Divani","publisher":{"@id":"https:\/\/www.vitarelax.it\/it\/#organization"},"potentialAction":[{"@type":"SearchAction","target":{"@type":"EntryPoint","urlTemplate":"https:\/\/www.vitarelax.it\/it\/?s={search_term_string}"},"query-input":{"@type":"PropertyValueSpecification","valueRequired":true,"valueName":"search_term_string"}}],"inLanguage":"it-IT"},{"@type":"Organization","@id":"https:\/\/www.vitarelax.it\/it\/#organization","name":"Vitarelax","url":"https:\/\/www.vitarelax.it\/it\/","logo":{"@type":"ImageObject","inLanguage":"it-IT","@id":"https:\/\/www.vitarelax.it\/it\/#\/schema\/logo\/image\/","url":"https:\/\/www.vitarelax.it\/wp-content\/uploads\/2017\/12\/c-logoVitarelax.png","contentUrl":"https:\/\/www.vitarelax.it\/wp-content\/uploads\/2017\/12\/c-logoVitarelax.png","width":240,"height":100,"caption":"Vitarelax"},"image":{"@id":"https:\/\/www.vitarelax.it\/it\/#\/schema\/logo\/image\/"},"sameAs":["https:\/\/www.facebook.com\/vitarelaxsrl\/"]}]}},"_links":{"self":[{"href":"https:\/\/www.vitarelax.it\/it\/wp-json\/wp\/v2\/product\/26842","targetHints":{"allow":["GET"]}}],"collection":[{"href":"https:\/\/www.vitarelax.it\/it\/wp-json\/wp\/v2\/product"}],"about":[{"href":"https:\/\/www.vitarelax.it\/it\/wp-json\/wp\/v2\/types\/product"}],"wp:featuredmedia":[{"embeddable":true,"href":"https:\/\/www.vitarelax.it\/it\/wp-json\/wp\/v2\/media\/26843"}],"wp:attachment":[{"href":"https:\/\/www.vitarelax.it\/it\/wp-json\/wp\/v2\/media?parent=26842"}],"wp:term":[{"taxonomy":"product_brand","embeddable":true,"href":"https:\/\/www.vitarelax.it\/it\/wp-json\/wp\/v2\/product_brand?post=26842"},{"taxonomy":"product_cat","embeddable":true,"href":"https:\/\/www.vitarelax.it\/it\/wp-json\/wp\/v2\/product_cat?post=26842"},{"taxonomy":"product_tag","embeddable":true,"href":"https:\/\/www.vitarelax.it\/it\/wp-json\/wp\/v2\/product_tag?post=26842"}],"curies":[{"name":"wp","href":"https:\/\/api.w.org\/{rel}","templated":true}]}}