{"id":22347,"date":"2022-06-24T09:33:47","date_gmt":"2022-06-24T07:33:47","guid":{"rendered":"https:\/\/www.vitarelax.it\/?post_type=product&#038;p=22347"},"modified":"2022-09-13T16:53:57","modified_gmt":"2022-09-13T14:53:57","slug":"brio-divano-letto","status":"publish","type":"product","link":"https:\/\/www.vitarelax.it\/it\/prodotto\/brio-divano-letto\/","title":{"rendered":"Brio"},"content":{"rendered":"<p>L\u2019essenzialit\u00e0 che non rinuncia alla ricercatezza del particolare.<\/p>\n<p>Brio \u00e8 il divano che nessuno immaginerebbe anche come letto e che come letto \u00e8 capace di regalare atmosfere e relax sorprendentemente avvolgenti, grazie anche al materasso alto 17 cm. Le sue linee studiate \u2013 eleganti e allo stesso tempo vivaci e attuali \u2013 si fanno notare fin nell\u2019ultimo particolare: il piedino metallico che \u00e8 parte del bracciolo.<\/p>\n<p>Comodit\u00e0 senza soluzione di continuit\u00e0.<\/p>\n","protected":false},"excerpt":{"rendered":"<p>L\u2019essenzialit\u00e0 che non rinuncia alla ricercatezza del particolare. Brio \u00e8 il divano che nessuno immaginerebbe anche come letto e che come letto \u00e8 capace di regalare atmosfere e relax sorprendentemente &hellip; <\/p>\n","protected":false},"featured_media":22351,"template":"","meta":[],"product_brand":[],"product_cat":[52],"product_tag":[86,440,386,449],"class_list":{"0":"post-22347","1":"product","2":"type-product","3":"status-publish","4":"has-post-thumbnail","6":"product_cat-divani-letto","7":"product_tag-materasso-h17cm","8":"product_tag-piede-in-metallo-verniciato","9":"product_tag-rete-doghe-opzionale","10":"product_tag-parzialmente-sfoderabile","12":"first","13":"instock","14":"shipping-taxable","15":"product-type-simple"},"acf":[],"yoast_head":"<!-- This site is optimized with the Yoast SEO plugin v26.2 - https:\/\/yoast.com\/wordpress\/plugins\/seo\/ -->\n<title>Divani Letto &#8211; Brio &#8211; Vitarelax<\/title>\n<meta name=\"description\" content=\"L\u2019essenzialit\u00e0 che non rinuncia alla ricercatezza del particolare. Brio \u00e8 il divano che nessuno immaginerebbe anche come letto e che come letto \u00e8 capace\" \/>\n<meta name=\"robots\" content=\"index, follow, max-snippet:-1, max-image-preview:large, max-video-preview:-1\" \/>\n<link rel=\"canonical\" href=\"https:\/\/www.vitarelax.it\/it\/prodotto\/brio-divano-letto\/\" \/>\n<meta property=\"og:locale\" content=\"it_IT\" \/>\n<meta property=\"og:type\" content=\"article\" \/>\n<meta property=\"og:title\" content=\"Divani Letto &#8211; Brio &#8211; Vitarelax\" \/>\n<meta property=\"og:description\" content=\"L\u2019essenzialit\u00e0 che non rinuncia alla ricercatezza del particolare. Brio \u00e8 il divano che nessuno immaginerebbe anche come letto e che come letto \u00e8 capace\" \/>\n<meta property=\"og:url\" content=\"https:\/\/www.vitarelax.it\/it\/prodotto\/brio-divano-letto\/\" \/>\n<meta property=\"og:site_name\" content=\"Vitarelax\" \/>\n<meta property=\"article:publisher\" content=\"https:\/\/www.facebook.com\/vitarelaxsrl\/\" \/>\n<meta property=\"article:modified_time\" content=\"2022-09-13T14:53:57+00:00\" \/>\n<meta property=\"og:image\" content=\"https:\/\/www.vitarelax.it\/wp-content\/uploads\/2022\/06\/brio-thumb.jpg\" \/>\n\t<meta property=\"og:image:width\" content=\"1120\" \/>\n\t<meta property=\"og:image:height\" content=\"840\" \/>\n\t<meta property=\"og:image:type\" content=\"image\/jpeg\" \/>\n<meta name=\"twitter:card\" content=\"summary_large_image\" \/>\n<meta name=\"twitter:label1\" content=\"Tempo di lettura stimato\" \/>\n\t<meta name=\"twitter:data1\" content=\"1 minuto\" \/>\n<script type=\"application\/ld+json\" class=\"yoast-schema-graph\">{\"@context\":\"https:\/\/schema.org\",\"@graph\":[{\"@type\":\"WebPage\",\"@id\":\"https:\/\/www.vitarelax.it\/it\/prodotto\/brio-divano-letto\/\",\"url\":\"https:\/\/www.vitarelax.it\/it\/prodotto\/brio-divano-letto\/\",\"name\":\"Divani Letto &#8211; Brio &#8211; Vitarelax\",\"isPartOf\":{\"@id\":\"https:\/\/www.vitarelax.it\/it\/#website\"},\"primaryImageOfPage\":{\"@id\":\"https:\/\/www.vitarelax.it\/it\/prodotto\/brio-divano-letto\/#primaryimage\"},\"image\":{\"@id\":\"https:\/\/www.vitarelax.it\/it\/prodotto\/brio-divano-letto\/#primaryimage\"},\"thumbnailUrl\":\"https:\/\/www.vitarelax.it\/wp-content\/uploads\/2022\/06\/brio-thumb.jpg\",\"datePublished\":\"2022-06-24T07:33:47+00:00\",\"dateModified\":\"2022-09-13T14:53:57+00:00\",\"description\":\"L\u2019essenzialit\u00e0 che non rinuncia alla ricercatezza del particolare. Brio \u00e8 il divano che nessuno immaginerebbe anche come letto e che come letto \u00e8 capace\",\"breadcrumb\":{\"@id\":\"https:\/\/www.vitarelax.it\/it\/prodotto\/brio-divano-letto\/#breadcrumb\"},\"inLanguage\":\"it-IT\",\"potentialAction\":[{\"@type\":\"ReadAction\",\"target\":[\"https:\/\/www.vitarelax.it\/it\/prodotto\/brio-divano-letto\/\"]}]},{\"@type\":\"ImageObject\",\"inLanguage\":\"it-IT\",\"@id\":\"https:\/\/www.vitarelax.it\/it\/prodotto\/brio-divano-letto\/#primaryimage\",\"url\":\"https:\/\/www.vitarelax.it\/wp-content\/uploads\/2022\/06\/brio-thumb.jpg\",\"contentUrl\":\"https:\/\/www.vitarelax.it\/wp-content\/uploads\/2022\/06\/brio-thumb.jpg\",\"width\":1120,\"height\":840,\"caption\":\"Divano letto Brio\"},{\"@type\":\"BreadcrumbList\",\"@id\":\"https:\/\/www.vitarelax.it\/it\/prodotto\/brio-divano-letto\/#breadcrumb\",\"itemListElement\":[{\"@type\":\"ListItem\",\"position\":1,\"name\":\"Home\",\"item\":\"https:\/\/www.vitarelax.it\/it\/\"},{\"@type\":\"ListItem\",\"position\":2,\"name\":\"Divani &#038; Poltrone\",\"item\":\"https:\/\/www.vitarelax.it\/it\/divani-e-poltrone\/\"},{\"@type\":\"ListItem\",\"position\":3,\"name\":\"Brio\"}]},{\"@type\":\"WebSite\",\"@id\":\"https:\/\/www.vitarelax.it\/it\/#website\",\"url\":\"https:\/\/www.vitarelax.it\/it\/\",\"name\":\"Vitarelax\",\"description\":\"Poltrone e Divani\",\"publisher\":{\"@id\":\"https:\/\/www.vitarelax.it\/it\/#organization\"},\"potentialAction\":[{\"@type\":\"SearchAction\",\"target\":{\"@type\":\"EntryPoint\",\"urlTemplate\":\"https:\/\/www.vitarelax.it\/it\/?s={search_term_string}\"},\"query-input\":{\"@type\":\"PropertyValueSpecification\",\"valueRequired\":true,\"valueName\":\"search_term_string\"}}],\"inLanguage\":\"it-IT\"},{\"@type\":\"Organization\",\"@id\":\"https:\/\/www.vitarelax.it\/it\/#organization\",\"name\":\"Vitarelax\",\"url\":\"https:\/\/www.vitarelax.it\/it\/\",\"logo\":{\"@type\":\"ImageObject\",\"inLanguage\":\"it-IT\",\"@id\":\"https:\/\/www.vitarelax.it\/it\/#\/schema\/logo\/image\/\",\"url\":\"https:\/\/www.vitarelax.it\/wp-content\/uploads\/2017\/12\/c-logoVitarelax.png\",\"contentUrl\":\"https:\/\/www.vitarelax.it\/wp-content\/uploads\/2017\/12\/c-logoVitarelax.png\",\"width\":240,\"height\":100,\"caption\":\"Vitarelax\"},\"image\":{\"@id\":\"https:\/\/www.vitarelax.it\/it\/#\/schema\/logo\/image\/\"},\"sameAs\":[\"https:\/\/www.facebook.com\/vitarelaxsrl\/\"]}]}<\/script>\n<!-- \/ Yoast SEO plugin. -->","yoast_head_json":{"title":"Divani Letto &#8211; Brio &#8211; Vitarelax","description":"L\u2019essenzialit\u00e0 che non rinuncia alla ricercatezza del particolare. Brio \u00e8 il divano che nessuno immaginerebbe anche come letto e che come letto \u00e8 capace","robots":{"index":"index","follow":"follow","max-snippet":"max-snippet:-1","max-image-preview":"max-image-preview:large","max-video-preview":"max-video-preview:-1"},"canonical":"https:\/\/www.vitarelax.it\/it\/prodotto\/brio-divano-letto\/","og_locale":"it_IT","og_type":"article","og_title":"Divani Letto &#8211; Brio &#8211; Vitarelax","og_description":"L\u2019essenzialit\u00e0 che non rinuncia alla ricercatezza del particolare. Brio \u00e8 il divano che nessuno immaginerebbe anche come letto e che come letto \u00e8 capace","og_url":"https:\/\/www.vitarelax.it\/it\/prodotto\/brio-divano-letto\/","og_site_name":"Vitarelax","article_publisher":"https:\/\/www.facebook.com\/vitarelaxsrl\/","article_modified_time":"2022-09-13T14:53:57+00:00","og_image":[{"width":1120,"height":840,"url":"https:\/\/www.vitarelax.it\/wp-content\/uploads\/2022\/06\/brio-thumb.jpg","type":"image\/jpeg"}],"twitter_card":"summary_large_image","twitter_misc":{"Tempo di lettura stimato":"1 minuto"},"schema":{"@context":"https:\/\/schema.org","@graph":[{"@type":"WebPage","@id":"https:\/\/www.vitarelax.it\/it\/prodotto\/brio-divano-letto\/","url":"https:\/\/www.vitarelax.it\/it\/prodotto\/brio-divano-letto\/","name":"Divani Letto &#8211; Brio &#8211; Vitarelax","isPartOf":{"@id":"https:\/\/www.vitarelax.it\/it\/#website"},"primaryImageOfPage":{"@id":"https:\/\/www.vitarelax.it\/it\/prodotto\/brio-divano-letto\/#primaryimage"},"image":{"@id":"https:\/\/www.vitarelax.it\/it\/prodotto\/brio-divano-letto\/#primaryimage"},"thumbnailUrl":"https:\/\/www.vitarelax.it\/wp-content\/uploads\/2022\/06\/brio-thumb.jpg","datePublished":"2022-06-24T07:33:47+00:00","dateModified":"2022-09-13T14:53:57+00:00","description":"L\u2019essenzialit\u00e0 che non rinuncia alla ricercatezza del particolare. Brio \u00e8 il divano che nessuno immaginerebbe anche come letto e che come letto \u00e8 capace","breadcrumb":{"@id":"https:\/\/www.vitarelax.it\/it\/prodotto\/brio-divano-letto\/#breadcrumb"},"inLanguage":"it-IT","potentialAction":[{"@type":"ReadAction","target":["https:\/\/www.vitarelax.it\/it\/prodotto\/brio-divano-letto\/"]}]},{"@type":"ImageObject","inLanguage":"it-IT","@id":"https:\/\/www.vitarelax.it\/it\/prodotto\/brio-divano-letto\/#primaryimage","url":"https:\/\/www.vitarelax.it\/wp-content\/uploads\/2022\/06\/brio-thumb.jpg","contentUrl":"https:\/\/www.vitarelax.it\/wp-content\/uploads\/2022\/06\/brio-thumb.jpg","width":1120,"height":840,"caption":"Divano letto Brio"},{"@type":"BreadcrumbList","@id":"https:\/\/www.vitarelax.it\/it\/prodotto\/brio-divano-letto\/#breadcrumb","itemListElement":[{"@type":"ListItem","position":1,"name":"Home","item":"https:\/\/www.vitarelax.it\/it\/"},{"@type":"ListItem","position":2,"name":"Divani &#038; Poltrone","item":"https:\/\/www.vitarelax.it\/it\/divani-e-poltrone\/"},{"@type":"ListItem","position":3,"name":"Brio"}]},{"@type":"WebSite","@id":"https:\/\/www.vitarelax.it\/it\/#website","url":"https:\/\/www.vitarelax.it\/it\/","name":"Vitarelax","description":"Poltrone e Divani","publisher":{"@id":"https:\/\/www.vitarelax.it\/it\/#organization"},"potentialAction":[{"@type":"SearchAction","target":{"@type":"EntryPoint","urlTemplate":"https:\/\/www.vitarelax.it\/it\/?s={search_term_string}"},"query-input":{"@type":"PropertyValueSpecification","valueRequired":true,"valueName":"search_term_string"}}],"inLanguage":"it-IT"},{"@type":"Organization","@id":"https:\/\/www.vitarelax.it\/it\/#organization","name":"Vitarelax","url":"https:\/\/www.vitarelax.it\/it\/","logo":{"@type":"ImageObject","inLanguage":"it-IT","@id":"https:\/\/www.vitarelax.it\/it\/#\/schema\/logo\/image\/","url":"https:\/\/www.vitarelax.it\/wp-content\/uploads\/2017\/12\/c-logoVitarelax.png","contentUrl":"https:\/\/www.vitarelax.it\/wp-content\/uploads\/2017\/12\/c-logoVitarelax.png","width":240,"height":100,"caption":"Vitarelax"},"image":{"@id":"https:\/\/www.vitarelax.it\/it\/#\/schema\/logo\/image\/"},"sameAs":["https:\/\/www.facebook.com\/vitarelaxsrl\/"]}]}},"_links":{"self":[{"href":"https:\/\/www.vitarelax.it\/it\/wp-json\/wp\/v2\/product\/22347","targetHints":{"allow":["GET"]}}],"collection":[{"href":"https:\/\/www.vitarelax.it\/it\/wp-json\/wp\/v2\/product"}],"about":[{"href":"https:\/\/www.vitarelax.it\/it\/wp-json\/wp\/v2\/types\/product"}],"wp:featuredmedia":[{"embeddable":true,"href":"https:\/\/www.vitarelax.it\/it\/wp-json\/wp\/v2\/media\/22351"}],"wp:attachment":[{"href":"https:\/\/www.vitarelax.it\/it\/wp-json\/wp\/v2\/media?parent=22347"}],"wp:term":[{"taxonomy":"product_brand","embeddable":true,"href":"https:\/\/www.vitarelax.it\/it\/wp-json\/wp\/v2\/product_brand?post=22347"},{"taxonomy":"product_cat","embeddable":true,"href":"https:\/\/www.vitarelax.it\/it\/wp-json\/wp\/v2\/product_cat?post=22347"},{"taxonomy":"product_tag","embeddable":true,"href":"https:\/\/www.vitarelax.it\/it\/wp-json\/wp\/v2\/product_tag?post=22347"}],"curies":[{"name":"wp","href":"https:\/\/api.w.org\/{rel}","templated":true}]}}