{"id":16980,"date":"2019-12-13T17:50:11","date_gmt":"2019-12-13T16:50:11","guid":{"rendered":"https:\/\/www.vitarelax.it\/?post_type=product&#038;p=16980"},"modified":"2024-10-15T16:32:55","modified_gmt":"2024-10-15T14:32:55","slug":"teo-divano-letto","status":"publish","type":"product","link":"https:\/\/www.vitarelax.it\/it\/prodotto\/teo-divano-letto\/","title":{"rendered":"Teo"},"content":{"rendered":"<p>Teo \u00e8 un divano compatto e pratico dalle linee essenziali. Pu\u00f2 essere un comodo divano o un letto pronto in pochi minuti.<\/p>\n<p><strong>\u00c8 disponibile in tessuto o in pelle<\/strong> ed \u00e8 completamente sfoderabile.<\/p>\n<p>Teo ha i piedini in metallo verniciato.<\/p>\n","protected":false},"excerpt":{"rendered":"<p>Teo \u00e8 un divano compatto e pratico dalle linee essenziali. Pu\u00f2 essere un comodo divano o un letto pronto in pochi minuti. \u00c8 disponibile in tessuto o in pelle ed &hellip; <\/p>\n","protected":false},"featured_media":16984,"template":"","meta":[],"product_brand":[],"product_cat":[52],"product_tag":[431,111,122],"class_list":{"0":"post-16980","1":"product","2":"type-product","3":"status-publish","4":"has-post-thumbnail","6":"product_cat-divani-letto","7":"product_tag-materasso-h15cm","8":"product_tag-sfoderabile","9":"product_tag-schienale-portacuscini","11":"first","12":"instock","13":"virtual","14":"product-type-simple"},"acf":[],"yoast_head":"<!-- This site is optimized with the Yoast SEO plugin v26.2 - https:\/\/yoast.com\/wordpress\/plugins\/seo\/ -->\n<title>Divani Letto &#8211; Teo &#8211; Vitarelax<\/title>\n<meta name=\"description\" content=\"Teo \u00e8 un divano compatto e pratico dalle linee essenziali. Pu\u00f2 essere un comodo divano o un letto pronto in pochi minuti. \u00c8 disponibile in tessuto o in\" \/>\n<meta name=\"robots\" content=\"index, follow, max-snippet:-1, max-image-preview:large, max-video-preview:-1\" \/>\n<link rel=\"canonical\" href=\"https:\/\/www.vitarelax.it\/it\/prodotto\/teo-divano-letto\/\" \/>\n<meta property=\"og:locale\" content=\"it_IT\" \/>\n<meta property=\"og:type\" content=\"article\" \/>\n<meta property=\"og:title\" content=\"Divani Letto &#8211; Teo &#8211; Vitarelax\" \/>\n<meta property=\"og:description\" content=\"Teo \u00e8 un divano compatto e pratico dalle linee essenziali. Pu\u00f2 essere un comodo divano o un letto pronto in pochi minuti. \u00c8 disponibile in tessuto o in\" \/>\n<meta property=\"og:url\" content=\"https:\/\/www.vitarelax.it\/it\/prodotto\/teo-divano-letto\/\" \/>\n<meta property=\"og:site_name\" content=\"Vitarelax\" \/>\n<meta property=\"article:publisher\" content=\"https:\/\/www.facebook.com\/vitarelaxsrl\/\" \/>\n<meta property=\"article:modified_time\" content=\"2024-10-15T14:32:55+00:00\" \/>\n<meta property=\"og:image\" content=\"https:\/\/www.vitarelax.it\/wp-content\/uploads\/2019\/12\/teo-thumb.jpg\" \/>\n\t<meta property=\"og:image:width\" content=\"1120\" \/>\n\t<meta property=\"og:image:height\" content=\"840\" \/>\n\t<meta property=\"og:image:type\" content=\"image\/jpeg\" \/>\n<meta name=\"twitter:card\" content=\"summary_large_image\" \/>\n<meta name=\"twitter:label1\" content=\"Tempo di lettura stimato\" \/>\n\t<meta name=\"twitter:data1\" content=\"1 minuto\" \/>\n<script type=\"application\/ld+json\" class=\"yoast-schema-graph\">{\"@context\":\"https:\/\/schema.org\",\"@graph\":[{\"@type\":\"WebPage\",\"@id\":\"https:\/\/www.vitarelax.it\/it\/prodotto\/teo-divano-letto\/\",\"url\":\"https:\/\/www.vitarelax.it\/it\/prodotto\/teo-divano-letto\/\",\"name\":\"Divani Letto &#8211; Teo &#8211; Vitarelax\",\"isPartOf\":{\"@id\":\"https:\/\/www.vitarelax.it\/it\/#website\"},\"primaryImageOfPage\":{\"@id\":\"https:\/\/www.vitarelax.it\/it\/prodotto\/teo-divano-letto\/#primaryimage\"},\"image\":{\"@id\":\"https:\/\/www.vitarelax.it\/it\/prodotto\/teo-divano-letto\/#primaryimage\"},\"thumbnailUrl\":\"https:\/\/www.vitarelax.it\/wp-content\/uploads\/2019\/12\/teo-thumb.jpg\",\"datePublished\":\"2019-12-13T16:50:11+00:00\",\"dateModified\":\"2024-10-15T14:32:55+00:00\",\"description\":\"Teo \u00e8 un divano compatto e pratico dalle linee essenziali. Pu\u00f2 essere un comodo divano o un letto pronto in pochi minuti. \u00c8 disponibile in tessuto o in\",\"breadcrumb\":{\"@id\":\"https:\/\/www.vitarelax.it\/it\/prodotto\/teo-divano-letto\/#breadcrumb\"},\"inLanguage\":\"it-IT\",\"potentialAction\":[{\"@type\":\"ReadAction\",\"target\":[\"https:\/\/www.vitarelax.it\/it\/prodotto\/teo-divano-letto\/\"]}]},{\"@type\":\"ImageObject\",\"inLanguage\":\"it-IT\",\"@id\":\"https:\/\/www.vitarelax.it\/it\/prodotto\/teo-divano-letto\/#primaryimage\",\"url\":\"https:\/\/www.vitarelax.it\/wp-content\/uploads\/2019\/12\/teo-thumb.jpg\",\"contentUrl\":\"https:\/\/www.vitarelax.it\/wp-content\/uploads\/2019\/12\/teo-thumb.jpg\",\"width\":1120,\"height\":840,\"caption\":\"Divano Letto Teo\"},{\"@type\":\"BreadcrumbList\",\"@id\":\"https:\/\/www.vitarelax.it\/it\/prodotto\/teo-divano-letto\/#breadcrumb\",\"itemListElement\":[{\"@type\":\"ListItem\",\"position\":1,\"name\":\"Home\",\"item\":\"https:\/\/www.vitarelax.it\/it\/\"},{\"@type\":\"ListItem\",\"position\":2,\"name\":\"Divani &#038; Poltrone\",\"item\":\"https:\/\/www.vitarelax.it\/it\/divani-e-poltrone\/\"},{\"@type\":\"ListItem\",\"position\":3,\"name\":\"Teo\"}]},{\"@type\":\"WebSite\",\"@id\":\"https:\/\/www.vitarelax.it\/it\/#website\",\"url\":\"https:\/\/www.vitarelax.it\/it\/\",\"name\":\"Vitarelax\",\"description\":\"Poltrone e Divani\",\"publisher\":{\"@id\":\"https:\/\/www.vitarelax.it\/it\/#organization\"},\"potentialAction\":[{\"@type\":\"SearchAction\",\"target\":{\"@type\":\"EntryPoint\",\"urlTemplate\":\"https:\/\/www.vitarelax.it\/it\/?s={search_term_string}\"},\"query-input\":{\"@type\":\"PropertyValueSpecification\",\"valueRequired\":true,\"valueName\":\"search_term_string\"}}],\"inLanguage\":\"it-IT\"},{\"@type\":\"Organization\",\"@id\":\"https:\/\/www.vitarelax.it\/it\/#organization\",\"name\":\"Vitarelax\",\"url\":\"https:\/\/www.vitarelax.it\/it\/\",\"logo\":{\"@type\":\"ImageObject\",\"inLanguage\":\"it-IT\",\"@id\":\"https:\/\/www.vitarelax.it\/it\/#\/schema\/logo\/image\/\",\"url\":\"https:\/\/www.vitarelax.it\/wp-content\/uploads\/2017\/12\/c-logoVitarelax.png\",\"contentUrl\":\"https:\/\/www.vitarelax.it\/wp-content\/uploads\/2017\/12\/c-logoVitarelax.png\",\"width\":240,\"height\":100,\"caption\":\"Vitarelax\"},\"image\":{\"@id\":\"https:\/\/www.vitarelax.it\/it\/#\/schema\/logo\/image\/\"},\"sameAs\":[\"https:\/\/www.facebook.com\/vitarelaxsrl\/\"]}]}<\/script>\n<!-- \/ Yoast SEO plugin. -->","yoast_head_json":{"title":"Divani Letto &#8211; Teo &#8211; Vitarelax","description":"Teo \u00e8 un divano compatto e pratico dalle linee essenziali. Pu\u00f2 essere un comodo divano o un letto pronto in pochi minuti. \u00c8 disponibile in tessuto o in","robots":{"index":"index","follow":"follow","max-snippet":"max-snippet:-1","max-image-preview":"max-image-preview:large","max-video-preview":"max-video-preview:-1"},"canonical":"https:\/\/www.vitarelax.it\/it\/prodotto\/teo-divano-letto\/","og_locale":"it_IT","og_type":"article","og_title":"Divani Letto &#8211; Teo &#8211; Vitarelax","og_description":"Teo \u00e8 un divano compatto e pratico dalle linee essenziali. Pu\u00f2 essere un comodo divano o un letto pronto in pochi minuti. \u00c8 disponibile in tessuto o in","og_url":"https:\/\/www.vitarelax.it\/it\/prodotto\/teo-divano-letto\/","og_site_name":"Vitarelax","article_publisher":"https:\/\/www.facebook.com\/vitarelaxsrl\/","article_modified_time":"2024-10-15T14:32:55+00:00","og_image":[{"width":1120,"height":840,"url":"https:\/\/www.vitarelax.it\/wp-content\/uploads\/2019\/12\/teo-thumb.jpg","type":"image\/jpeg"}],"twitter_card":"summary_large_image","twitter_misc":{"Tempo di lettura stimato":"1 minuto"},"schema":{"@context":"https:\/\/schema.org","@graph":[{"@type":"WebPage","@id":"https:\/\/www.vitarelax.it\/it\/prodotto\/teo-divano-letto\/","url":"https:\/\/www.vitarelax.it\/it\/prodotto\/teo-divano-letto\/","name":"Divani Letto &#8211; Teo &#8211; Vitarelax","isPartOf":{"@id":"https:\/\/www.vitarelax.it\/it\/#website"},"primaryImageOfPage":{"@id":"https:\/\/www.vitarelax.it\/it\/prodotto\/teo-divano-letto\/#primaryimage"},"image":{"@id":"https:\/\/www.vitarelax.it\/it\/prodotto\/teo-divano-letto\/#primaryimage"},"thumbnailUrl":"https:\/\/www.vitarelax.it\/wp-content\/uploads\/2019\/12\/teo-thumb.jpg","datePublished":"2019-12-13T16:50:11+00:00","dateModified":"2024-10-15T14:32:55+00:00","description":"Teo \u00e8 un divano compatto e pratico dalle linee essenziali. Pu\u00f2 essere un comodo divano o un letto pronto in pochi minuti. \u00c8 disponibile in tessuto o in","breadcrumb":{"@id":"https:\/\/www.vitarelax.it\/it\/prodotto\/teo-divano-letto\/#breadcrumb"},"inLanguage":"it-IT","potentialAction":[{"@type":"ReadAction","target":["https:\/\/www.vitarelax.it\/it\/prodotto\/teo-divano-letto\/"]}]},{"@type":"ImageObject","inLanguage":"it-IT","@id":"https:\/\/www.vitarelax.it\/it\/prodotto\/teo-divano-letto\/#primaryimage","url":"https:\/\/www.vitarelax.it\/wp-content\/uploads\/2019\/12\/teo-thumb.jpg","contentUrl":"https:\/\/www.vitarelax.it\/wp-content\/uploads\/2019\/12\/teo-thumb.jpg","width":1120,"height":840,"caption":"Divano Letto Teo"},{"@type":"BreadcrumbList","@id":"https:\/\/www.vitarelax.it\/it\/prodotto\/teo-divano-letto\/#breadcrumb","itemListElement":[{"@type":"ListItem","position":1,"name":"Home","item":"https:\/\/www.vitarelax.it\/it\/"},{"@type":"ListItem","position":2,"name":"Divani &#038; Poltrone","item":"https:\/\/www.vitarelax.it\/it\/divani-e-poltrone\/"},{"@type":"ListItem","position":3,"name":"Teo"}]},{"@type":"WebSite","@id":"https:\/\/www.vitarelax.it\/it\/#website","url":"https:\/\/www.vitarelax.it\/it\/","name":"Vitarelax","description":"Poltrone e Divani","publisher":{"@id":"https:\/\/www.vitarelax.it\/it\/#organization"},"potentialAction":[{"@type":"SearchAction","target":{"@type":"EntryPoint","urlTemplate":"https:\/\/www.vitarelax.it\/it\/?s={search_term_string}"},"query-input":{"@type":"PropertyValueSpecification","valueRequired":true,"valueName":"search_term_string"}}],"inLanguage":"it-IT"},{"@type":"Organization","@id":"https:\/\/www.vitarelax.it\/it\/#organization","name":"Vitarelax","url":"https:\/\/www.vitarelax.it\/it\/","logo":{"@type":"ImageObject","inLanguage":"it-IT","@id":"https:\/\/www.vitarelax.it\/it\/#\/schema\/logo\/image\/","url":"https:\/\/www.vitarelax.it\/wp-content\/uploads\/2017\/12\/c-logoVitarelax.png","contentUrl":"https:\/\/www.vitarelax.it\/wp-content\/uploads\/2017\/12\/c-logoVitarelax.png","width":240,"height":100,"caption":"Vitarelax"},"image":{"@id":"https:\/\/www.vitarelax.it\/it\/#\/schema\/logo\/image\/"},"sameAs":["https:\/\/www.facebook.com\/vitarelaxsrl\/"]}]}},"_links":{"self":[{"href":"https:\/\/www.vitarelax.it\/it\/wp-json\/wp\/v2\/product\/16980","targetHints":{"allow":["GET"]}}],"collection":[{"href":"https:\/\/www.vitarelax.it\/it\/wp-json\/wp\/v2\/product"}],"about":[{"href":"https:\/\/www.vitarelax.it\/it\/wp-json\/wp\/v2\/types\/product"}],"wp:featuredmedia":[{"embeddable":true,"href":"https:\/\/www.vitarelax.it\/it\/wp-json\/wp\/v2\/media\/16984"}],"wp:attachment":[{"href":"https:\/\/www.vitarelax.it\/it\/wp-json\/wp\/v2\/media?parent=16980"}],"wp:term":[{"taxonomy":"product_brand","embeddable":true,"href":"https:\/\/www.vitarelax.it\/it\/wp-json\/wp\/v2\/product_brand?post=16980"},{"taxonomy":"product_cat","embeddable":true,"href":"https:\/\/www.vitarelax.it\/it\/wp-json\/wp\/v2\/product_cat?post=16980"},{"taxonomy":"product_tag","embeddable":true,"href":"https:\/\/www.vitarelax.it\/it\/wp-json\/wp\/v2\/product_tag?post=16980"}],"curies":[{"name":"wp","href":"https:\/\/api.w.org\/{rel}","templated":true}]}}