{"id":27412,"date":"2025-02-05T12:35:06","date_gmt":"2025-02-05T11:35:06","guid":{"rendered":"https:\/\/www.vitarelax.it\/?post_type=product&#038;p=27412"},"modified":"2025-10-27T17:23:14","modified_gmt":"2025-10-27T16:23:14","slug":"jerry","status":"publish","type":"product","link":"https:\/\/www.vitarelax.it\/fr\/prodotto\/jerry\/","title":{"rendered":"Jerry"},"content":{"rendered":"<p>Si la d\u00e9tente repr\u00e9sente un moment de la vie auquel l\u2019\u0153il veut \u00e9galement participer, Jerry est le divan qu\u2019il vous fait pour reconna\u00eetre le confort avant m\u00eame de s\u2019y asseoir.\u00a0 Son dossier moelleux en fibre repose sur un si\u00e8ge accueillant et commode dont on ne se rel\u00e8ve que parce que le monde nous appelle \u00e0 sortir de chez nous. Encore faudra-t-il que vous le remettiez en mode divan apr\u00e8s l\u2019avoir essay\u00e9 en version lit.<\/p>\n","protected":false},"excerpt":{"rendered":"<p>Si la d\u00e9tente repr\u00e9sente un moment de la vie auquel l\u2019\u0153il veut \u00e9galement participer, Jerry est le divan qu\u2019il vous fait pour reconna\u00eetre le confort avant m\u00eame de s\u2019y asseoir.\u00a0 &hellip; <\/p>\n","protected":false},"featured_media":27296,"template":"","meta":[],"product_brand":[],"product_cat":[126],"product_tag":[390,146,167,540],"class_list":{"0":"post-27412","1":"product","2":"type-product","3":"status-publish","4":"has-post-thumbnail","6":"product_cat-canapes-lits","7":"product_tag-sommier-option","8":"product_tag-completement-dehoussable","9":"product_tag-matelas-h17cm","10":"product_tag-configurables","12":"first","13":"instock","14":"shipping-taxable","15":"product-type-simple"},"acf":[],"yoast_head":"<!-- This site is optimized with the Yoast SEO plugin v26.2 - https:\/\/yoast.com\/wordpress\/plugins\/seo\/ -->\n<title>Canap\u00e9s-lits &#8211; Jerry &#8211; Vitarelax<\/title>\n<meta name=\"description\" content=\"Si la d\u00e9tente repr\u00e9sente un moment de la vie auquel l\u2019\u0153il veut \u00e9galement participer, Jerry est le divan qu\u2019il vous fait pour reconna\u00eetre le confort avant\" \/>\n<meta name=\"robots\" content=\"index, follow, max-snippet:-1, max-image-preview:large, max-video-preview:-1\" \/>\n<link rel=\"canonical\" href=\"https:\/\/www.vitarelax.it\/fr\/prodotto\/jerry\/\" \/>\n<meta property=\"og:locale\" content=\"fr_FR\" \/>\n<meta property=\"og:type\" content=\"article\" \/>\n<meta property=\"og:title\" content=\"Canap\u00e9s-lits &#8211; Jerry &#8211; Vitarelax\" \/>\n<meta property=\"og:description\" content=\"Si la d\u00e9tente repr\u00e9sente un moment de la vie auquel l\u2019\u0153il veut \u00e9galement participer, Jerry est le divan qu\u2019il vous fait pour reconna\u00eetre le confort avant\" \/>\n<meta property=\"og:url\" content=\"https:\/\/www.vitarelax.it\/fr\/prodotto\/jerry\/\" \/>\n<meta property=\"og:site_name\" content=\"Vitarelax\" \/>\n<meta property=\"article:publisher\" content=\"https:\/\/www.facebook.com\/vitarelaxsrl\/\" \/>\n<meta property=\"article:modified_time\" content=\"2025-10-27T16:23:14+00:00\" \/>\n<meta property=\"og:image\" content=\"https:\/\/www.vitarelax.it\/wp-content\/uploads\/2025\/01\/2025-Jerry-cover-1600x1200-1.jpg\" \/>\n\t<meta property=\"og:image:width\" content=\"1600\" \/>\n\t<meta property=\"og:image:height\" content=\"1200\" \/>\n\t<meta property=\"og:image:type\" content=\"image\/jpeg\" \/>\n<meta name=\"twitter:card\" content=\"summary_large_image\" \/>\n<meta name=\"twitter:label1\" content=\"Dur\u00e9e de lecture estim\u00e9e\" \/>\n\t<meta name=\"twitter:data1\" content=\"1 minute\" \/>\n<script type=\"application\/ld+json\" class=\"yoast-schema-graph\">{\"@context\":\"https:\/\/schema.org\",\"@graph\":[{\"@type\":\"WebPage\",\"@id\":\"https:\/\/www.vitarelax.it\/fr\/prodotto\/jerry\/\",\"url\":\"https:\/\/www.vitarelax.it\/fr\/prodotto\/jerry\/\",\"name\":\"Canap\u00e9s-lits &#8211; Jerry &#8211; Vitarelax\",\"isPartOf\":{\"@id\":\"https:\/\/www.vitarelax.it\/fr\/#website\"},\"primaryImageOfPage\":{\"@id\":\"https:\/\/www.vitarelax.it\/fr\/prodotto\/jerry\/#primaryimage\"},\"image\":{\"@id\":\"https:\/\/www.vitarelax.it\/fr\/prodotto\/jerry\/#primaryimage\"},\"thumbnailUrl\":\"https:\/\/www.vitarelax.it\/wp-content\/uploads\/2025\/01\/2025-Jerry-cover-1600x1200-1.jpg\",\"datePublished\":\"2025-02-05T11:35:06+00:00\",\"dateModified\":\"2025-10-27T16:23:14+00:00\",\"description\":\"Si la d\u00e9tente repr\u00e9sente un moment de la vie auquel l\u2019\u0153il veut \u00e9galement participer, Jerry est le divan qu\u2019il vous fait pour reconna\u00eetre le confort avant\",\"breadcrumb\":{\"@id\":\"https:\/\/www.vitarelax.it\/fr\/prodotto\/jerry\/#breadcrumb\"},\"inLanguage\":\"fr-FR\",\"potentialAction\":[{\"@type\":\"ReadAction\",\"target\":[\"https:\/\/www.vitarelax.it\/fr\/prodotto\/jerry\/\"]}]},{\"@type\":\"ImageObject\",\"inLanguage\":\"fr-FR\",\"@id\":\"https:\/\/www.vitarelax.it\/fr\/prodotto\/jerry\/#primaryimage\",\"url\":\"https:\/\/www.vitarelax.it\/wp-content\/uploads\/2025\/01\/2025-Jerry-cover-1600x1200-1.jpg\",\"contentUrl\":\"https:\/\/www.vitarelax.it\/wp-content\/uploads\/2025\/01\/2025-Jerry-cover-1600x1200-1.jpg\",\"width\":1600,\"height\":1200,\"caption\":\"Divano letto Jerry in ambientazione\"},{\"@type\":\"BreadcrumbList\",\"@id\":\"https:\/\/www.vitarelax.it\/fr\/prodotto\/jerry\/#breadcrumb\",\"itemListElement\":[{\"@type\":\"ListItem\",\"position\":1,\"name\":\"Home\",\"item\":\"https:\/\/www.vitarelax.it\/fr\/\"},{\"@type\":\"ListItem\",\"position\":2,\"name\":\"Divani &#038; Poltrone\",\"item\":\"https:\/\/www.vitarelax.it\/it\/divani-e-poltrone\/\"},{\"@type\":\"ListItem\",\"position\":3,\"name\":\"Jerry\"}]},{\"@type\":\"WebSite\",\"@id\":\"https:\/\/www.vitarelax.it\/fr\/#website\",\"url\":\"https:\/\/www.vitarelax.it\/fr\/\",\"name\":\"Vitarelax\",\"description\":\"Poltrone e Divani\",\"publisher\":{\"@id\":\"https:\/\/www.vitarelax.it\/fr\/#organization\"},\"potentialAction\":[{\"@type\":\"SearchAction\",\"target\":{\"@type\":\"EntryPoint\",\"urlTemplate\":\"https:\/\/www.vitarelax.it\/fr\/?s={search_term_string}\"},\"query-input\":{\"@type\":\"PropertyValueSpecification\",\"valueRequired\":true,\"valueName\":\"search_term_string\"}}],\"inLanguage\":\"fr-FR\"},{\"@type\":\"Organization\",\"@id\":\"https:\/\/www.vitarelax.it\/fr\/#organization\",\"name\":\"Vitarelax\",\"url\":\"https:\/\/www.vitarelax.it\/fr\/\",\"logo\":{\"@type\":\"ImageObject\",\"inLanguage\":\"fr-FR\",\"@id\":\"https:\/\/www.vitarelax.it\/fr\/#\/schema\/logo\/image\/\",\"url\":\"https:\/\/www.vitarelax.it\/wp-content\/uploads\/2017\/12\/c-logoVitarelax.png\",\"contentUrl\":\"https:\/\/www.vitarelax.it\/wp-content\/uploads\/2017\/12\/c-logoVitarelax.png\",\"width\":240,\"height\":100,\"caption\":\"Vitarelax\"},\"image\":{\"@id\":\"https:\/\/www.vitarelax.it\/fr\/#\/schema\/logo\/image\/\"},\"sameAs\":[\"https:\/\/www.facebook.com\/vitarelaxsrl\/\"]}]}<\/script>\n<!-- \/ Yoast SEO plugin. -->","yoast_head_json":{"title":"Canap\u00e9s-lits &#8211; Jerry &#8211; Vitarelax","description":"Si la d\u00e9tente repr\u00e9sente un moment de la vie auquel l\u2019\u0153il veut \u00e9galement participer, Jerry est le divan qu\u2019il vous fait pour reconna\u00eetre le confort avant","robots":{"index":"index","follow":"follow","max-snippet":"max-snippet:-1","max-image-preview":"max-image-preview:large","max-video-preview":"max-video-preview:-1"},"canonical":"https:\/\/www.vitarelax.it\/fr\/prodotto\/jerry\/","og_locale":"fr_FR","og_type":"article","og_title":"Canap\u00e9s-lits &#8211; Jerry &#8211; Vitarelax","og_description":"Si la d\u00e9tente repr\u00e9sente un moment de la vie auquel l\u2019\u0153il veut \u00e9galement participer, Jerry est le divan qu\u2019il vous fait pour reconna\u00eetre le confort avant","og_url":"https:\/\/www.vitarelax.it\/fr\/prodotto\/jerry\/","og_site_name":"Vitarelax","article_publisher":"https:\/\/www.facebook.com\/vitarelaxsrl\/","article_modified_time":"2025-10-27T16:23:14+00:00","og_image":[{"width":1600,"height":1200,"url":"https:\/\/www.vitarelax.it\/wp-content\/uploads\/2025\/01\/2025-Jerry-cover-1600x1200-1.jpg","type":"image\/jpeg"}],"twitter_card":"summary_large_image","twitter_misc":{"Dur\u00e9e de lecture estim\u00e9e":"1 minute"},"schema":{"@context":"https:\/\/schema.org","@graph":[{"@type":"WebPage","@id":"https:\/\/www.vitarelax.it\/fr\/prodotto\/jerry\/","url":"https:\/\/www.vitarelax.it\/fr\/prodotto\/jerry\/","name":"Canap\u00e9s-lits &#8211; Jerry &#8211; Vitarelax","isPartOf":{"@id":"https:\/\/www.vitarelax.it\/fr\/#website"},"primaryImageOfPage":{"@id":"https:\/\/www.vitarelax.it\/fr\/prodotto\/jerry\/#primaryimage"},"image":{"@id":"https:\/\/www.vitarelax.it\/fr\/prodotto\/jerry\/#primaryimage"},"thumbnailUrl":"https:\/\/www.vitarelax.it\/wp-content\/uploads\/2025\/01\/2025-Jerry-cover-1600x1200-1.jpg","datePublished":"2025-02-05T11:35:06+00:00","dateModified":"2025-10-27T16:23:14+00:00","description":"Si la d\u00e9tente repr\u00e9sente un moment de la vie auquel l\u2019\u0153il veut \u00e9galement participer, Jerry est le divan qu\u2019il vous fait pour reconna\u00eetre le confort avant","breadcrumb":{"@id":"https:\/\/www.vitarelax.it\/fr\/prodotto\/jerry\/#breadcrumb"},"inLanguage":"fr-FR","potentialAction":[{"@type":"ReadAction","target":["https:\/\/www.vitarelax.it\/fr\/prodotto\/jerry\/"]}]},{"@type":"ImageObject","inLanguage":"fr-FR","@id":"https:\/\/www.vitarelax.it\/fr\/prodotto\/jerry\/#primaryimage","url":"https:\/\/www.vitarelax.it\/wp-content\/uploads\/2025\/01\/2025-Jerry-cover-1600x1200-1.jpg","contentUrl":"https:\/\/www.vitarelax.it\/wp-content\/uploads\/2025\/01\/2025-Jerry-cover-1600x1200-1.jpg","width":1600,"height":1200,"caption":"Divano letto Jerry in ambientazione"},{"@type":"BreadcrumbList","@id":"https:\/\/www.vitarelax.it\/fr\/prodotto\/jerry\/#breadcrumb","itemListElement":[{"@type":"ListItem","position":1,"name":"Home","item":"https:\/\/www.vitarelax.it\/fr\/"},{"@type":"ListItem","position":2,"name":"Divani &#038; Poltrone","item":"https:\/\/www.vitarelax.it\/it\/divani-e-poltrone\/"},{"@type":"ListItem","position":3,"name":"Jerry"}]},{"@type":"WebSite","@id":"https:\/\/www.vitarelax.it\/fr\/#website","url":"https:\/\/www.vitarelax.it\/fr\/","name":"Vitarelax","description":"Poltrone e Divani","publisher":{"@id":"https:\/\/www.vitarelax.it\/fr\/#organization"},"potentialAction":[{"@type":"SearchAction","target":{"@type":"EntryPoint","urlTemplate":"https:\/\/www.vitarelax.it\/fr\/?s={search_term_string}"},"query-input":{"@type":"PropertyValueSpecification","valueRequired":true,"valueName":"search_term_string"}}],"inLanguage":"fr-FR"},{"@type":"Organization","@id":"https:\/\/www.vitarelax.it\/fr\/#organization","name":"Vitarelax","url":"https:\/\/www.vitarelax.it\/fr\/","logo":{"@type":"ImageObject","inLanguage":"fr-FR","@id":"https:\/\/www.vitarelax.it\/fr\/#\/schema\/logo\/image\/","url":"https:\/\/www.vitarelax.it\/wp-content\/uploads\/2017\/12\/c-logoVitarelax.png","contentUrl":"https:\/\/www.vitarelax.it\/wp-content\/uploads\/2017\/12\/c-logoVitarelax.png","width":240,"height":100,"caption":"Vitarelax"},"image":{"@id":"https:\/\/www.vitarelax.it\/fr\/#\/schema\/logo\/image\/"},"sameAs":["https:\/\/www.facebook.com\/vitarelaxsrl\/"]}]}},"_links":{"self":[{"href":"https:\/\/www.vitarelax.it\/fr\/wp-json\/wp\/v2\/product\/27412","targetHints":{"allow":["GET"]}}],"collection":[{"href":"https:\/\/www.vitarelax.it\/fr\/wp-json\/wp\/v2\/product"}],"about":[{"href":"https:\/\/www.vitarelax.it\/fr\/wp-json\/wp\/v2\/types\/product"}],"wp:featuredmedia":[{"embeddable":true,"href":"https:\/\/www.vitarelax.it\/fr\/wp-json\/wp\/v2\/media\/27296"}],"wp:attachment":[{"href":"https:\/\/www.vitarelax.it\/fr\/wp-json\/wp\/v2\/media?parent=27412"}],"wp:term":[{"taxonomy":"product_brand","embeddable":true,"href":"https:\/\/www.vitarelax.it\/fr\/wp-json\/wp\/v2\/product_brand?post=27412"},{"taxonomy":"product_cat","embeddable":true,"href":"https:\/\/www.vitarelax.it\/fr\/wp-json\/wp\/v2\/product_cat?post=27412"},{"taxonomy":"product_tag","embeddable":true,"href":"https:\/\/www.vitarelax.it\/fr\/wp-json\/wp\/v2\/product_tag?post=27412"}],"curies":[{"name":"wp","href":"https:\/\/api.w.org\/{rel}","templated":true}]}}