{"id":27411,"date":"2025-01-30T12:29:19","date_gmt":"2025-01-30T11:29:19","guid":{"rendered":"https:\/\/www.vitarelax.it\/?post_type=product&#038;p=27411"},"modified":"2025-09-09T15:40:32","modified_gmt":"2025-09-09T13:40:32","slug":"aker","status":"publish","type":"product","link":"https:\/\/www.vitarelax.it\/fr\/prodotto\/aker\/","title":{"rendered":"Aker"},"content":{"rendered":"<p>Repousser les limites de la d\u00e9tente en retrouvant la clef secr\u00e8te d\u2019un confort qui n\u2019oublie pas le bon go\u00fbt. Avec ses coutures \u00e0 vue sur les accoudoirs, la douceur du si\u00e8ge et du dossier et ses angles marqu\u00e9s, AKER est con\u00e7u pour mettre chacun dans les conditions requises pour se sentir vraiment chez soi.<\/p>\n","protected":false},"excerpt":{"rendered":"<p>Repousser les limites de la d\u00e9tente en retrouvant la clef secr\u00e8te d\u2019un confort qui n\u2019oublie pas le bon go\u00fbt. Avec ses coutures \u00e0 vue sur les accoudoirs, la douceur du &hellip; <\/p>\n","protected":false},"featured_media":27330,"template":"","meta":[],"product_brand":[],"product_cat":[126],"product_tag":[164,390,146,156,167,540],"class_list":{"0":"post-27411","1":"product","2":"type-product","3":"status-publish","4":"has-post-thumbnail","6":"product_cat-canapes-lits","7":"product_tag-kit-roller-option","8":"product_tag-sommier-option","9":"product_tag-completement-dehoussable","10":"product_tag-extra-confort","11":"product_tag-matelas-h17cm","12":"product_tag-configurables","14":"first","15":"instock","16":"shipping-taxable","17":"product-type-simple"},"acf":[],"yoast_head":"<!-- This site is optimized with the Yoast SEO plugin v26.2 - https:\/\/yoast.com\/wordpress\/plugins\/seo\/ -->\n<title>Canap\u00e9s-lits &#8211; Aker &#8211; Vitarelax<\/title>\n<meta name=\"description\" content=\"Repousser les limites de la d\u00e9tente en retrouvant la clef secr\u00e8te d\u2019un confort qui n\u2019oublie pas le bon go\u00fbt. Avec ses coutures \u00e0 vue sur les accoudoirs,\" \/>\n<meta name=\"robots\" content=\"index, follow, max-snippet:-1, max-image-preview:large, max-video-preview:-1\" \/>\n<link rel=\"canonical\" href=\"https:\/\/www.vitarelax.it\/fr\/prodotto\/aker\/\" \/>\n<meta property=\"og:locale\" content=\"fr_FR\" \/>\n<meta property=\"og:type\" content=\"article\" \/>\n<meta property=\"og:title\" content=\"Canap\u00e9s-lits &#8211; Aker &#8211; Vitarelax\" \/>\n<meta property=\"og:description\" content=\"Repousser les limites de la d\u00e9tente en retrouvant la clef secr\u00e8te d\u2019un confort qui n\u2019oublie pas le bon go\u00fbt. Avec ses coutures \u00e0 vue sur les accoudoirs,\" \/>\n<meta property=\"og:url\" content=\"https:\/\/www.vitarelax.it\/fr\/prodotto\/aker\/\" \/>\n<meta property=\"og:site_name\" content=\"Vitarelax\" \/>\n<meta property=\"article:publisher\" content=\"https:\/\/www.facebook.com\/vitarelaxsrl\/\" \/>\n<meta property=\"article:modified_time\" content=\"2025-09-09T13:40:32+00:00\" \/>\n<meta property=\"og:image\" content=\"https:\/\/www.vitarelax.it\/wp-content\/uploads\/2025\/01\/2025-Aker-prodotto-1120x840-1.jpg\" \/>\n\t<meta property=\"og:image:width\" content=\"1120\" \/>\n\t<meta property=\"og:image:height\" content=\"840\" \/>\n\t<meta property=\"og:image:type\" content=\"image\/jpeg\" \/>\n<meta name=\"twitter:card\" content=\"summary_large_image\" \/>\n<meta name=\"twitter:label1\" content=\"Dur\u00e9e de lecture estim\u00e9e\" \/>\n\t<meta name=\"twitter:data1\" content=\"1 minute\" \/>\n<script type=\"application\/ld+json\" class=\"yoast-schema-graph\">{\"@context\":\"https:\/\/schema.org\",\"@graph\":[{\"@type\":\"WebPage\",\"@id\":\"https:\/\/www.vitarelax.it\/fr\/prodotto\/aker\/\",\"url\":\"https:\/\/www.vitarelax.it\/fr\/prodotto\/aker\/\",\"name\":\"Canap\u00e9s-lits &#8211; Aker &#8211; Vitarelax\",\"isPartOf\":{\"@id\":\"https:\/\/www.vitarelax.it\/fr\/#website\"},\"primaryImageOfPage\":{\"@id\":\"https:\/\/www.vitarelax.it\/fr\/prodotto\/aker\/#primaryimage\"},\"image\":{\"@id\":\"https:\/\/www.vitarelax.it\/fr\/prodotto\/aker\/#primaryimage\"},\"thumbnailUrl\":\"https:\/\/www.vitarelax.it\/wp-content\/uploads\/2025\/01\/2025-Aker-prodotto-1120x840-1.jpg\",\"datePublished\":\"2025-01-30T11:29:19+00:00\",\"dateModified\":\"2025-09-09T13:40:32+00:00\",\"description\":\"Repousser les limites de la d\u00e9tente en retrouvant la clef secr\u00e8te d\u2019un confort qui n\u2019oublie pas le bon go\u00fbt. Avec ses coutures \u00e0 vue sur les accoudoirs,\",\"breadcrumb\":{\"@id\":\"https:\/\/www.vitarelax.it\/fr\/prodotto\/aker\/#breadcrumb\"},\"inLanguage\":\"fr-FR\",\"potentialAction\":[{\"@type\":\"ReadAction\",\"target\":[\"https:\/\/www.vitarelax.it\/fr\/prodotto\/aker\/\"]}]},{\"@type\":\"ImageObject\",\"inLanguage\":\"fr-FR\",\"@id\":\"https:\/\/www.vitarelax.it\/fr\/prodotto\/aker\/#primaryimage\",\"url\":\"https:\/\/www.vitarelax.it\/wp-content\/uploads\/2025\/01\/2025-Aker-prodotto-1120x840-1.jpg\",\"contentUrl\":\"https:\/\/www.vitarelax.it\/wp-content\/uploads\/2025\/01\/2025-Aker-prodotto-1120x840-1.jpg\",\"width\":1120,\"height\":840,\"caption\":\"Divano letto aker con sfondo\"},{\"@type\":\"BreadcrumbList\",\"@id\":\"https:\/\/www.vitarelax.it\/fr\/prodotto\/aker\/#breadcrumb\",\"itemListElement\":[{\"@type\":\"ListItem\",\"position\":1,\"name\":\"Home\",\"item\":\"https:\/\/www.vitarelax.it\/fr\/\"},{\"@type\":\"ListItem\",\"position\":2,\"name\":\"Divani &#038; Poltrone\",\"item\":\"https:\/\/www.vitarelax.it\/it\/divani-e-poltrone\/\"},{\"@type\":\"ListItem\",\"position\":3,\"name\":\"Aker\"}]},{\"@type\":\"WebSite\",\"@id\":\"https:\/\/www.vitarelax.it\/fr\/#website\",\"url\":\"https:\/\/www.vitarelax.it\/fr\/\",\"name\":\"Vitarelax\",\"description\":\"Poltrone e Divani\",\"publisher\":{\"@id\":\"https:\/\/www.vitarelax.it\/fr\/#organization\"},\"potentialAction\":[{\"@type\":\"SearchAction\",\"target\":{\"@type\":\"EntryPoint\",\"urlTemplate\":\"https:\/\/www.vitarelax.it\/fr\/?s={search_term_string}\"},\"query-input\":{\"@type\":\"PropertyValueSpecification\",\"valueRequired\":true,\"valueName\":\"search_term_string\"}}],\"inLanguage\":\"fr-FR\"},{\"@type\":\"Organization\",\"@id\":\"https:\/\/www.vitarelax.it\/fr\/#organization\",\"name\":\"Vitarelax\",\"url\":\"https:\/\/www.vitarelax.it\/fr\/\",\"logo\":{\"@type\":\"ImageObject\",\"inLanguage\":\"fr-FR\",\"@id\":\"https:\/\/www.vitarelax.it\/fr\/#\/schema\/logo\/image\/\",\"url\":\"https:\/\/www.vitarelax.it\/wp-content\/uploads\/2017\/12\/c-logoVitarelax.png\",\"contentUrl\":\"https:\/\/www.vitarelax.it\/wp-content\/uploads\/2017\/12\/c-logoVitarelax.png\",\"width\":240,\"height\":100,\"caption\":\"Vitarelax\"},\"image\":{\"@id\":\"https:\/\/www.vitarelax.it\/fr\/#\/schema\/logo\/image\/\"},\"sameAs\":[\"https:\/\/www.facebook.com\/vitarelaxsrl\/\"]}]}<\/script>\n<!-- \/ Yoast SEO plugin. -->","yoast_head_json":{"title":"Canap\u00e9s-lits &#8211; Aker &#8211; Vitarelax","description":"Repousser les limites de la d\u00e9tente en retrouvant la clef secr\u00e8te d\u2019un confort qui n\u2019oublie pas le bon go\u00fbt. Avec ses coutures \u00e0 vue sur les accoudoirs,","robots":{"index":"index","follow":"follow","max-snippet":"max-snippet:-1","max-image-preview":"max-image-preview:large","max-video-preview":"max-video-preview:-1"},"canonical":"https:\/\/www.vitarelax.it\/fr\/prodotto\/aker\/","og_locale":"fr_FR","og_type":"article","og_title":"Canap\u00e9s-lits &#8211; Aker &#8211; Vitarelax","og_description":"Repousser les limites de la d\u00e9tente en retrouvant la clef secr\u00e8te d\u2019un confort qui n\u2019oublie pas le bon go\u00fbt. Avec ses coutures \u00e0 vue sur les accoudoirs,","og_url":"https:\/\/www.vitarelax.it\/fr\/prodotto\/aker\/","og_site_name":"Vitarelax","article_publisher":"https:\/\/www.facebook.com\/vitarelaxsrl\/","article_modified_time":"2025-09-09T13:40:32+00:00","og_image":[{"width":1120,"height":840,"url":"https:\/\/www.vitarelax.it\/wp-content\/uploads\/2025\/01\/2025-Aker-prodotto-1120x840-1.jpg","type":"image\/jpeg"}],"twitter_card":"summary_large_image","twitter_misc":{"Dur\u00e9e de lecture estim\u00e9e":"1 minute"},"schema":{"@context":"https:\/\/schema.org","@graph":[{"@type":"WebPage","@id":"https:\/\/www.vitarelax.it\/fr\/prodotto\/aker\/","url":"https:\/\/www.vitarelax.it\/fr\/prodotto\/aker\/","name":"Canap\u00e9s-lits &#8211; Aker &#8211; Vitarelax","isPartOf":{"@id":"https:\/\/www.vitarelax.it\/fr\/#website"},"primaryImageOfPage":{"@id":"https:\/\/www.vitarelax.it\/fr\/prodotto\/aker\/#primaryimage"},"image":{"@id":"https:\/\/www.vitarelax.it\/fr\/prodotto\/aker\/#primaryimage"},"thumbnailUrl":"https:\/\/www.vitarelax.it\/wp-content\/uploads\/2025\/01\/2025-Aker-prodotto-1120x840-1.jpg","datePublished":"2025-01-30T11:29:19+00:00","dateModified":"2025-09-09T13:40:32+00:00","description":"Repousser les limites de la d\u00e9tente en retrouvant la clef secr\u00e8te d\u2019un confort qui n\u2019oublie pas le bon go\u00fbt. Avec ses coutures \u00e0 vue sur les accoudoirs,","breadcrumb":{"@id":"https:\/\/www.vitarelax.it\/fr\/prodotto\/aker\/#breadcrumb"},"inLanguage":"fr-FR","potentialAction":[{"@type":"ReadAction","target":["https:\/\/www.vitarelax.it\/fr\/prodotto\/aker\/"]}]},{"@type":"ImageObject","inLanguage":"fr-FR","@id":"https:\/\/www.vitarelax.it\/fr\/prodotto\/aker\/#primaryimage","url":"https:\/\/www.vitarelax.it\/wp-content\/uploads\/2025\/01\/2025-Aker-prodotto-1120x840-1.jpg","contentUrl":"https:\/\/www.vitarelax.it\/wp-content\/uploads\/2025\/01\/2025-Aker-prodotto-1120x840-1.jpg","width":1120,"height":840,"caption":"Divano letto aker con sfondo"},{"@type":"BreadcrumbList","@id":"https:\/\/www.vitarelax.it\/fr\/prodotto\/aker\/#breadcrumb","itemListElement":[{"@type":"ListItem","position":1,"name":"Home","item":"https:\/\/www.vitarelax.it\/fr\/"},{"@type":"ListItem","position":2,"name":"Divani &#038; Poltrone","item":"https:\/\/www.vitarelax.it\/it\/divani-e-poltrone\/"},{"@type":"ListItem","position":3,"name":"Aker"}]},{"@type":"WebSite","@id":"https:\/\/www.vitarelax.it\/fr\/#website","url":"https:\/\/www.vitarelax.it\/fr\/","name":"Vitarelax","description":"Poltrone e Divani","publisher":{"@id":"https:\/\/www.vitarelax.it\/fr\/#organization"},"potentialAction":[{"@type":"SearchAction","target":{"@type":"EntryPoint","urlTemplate":"https:\/\/www.vitarelax.it\/fr\/?s={search_term_string}"},"query-input":{"@type":"PropertyValueSpecification","valueRequired":true,"valueName":"search_term_string"}}],"inLanguage":"fr-FR"},{"@type":"Organization","@id":"https:\/\/www.vitarelax.it\/fr\/#organization","name":"Vitarelax","url":"https:\/\/www.vitarelax.it\/fr\/","logo":{"@type":"ImageObject","inLanguage":"fr-FR","@id":"https:\/\/www.vitarelax.it\/fr\/#\/schema\/logo\/image\/","url":"https:\/\/www.vitarelax.it\/wp-content\/uploads\/2017\/12\/c-logoVitarelax.png","contentUrl":"https:\/\/www.vitarelax.it\/wp-content\/uploads\/2017\/12\/c-logoVitarelax.png","width":240,"height":100,"caption":"Vitarelax"},"image":{"@id":"https:\/\/www.vitarelax.it\/fr\/#\/schema\/logo\/image\/"},"sameAs":["https:\/\/www.facebook.com\/vitarelaxsrl\/"]}]}},"_links":{"self":[{"href":"https:\/\/www.vitarelax.it\/fr\/wp-json\/wp\/v2\/product\/27411","targetHints":{"allow":["GET"]}}],"collection":[{"href":"https:\/\/www.vitarelax.it\/fr\/wp-json\/wp\/v2\/product"}],"about":[{"href":"https:\/\/www.vitarelax.it\/fr\/wp-json\/wp\/v2\/types\/product"}],"wp:featuredmedia":[{"embeddable":true,"href":"https:\/\/www.vitarelax.it\/fr\/wp-json\/wp\/v2\/media\/27330"}],"wp:attachment":[{"href":"https:\/\/www.vitarelax.it\/fr\/wp-json\/wp\/v2\/media?parent=27411"}],"wp:term":[{"taxonomy":"product_brand","embeddable":true,"href":"https:\/\/www.vitarelax.it\/fr\/wp-json\/wp\/v2\/product_brand?post=27411"},{"taxonomy":"product_cat","embeddable":true,"href":"https:\/\/www.vitarelax.it\/fr\/wp-json\/wp\/v2\/product_cat?post=27411"},{"taxonomy":"product_tag","embeddable":true,"href":"https:\/\/www.vitarelax.it\/fr\/wp-json\/wp\/v2\/product_tag?post=27411"}],"curies":[{"name":"wp","href":"https:\/\/api.w.org\/{rel}","templated":true}]}}