{"id":27410,"date":"2025-01-30T12:35:29","date_gmt":"2025-01-30T11:35:29","guid":{"rendered":"https:\/\/www.vitarelax.it\/?post_type=product&#038;p=27410"},"modified":"2025-09-09T15:44:02","modified_gmt":"2025-09-09T13:44:02","slug":"william","status":"publish","type":"product","link":"https:\/\/www.vitarelax.it\/fr\/prodotto\/william\/","title":{"rendered":"William"},"content":{"rendered":"<p>\u00c9l\u00e9gant, solide et spacieux, William transforme le confort en un luxe quotidien qui peut devenir un plus \u00e0 chaque moment de d\u00e9tente. L\u2019espace qu\u2019il offre lorsqu\u2019il est compl\u00e8tement ouvert devient une \u00eele en mesure de transporter toute la famille dans une dimension de bien-\u00eatre illimit\u00e9. Une touche d\u2019\u00e9l\u00e9gance qui fait de votre salon un royaume tout \u00e0 vous.\u00a0 De plus, nettoyer sous le divan est plus facile avec les pieds de rehaussement de 10 cm.<\/p>\n","protected":false},"excerpt":{"rendered":"<p>\u00c9l\u00e9gant, solide et spacieux, William transforme le confort en un luxe quotidien qui peut devenir un plus \u00e0 chaque moment de d\u00e9tente. L\u2019espace qu\u2019il offre lorsqu\u2019il est compl\u00e8tement ouvert devient &hellip; <\/p>\n","protected":false},"featured_media":27319,"template":"","meta":[],"product_brand":[],"product_cat":[126],"product_tag":[144,146,540],"class_list":{"0":"post-27410","1":"product","2":"type-product","3":"status-publish","4":"has-post-thumbnail","6":"product_cat-canapes-lits","7":"product_tag-accoudoirs-personnalisables","8":"product_tag-completement-dehoussable","9":"product_tag-configurables","11":"first","12":"instock","13":"shipping-taxable","14":"product-type-simple"},"acf":[],"yoast_head":"<!-- This site is optimized with the Yoast SEO plugin v26.2 - https:\/\/yoast.com\/wordpress\/plugins\/seo\/ -->\n<title>Canap\u00e9s-lits &#8211; William &#8211; Vitarelax<\/title>\n<meta name=\"description\" content=\"\u00c9l\u00e9gant, solide et spacieux, William transforme le confort en un luxe quotidien qui peut devenir un plus \u00e0 chaque moment de d\u00e9tente. L\u2019espace qu\u2019il offre\" \/>\n<meta name=\"robots\" content=\"index, follow, max-snippet:-1, max-image-preview:large, max-video-preview:-1\" \/>\n<link rel=\"canonical\" href=\"https:\/\/www.vitarelax.it\/fr\/prodotto\/william\/\" \/>\n<meta property=\"og:locale\" content=\"fr_FR\" \/>\n<meta property=\"og:type\" content=\"article\" \/>\n<meta property=\"og:title\" content=\"Canap\u00e9s-lits &#8211; William &#8211; Vitarelax\" \/>\n<meta property=\"og:description\" content=\"\u00c9l\u00e9gant, solide et spacieux, William transforme le confort en un luxe quotidien qui peut devenir un plus \u00e0 chaque moment de d\u00e9tente. L\u2019espace qu\u2019il offre\" \/>\n<meta property=\"og:url\" content=\"https:\/\/www.vitarelax.it\/fr\/prodotto\/william\/\" \/>\n<meta property=\"og:site_name\" content=\"Vitarelax\" \/>\n<meta property=\"article:publisher\" content=\"https:\/\/www.facebook.com\/vitarelaxsrl\/\" \/>\n<meta property=\"article:modified_time\" content=\"2025-09-09T13:44:02+00:00\" \/>\n<meta property=\"og:image\" content=\"https:\/\/www.vitarelax.it\/wp-content\/uploads\/2025\/01\/2025-William-prodotto-1120x840-1.jpg\" \/>\n\t<meta property=\"og:image:width\" content=\"1120\" \/>\n\t<meta property=\"og:image:height\" content=\"840\" \/>\n\t<meta property=\"og:image:type\" content=\"image\/jpeg\" \/>\n<meta name=\"twitter:card\" content=\"summary_large_image\" \/>\n<meta name=\"twitter:label1\" content=\"Dur\u00e9e de lecture estim\u00e9e\" \/>\n\t<meta name=\"twitter:data1\" content=\"2 minutes\" \/>\n<script type=\"application\/ld+json\" class=\"yoast-schema-graph\">{\"@context\":\"https:\/\/schema.org\",\"@graph\":[{\"@type\":\"WebPage\",\"@id\":\"https:\/\/www.vitarelax.it\/fr\/prodotto\/william\/\",\"url\":\"https:\/\/www.vitarelax.it\/fr\/prodotto\/william\/\",\"name\":\"Canap\u00e9s-lits &#8211; William &#8211; Vitarelax\",\"isPartOf\":{\"@id\":\"https:\/\/www.vitarelax.it\/fr\/#website\"},\"primaryImageOfPage\":{\"@id\":\"https:\/\/www.vitarelax.it\/fr\/prodotto\/william\/#primaryimage\"},\"image\":{\"@id\":\"https:\/\/www.vitarelax.it\/fr\/prodotto\/william\/#primaryimage\"},\"thumbnailUrl\":\"https:\/\/www.vitarelax.it\/wp-content\/uploads\/2025\/01\/2025-William-prodotto-1120x840-1.jpg\",\"datePublished\":\"2025-01-30T11:35:29+00:00\",\"dateModified\":\"2025-09-09T13:44:02+00:00\",\"description\":\"\u00c9l\u00e9gant, solide et spacieux, William transforme le confort en un luxe quotidien qui peut devenir un plus \u00e0 chaque moment de d\u00e9tente. L\u2019espace qu\u2019il offre\",\"breadcrumb\":{\"@id\":\"https:\/\/www.vitarelax.it\/fr\/prodotto\/william\/#breadcrumb\"},\"inLanguage\":\"fr-FR\",\"potentialAction\":[{\"@type\":\"ReadAction\",\"target\":[\"https:\/\/www.vitarelax.it\/fr\/prodotto\/william\/\"]}]},{\"@type\":\"ImageObject\",\"inLanguage\":\"fr-FR\",\"@id\":\"https:\/\/www.vitarelax.it\/fr\/prodotto\/william\/#primaryimage\",\"url\":\"https:\/\/www.vitarelax.it\/wp-content\/uploads\/2025\/01\/2025-William-prodotto-1120x840-1.jpg\",\"contentUrl\":\"https:\/\/www.vitarelax.it\/wp-content\/uploads\/2025\/01\/2025-William-prodotto-1120x840-1.jpg\",\"width\":1120,\"height\":840,\"caption\":\"Divano letto william con sfondo\"},{\"@type\":\"BreadcrumbList\",\"@id\":\"https:\/\/www.vitarelax.it\/fr\/prodotto\/william\/#breadcrumb\",\"itemListElement\":[{\"@type\":\"ListItem\",\"position\":1,\"name\":\"Home\",\"item\":\"https:\/\/www.vitarelax.it\/fr\/\"},{\"@type\":\"ListItem\",\"position\":2,\"name\":\"Divani &#038; Poltrone\",\"item\":\"https:\/\/www.vitarelax.it\/it\/divani-e-poltrone\/\"},{\"@type\":\"ListItem\",\"position\":3,\"name\":\"William\"}]},{\"@type\":\"WebSite\",\"@id\":\"https:\/\/www.vitarelax.it\/fr\/#website\",\"url\":\"https:\/\/www.vitarelax.it\/fr\/\",\"name\":\"Vitarelax\",\"description\":\"Poltrone e Divani\",\"publisher\":{\"@id\":\"https:\/\/www.vitarelax.it\/fr\/#organization\"},\"potentialAction\":[{\"@type\":\"SearchAction\",\"target\":{\"@type\":\"EntryPoint\",\"urlTemplate\":\"https:\/\/www.vitarelax.it\/fr\/?s={search_term_string}\"},\"query-input\":{\"@type\":\"PropertyValueSpecification\",\"valueRequired\":true,\"valueName\":\"search_term_string\"}}],\"inLanguage\":\"fr-FR\"},{\"@type\":\"Organization\",\"@id\":\"https:\/\/www.vitarelax.it\/fr\/#organization\",\"name\":\"Vitarelax\",\"url\":\"https:\/\/www.vitarelax.it\/fr\/\",\"logo\":{\"@type\":\"ImageObject\",\"inLanguage\":\"fr-FR\",\"@id\":\"https:\/\/www.vitarelax.it\/fr\/#\/schema\/logo\/image\/\",\"url\":\"https:\/\/www.vitarelax.it\/wp-content\/uploads\/2017\/12\/c-logoVitarelax.png\",\"contentUrl\":\"https:\/\/www.vitarelax.it\/wp-content\/uploads\/2017\/12\/c-logoVitarelax.png\",\"width\":240,\"height\":100,\"caption\":\"Vitarelax\"},\"image\":{\"@id\":\"https:\/\/www.vitarelax.it\/fr\/#\/schema\/logo\/image\/\"},\"sameAs\":[\"https:\/\/www.facebook.com\/vitarelaxsrl\/\"]}]}<\/script>\n<!-- \/ Yoast SEO plugin. -->","yoast_head_json":{"title":"Canap\u00e9s-lits &#8211; William &#8211; Vitarelax","description":"\u00c9l\u00e9gant, solide et spacieux, William transforme le confort en un luxe quotidien qui peut devenir un plus \u00e0 chaque moment de d\u00e9tente. L\u2019espace qu\u2019il offre","robots":{"index":"index","follow":"follow","max-snippet":"max-snippet:-1","max-image-preview":"max-image-preview:large","max-video-preview":"max-video-preview:-1"},"canonical":"https:\/\/www.vitarelax.it\/fr\/prodotto\/william\/","og_locale":"fr_FR","og_type":"article","og_title":"Canap\u00e9s-lits &#8211; William &#8211; Vitarelax","og_description":"\u00c9l\u00e9gant, solide et spacieux, William transforme le confort en un luxe quotidien qui peut devenir un plus \u00e0 chaque moment de d\u00e9tente. L\u2019espace qu\u2019il offre","og_url":"https:\/\/www.vitarelax.it\/fr\/prodotto\/william\/","og_site_name":"Vitarelax","article_publisher":"https:\/\/www.facebook.com\/vitarelaxsrl\/","article_modified_time":"2025-09-09T13:44:02+00:00","og_image":[{"width":1120,"height":840,"url":"https:\/\/www.vitarelax.it\/wp-content\/uploads\/2025\/01\/2025-William-prodotto-1120x840-1.jpg","type":"image\/jpeg"}],"twitter_card":"summary_large_image","twitter_misc":{"Dur\u00e9e de lecture estim\u00e9e":"2 minutes"},"schema":{"@context":"https:\/\/schema.org","@graph":[{"@type":"WebPage","@id":"https:\/\/www.vitarelax.it\/fr\/prodotto\/william\/","url":"https:\/\/www.vitarelax.it\/fr\/prodotto\/william\/","name":"Canap\u00e9s-lits &#8211; William &#8211; Vitarelax","isPartOf":{"@id":"https:\/\/www.vitarelax.it\/fr\/#website"},"primaryImageOfPage":{"@id":"https:\/\/www.vitarelax.it\/fr\/prodotto\/william\/#primaryimage"},"image":{"@id":"https:\/\/www.vitarelax.it\/fr\/prodotto\/william\/#primaryimage"},"thumbnailUrl":"https:\/\/www.vitarelax.it\/wp-content\/uploads\/2025\/01\/2025-William-prodotto-1120x840-1.jpg","datePublished":"2025-01-30T11:35:29+00:00","dateModified":"2025-09-09T13:44:02+00:00","description":"\u00c9l\u00e9gant, solide et spacieux, William transforme le confort en un luxe quotidien qui peut devenir un plus \u00e0 chaque moment de d\u00e9tente. L\u2019espace qu\u2019il offre","breadcrumb":{"@id":"https:\/\/www.vitarelax.it\/fr\/prodotto\/william\/#breadcrumb"},"inLanguage":"fr-FR","potentialAction":[{"@type":"ReadAction","target":["https:\/\/www.vitarelax.it\/fr\/prodotto\/william\/"]}]},{"@type":"ImageObject","inLanguage":"fr-FR","@id":"https:\/\/www.vitarelax.it\/fr\/prodotto\/william\/#primaryimage","url":"https:\/\/www.vitarelax.it\/wp-content\/uploads\/2025\/01\/2025-William-prodotto-1120x840-1.jpg","contentUrl":"https:\/\/www.vitarelax.it\/wp-content\/uploads\/2025\/01\/2025-William-prodotto-1120x840-1.jpg","width":1120,"height":840,"caption":"Divano letto william con sfondo"},{"@type":"BreadcrumbList","@id":"https:\/\/www.vitarelax.it\/fr\/prodotto\/william\/#breadcrumb","itemListElement":[{"@type":"ListItem","position":1,"name":"Home","item":"https:\/\/www.vitarelax.it\/fr\/"},{"@type":"ListItem","position":2,"name":"Divani &#038; Poltrone","item":"https:\/\/www.vitarelax.it\/it\/divani-e-poltrone\/"},{"@type":"ListItem","position":3,"name":"William"}]},{"@type":"WebSite","@id":"https:\/\/www.vitarelax.it\/fr\/#website","url":"https:\/\/www.vitarelax.it\/fr\/","name":"Vitarelax","description":"Poltrone e Divani","publisher":{"@id":"https:\/\/www.vitarelax.it\/fr\/#organization"},"potentialAction":[{"@type":"SearchAction","target":{"@type":"EntryPoint","urlTemplate":"https:\/\/www.vitarelax.it\/fr\/?s={search_term_string}"},"query-input":{"@type":"PropertyValueSpecification","valueRequired":true,"valueName":"search_term_string"}}],"inLanguage":"fr-FR"},{"@type":"Organization","@id":"https:\/\/www.vitarelax.it\/fr\/#organization","name":"Vitarelax","url":"https:\/\/www.vitarelax.it\/fr\/","logo":{"@type":"ImageObject","inLanguage":"fr-FR","@id":"https:\/\/www.vitarelax.it\/fr\/#\/schema\/logo\/image\/","url":"https:\/\/www.vitarelax.it\/wp-content\/uploads\/2017\/12\/c-logoVitarelax.png","contentUrl":"https:\/\/www.vitarelax.it\/wp-content\/uploads\/2017\/12\/c-logoVitarelax.png","width":240,"height":100,"caption":"Vitarelax"},"image":{"@id":"https:\/\/www.vitarelax.it\/fr\/#\/schema\/logo\/image\/"},"sameAs":["https:\/\/www.facebook.com\/vitarelaxsrl\/"]}]}},"_links":{"self":[{"href":"https:\/\/www.vitarelax.it\/fr\/wp-json\/wp\/v2\/product\/27410","targetHints":{"allow":["GET"]}}],"collection":[{"href":"https:\/\/www.vitarelax.it\/fr\/wp-json\/wp\/v2\/product"}],"about":[{"href":"https:\/\/www.vitarelax.it\/fr\/wp-json\/wp\/v2\/types\/product"}],"wp:featuredmedia":[{"embeddable":true,"href":"https:\/\/www.vitarelax.it\/fr\/wp-json\/wp\/v2\/media\/27319"}],"wp:attachment":[{"href":"https:\/\/www.vitarelax.it\/fr\/wp-json\/wp\/v2\/media?parent=27410"}],"wp:term":[{"taxonomy":"product_brand","embeddable":true,"href":"https:\/\/www.vitarelax.it\/fr\/wp-json\/wp\/v2\/product_brand?post=27410"},{"taxonomy":"product_cat","embeddable":true,"href":"https:\/\/www.vitarelax.it\/fr\/wp-json\/wp\/v2\/product_cat?post=27410"},{"taxonomy":"product_tag","embeddable":true,"href":"https:\/\/www.vitarelax.it\/fr\/wp-json\/wp\/v2\/product_tag?post=27410"}],"curies":[{"name":"wp","href":"https:\/\/api.w.org\/{rel}","templated":true}]}}