{"id":26949,"date":"2024-09-20T10:53:35","date_gmt":"2024-09-20T08:53:35","guid":{"rendered":"https:\/\/www.vitarelax.it\/?post_type=product&#038;p=26949"},"modified":"2025-02-11T11:51:07","modified_gmt":"2025-02-11T10:51:07","slug":"flipper","status":"publish","type":"product","link":"https:\/\/www.vitarelax.it\/fr\/prodotto\/flipper\/","title":{"rendered":"Flipper"},"content":{"rendered":"<p><strong>Doux et compact<\/strong>, son essentialit\u00e9 est pleine de personnalit\u00e9, et son confort est fait de structure et de polyvalence. Pour une plus grande d\u00e9tente, m\u00eame si l&rsquo;espace est restreint.<\/p>\n<p>&nbsp;<\/p>\n<p>Flipper, c\u2019est le canap\u00e9-lit qui offre des lignes douces et pleines avec un minimum d&rsquo;encombrement, alliant essentialit\u00e9 et style contemporain, dans un mod\u00e8le \u00e0 la personnalit\u00e9 discr\u00e8te mais percutante.<\/p>\n<p>&nbsp;<\/p>\n<p>Sa compacit\u00e9 est une promesse de confort maintenue jour et nuit. <strong>Une invitation \u00e0 passer le temps d\u00e9di\u00e9 \u00e0 notre confort<\/strong>, o\u00f9 d\u00e9tente, de mot, devient substance.<br \/>\nApr\u00e8s de toutes les courses contre la montre, Flipper nous attend pour devenir ce que nous d\u00e9sirons.<\/p>\n","protected":false},"excerpt":{"rendered":"<p>Doux et compact, son essentialit\u00e9 est pleine de personnalit\u00e9, et son confort est fait de structure et de polyvalence. Pour une plus grande d\u00e9tente, m\u00eame si l&rsquo;espace est restreint. &nbsp; &hellip; <\/p>\n","protected":false},"featured_media":26845,"template":"","meta":[],"product_brand":[],"product_cat":[126],"product_tag":[146,182,167,511,540,512,513],"class_list":{"0":"post-26949","1":"product","2":"type-product","3":"status-publish","4":"has-post-thumbnail","6":"product_cat-canapes-lits","7":"product_tag-completement-dehoussable","8":"product_tag-dossier-avec-compartiment-pour-coussins","9":"product_tag-matelas-h17cm","10":"product_tag-3-places-largeur-161-cm","11":"product_tag-configurables","12":"product_tag-coussin-deco-standard","13":"product_tag-matelas-h-17-cm-mousse-polyurethane","15":"first","16":"instock","17":"shipping-taxable","18":"product-type-simple"},"acf":[],"yoast_head":"<!-- This site is optimized with the Yoast SEO plugin v26.2 - https:\/\/yoast.com\/wordpress\/plugins\/seo\/ -->\n<title>Canap\u00e9s-lits &#8211; Flipper &#8211; Vitarelax<\/title>\n<meta name=\"description\" content=\"Doux et compact, son essentialit\u00e9 est pleine de personnalit\u00e9, et son confort est fait de structure et de polyvalence. Pour une plus grande d\u00e9tente, m\u00eame\" \/>\n<meta name=\"robots\" content=\"index, follow, max-snippet:-1, max-image-preview:large, max-video-preview:-1\" \/>\n<link rel=\"canonical\" href=\"https:\/\/www.vitarelax.it\/fr\/prodotto\/flipper\/\" \/>\n<meta property=\"og:locale\" content=\"fr_FR\" \/>\n<meta property=\"og:type\" content=\"article\" \/>\n<meta property=\"og:title\" content=\"Canap\u00e9s-lits &#8211; Flipper &#8211; Vitarelax\" \/>\n<meta property=\"og:description\" content=\"Doux et compact, son essentialit\u00e9 est pleine de personnalit\u00e9, et son confort est fait de structure et de polyvalence. Pour une plus grande d\u00e9tente, m\u00eame\" \/>\n<meta property=\"og:url\" content=\"https:\/\/www.vitarelax.it\/fr\/prodotto\/flipper\/\" \/>\n<meta property=\"og:site_name\" content=\"Vitarelax\" \/>\n<meta property=\"article:publisher\" content=\"https:\/\/www.facebook.com\/vitarelaxsrl\/\" \/>\n<meta property=\"article:modified_time\" content=\"2025-02-11T10:51:07+00:00\" \/>\n<meta property=\"og:image\" content=\"https:\/\/www.vitarelax.it\/wp-content\/uploads\/2024\/09\/2024-Flipper-1120x840-1.jpg\" \/>\n\t<meta property=\"og:image:width\" content=\"1120\" \/>\n\t<meta property=\"og:image:height\" content=\"840\" \/>\n\t<meta property=\"og:image:type\" content=\"image\/jpeg\" \/>\n<meta name=\"twitter:card\" content=\"summary_large_image\" \/>\n<meta name=\"twitter:label1\" content=\"Dur\u00e9e de lecture estim\u00e9e\" \/>\n\t<meta name=\"twitter:data1\" content=\"2 minutes\" \/>\n<script type=\"application\/ld+json\" class=\"yoast-schema-graph\">{\"@context\":\"https:\/\/schema.org\",\"@graph\":[{\"@type\":\"WebPage\",\"@id\":\"https:\/\/www.vitarelax.it\/fr\/prodotto\/flipper\/\",\"url\":\"https:\/\/www.vitarelax.it\/fr\/prodotto\/flipper\/\",\"name\":\"Canap\u00e9s-lits &#8211; Flipper &#8211; Vitarelax\",\"isPartOf\":{\"@id\":\"https:\/\/www.vitarelax.it\/fr\/#website\"},\"primaryImageOfPage\":{\"@id\":\"https:\/\/www.vitarelax.it\/fr\/prodotto\/flipper\/#primaryimage\"},\"image\":{\"@id\":\"https:\/\/www.vitarelax.it\/fr\/prodotto\/flipper\/#primaryimage\"},\"thumbnailUrl\":\"https:\/\/www.vitarelax.it\/wp-content\/uploads\/2024\/09\/2024-Flipper-1120x840-1.jpg\",\"datePublished\":\"2024-09-20T08:53:35+00:00\",\"dateModified\":\"2025-02-11T10:51:07+00:00\",\"description\":\"Doux et compact, son essentialit\u00e9 est pleine de personnalit\u00e9, et son confort est fait de structure et de polyvalence. Pour une plus grande d\u00e9tente, m\u00eame\",\"breadcrumb\":{\"@id\":\"https:\/\/www.vitarelax.it\/fr\/prodotto\/flipper\/#breadcrumb\"},\"inLanguage\":\"fr-FR\",\"potentialAction\":[{\"@type\":\"ReadAction\",\"target\":[\"https:\/\/www.vitarelax.it\/fr\/prodotto\/flipper\/\"]}]},{\"@type\":\"ImageObject\",\"inLanguage\":\"fr-FR\",\"@id\":\"https:\/\/www.vitarelax.it\/fr\/prodotto\/flipper\/#primaryimage\",\"url\":\"https:\/\/www.vitarelax.it\/wp-content\/uploads\/2024\/09\/2024-Flipper-1120x840-1.jpg\",\"contentUrl\":\"https:\/\/www.vitarelax.it\/wp-content\/uploads\/2024\/09\/2024-Flipper-1120x840-1.jpg\",\"width\":1120,\"height\":840},{\"@type\":\"BreadcrumbList\",\"@id\":\"https:\/\/www.vitarelax.it\/fr\/prodotto\/flipper\/#breadcrumb\",\"itemListElement\":[{\"@type\":\"ListItem\",\"position\":1,\"name\":\"Home\",\"item\":\"https:\/\/www.vitarelax.it\/fr\/\"},{\"@type\":\"ListItem\",\"position\":2,\"name\":\"Divani &#038; Poltrone\",\"item\":\"https:\/\/www.vitarelax.it\/it\/divani-e-poltrone\/\"},{\"@type\":\"ListItem\",\"position\":3,\"name\":\"Flipper\"}]},{\"@type\":\"WebSite\",\"@id\":\"https:\/\/www.vitarelax.it\/fr\/#website\",\"url\":\"https:\/\/www.vitarelax.it\/fr\/\",\"name\":\"Vitarelax\",\"description\":\"Poltrone e Divani\",\"publisher\":{\"@id\":\"https:\/\/www.vitarelax.it\/fr\/#organization\"},\"potentialAction\":[{\"@type\":\"SearchAction\",\"target\":{\"@type\":\"EntryPoint\",\"urlTemplate\":\"https:\/\/www.vitarelax.it\/fr\/?s={search_term_string}\"},\"query-input\":{\"@type\":\"PropertyValueSpecification\",\"valueRequired\":true,\"valueName\":\"search_term_string\"}}],\"inLanguage\":\"fr-FR\"},{\"@type\":\"Organization\",\"@id\":\"https:\/\/www.vitarelax.it\/fr\/#organization\",\"name\":\"Vitarelax\",\"url\":\"https:\/\/www.vitarelax.it\/fr\/\",\"logo\":{\"@type\":\"ImageObject\",\"inLanguage\":\"fr-FR\",\"@id\":\"https:\/\/www.vitarelax.it\/fr\/#\/schema\/logo\/image\/\",\"url\":\"https:\/\/www.vitarelax.it\/wp-content\/uploads\/2017\/12\/c-logoVitarelax.png\",\"contentUrl\":\"https:\/\/www.vitarelax.it\/wp-content\/uploads\/2017\/12\/c-logoVitarelax.png\",\"width\":240,\"height\":100,\"caption\":\"Vitarelax\"},\"image\":{\"@id\":\"https:\/\/www.vitarelax.it\/fr\/#\/schema\/logo\/image\/\"},\"sameAs\":[\"https:\/\/www.facebook.com\/vitarelaxsrl\/\"]}]}<\/script>\n<!-- \/ Yoast SEO plugin. -->","yoast_head_json":{"title":"Canap\u00e9s-lits &#8211; Flipper &#8211; Vitarelax","description":"Doux et compact, son essentialit\u00e9 est pleine de personnalit\u00e9, et son confort est fait de structure et de polyvalence. Pour une plus grande d\u00e9tente, m\u00eame","robots":{"index":"index","follow":"follow","max-snippet":"max-snippet:-1","max-image-preview":"max-image-preview:large","max-video-preview":"max-video-preview:-1"},"canonical":"https:\/\/www.vitarelax.it\/fr\/prodotto\/flipper\/","og_locale":"fr_FR","og_type":"article","og_title":"Canap\u00e9s-lits &#8211; Flipper &#8211; Vitarelax","og_description":"Doux et compact, son essentialit\u00e9 est pleine de personnalit\u00e9, et son confort est fait de structure et de polyvalence. Pour une plus grande d\u00e9tente, m\u00eame","og_url":"https:\/\/www.vitarelax.it\/fr\/prodotto\/flipper\/","og_site_name":"Vitarelax","article_publisher":"https:\/\/www.facebook.com\/vitarelaxsrl\/","article_modified_time":"2025-02-11T10:51:07+00:00","og_image":[{"width":1120,"height":840,"url":"https:\/\/www.vitarelax.it\/wp-content\/uploads\/2024\/09\/2024-Flipper-1120x840-1.jpg","type":"image\/jpeg"}],"twitter_card":"summary_large_image","twitter_misc":{"Dur\u00e9e de lecture estim\u00e9e":"2 minutes"},"schema":{"@context":"https:\/\/schema.org","@graph":[{"@type":"WebPage","@id":"https:\/\/www.vitarelax.it\/fr\/prodotto\/flipper\/","url":"https:\/\/www.vitarelax.it\/fr\/prodotto\/flipper\/","name":"Canap\u00e9s-lits &#8211; Flipper &#8211; Vitarelax","isPartOf":{"@id":"https:\/\/www.vitarelax.it\/fr\/#website"},"primaryImageOfPage":{"@id":"https:\/\/www.vitarelax.it\/fr\/prodotto\/flipper\/#primaryimage"},"image":{"@id":"https:\/\/www.vitarelax.it\/fr\/prodotto\/flipper\/#primaryimage"},"thumbnailUrl":"https:\/\/www.vitarelax.it\/wp-content\/uploads\/2024\/09\/2024-Flipper-1120x840-1.jpg","datePublished":"2024-09-20T08:53:35+00:00","dateModified":"2025-02-11T10:51:07+00:00","description":"Doux et compact, son essentialit\u00e9 est pleine de personnalit\u00e9, et son confort est fait de structure et de polyvalence. Pour une plus grande d\u00e9tente, m\u00eame","breadcrumb":{"@id":"https:\/\/www.vitarelax.it\/fr\/prodotto\/flipper\/#breadcrumb"},"inLanguage":"fr-FR","potentialAction":[{"@type":"ReadAction","target":["https:\/\/www.vitarelax.it\/fr\/prodotto\/flipper\/"]}]},{"@type":"ImageObject","inLanguage":"fr-FR","@id":"https:\/\/www.vitarelax.it\/fr\/prodotto\/flipper\/#primaryimage","url":"https:\/\/www.vitarelax.it\/wp-content\/uploads\/2024\/09\/2024-Flipper-1120x840-1.jpg","contentUrl":"https:\/\/www.vitarelax.it\/wp-content\/uploads\/2024\/09\/2024-Flipper-1120x840-1.jpg","width":1120,"height":840},{"@type":"BreadcrumbList","@id":"https:\/\/www.vitarelax.it\/fr\/prodotto\/flipper\/#breadcrumb","itemListElement":[{"@type":"ListItem","position":1,"name":"Home","item":"https:\/\/www.vitarelax.it\/fr\/"},{"@type":"ListItem","position":2,"name":"Divani &#038; Poltrone","item":"https:\/\/www.vitarelax.it\/it\/divani-e-poltrone\/"},{"@type":"ListItem","position":3,"name":"Flipper"}]},{"@type":"WebSite","@id":"https:\/\/www.vitarelax.it\/fr\/#website","url":"https:\/\/www.vitarelax.it\/fr\/","name":"Vitarelax","description":"Poltrone e Divani","publisher":{"@id":"https:\/\/www.vitarelax.it\/fr\/#organization"},"potentialAction":[{"@type":"SearchAction","target":{"@type":"EntryPoint","urlTemplate":"https:\/\/www.vitarelax.it\/fr\/?s={search_term_string}"},"query-input":{"@type":"PropertyValueSpecification","valueRequired":true,"valueName":"search_term_string"}}],"inLanguage":"fr-FR"},{"@type":"Organization","@id":"https:\/\/www.vitarelax.it\/fr\/#organization","name":"Vitarelax","url":"https:\/\/www.vitarelax.it\/fr\/","logo":{"@type":"ImageObject","inLanguage":"fr-FR","@id":"https:\/\/www.vitarelax.it\/fr\/#\/schema\/logo\/image\/","url":"https:\/\/www.vitarelax.it\/wp-content\/uploads\/2017\/12\/c-logoVitarelax.png","contentUrl":"https:\/\/www.vitarelax.it\/wp-content\/uploads\/2017\/12\/c-logoVitarelax.png","width":240,"height":100,"caption":"Vitarelax"},"image":{"@id":"https:\/\/www.vitarelax.it\/fr\/#\/schema\/logo\/image\/"},"sameAs":["https:\/\/www.facebook.com\/vitarelaxsrl\/"]}]}},"_links":{"self":[{"href":"https:\/\/www.vitarelax.it\/fr\/wp-json\/wp\/v2\/product\/26949","targetHints":{"allow":["GET"]}}],"collection":[{"href":"https:\/\/www.vitarelax.it\/fr\/wp-json\/wp\/v2\/product"}],"about":[{"href":"https:\/\/www.vitarelax.it\/fr\/wp-json\/wp\/v2\/types\/product"}],"wp:featuredmedia":[{"embeddable":true,"href":"https:\/\/www.vitarelax.it\/fr\/wp-json\/wp\/v2\/media\/26845"}],"wp:attachment":[{"href":"https:\/\/www.vitarelax.it\/fr\/wp-json\/wp\/v2\/media?parent=26949"}],"wp:term":[{"taxonomy":"product_brand","embeddable":true,"href":"https:\/\/www.vitarelax.it\/fr\/wp-json\/wp\/v2\/product_brand?post=26949"},{"taxonomy":"product_cat","embeddable":true,"href":"https:\/\/www.vitarelax.it\/fr\/wp-json\/wp\/v2\/product_cat?post=26949"},{"taxonomy":"product_tag","embeddable":true,"href":"https:\/\/www.vitarelax.it\/fr\/wp-json\/wp\/v2\/product_tag?post=26949"}],"curies":[{"name":"wp","href":"https:\/\/api.w.org\/{rel}","templated":true}]}}