{"id":25999,"date":"2024-04-04T12:23:36","date_gmt":"2024-04-04T10:23:36","guid":{"rendered":"https:\/\/www.vitarelax.it\/?post_type=product&#038;p=25999"},"modified":"2025-02-11T11:34:53","modified_gmt":"2025-02-11T10:34:53","slug":"mirage","status":"publish","type":"product","link":"https:\/\/www.vitarelax.it\/fr\/prodotto\/mirage\/","title":{"rendered":"Mirage"},"content":{"rendered":"<p>L&rsquo;\u00e9l\u00e9gance de la simplicit\u00e9 sur la vague du confort. Voir Mirage apr\u00e8s une journ\u00e9e de travail, c&rsquo;est comme atteindre l&rsquo;oasis de d\u00e9tente dont nous avons r\u00eav\u00e9 pendant tout le temps o\u00f9 nous \u00e9tions loin de chez nous. Atteindre le confort m\u00e9rit\u00e9 deviendra notre objectif quotidien. Et Mirage sera l\u00e0, \u00e0 nous attendre.<\/p>\n","protected":false},"excerpt":{"rendered":"<p>L&rsquo;\u00e9l\u00e9gance de la simplicit\u00e9 sur la vague du confort. Voir Mirage apr\u00e8s une journ\u00e9e de travail, c&rsquo;est comme atteindre l&rsquo;oasis de d\u00e9tente dont nous avons r\u00eav\u00e9 pendant tout le temps &hellip; <\/p>\n","protected":false},"featured_media":25906,"template":"","meta":[],"product_brand":[],"product_cat":[126],"product_tag":[390,146,150,167,540,472],"class_list":{"0":"post-25999","1":"product","2":"type-product","3":"status-publish","4":"has-post-thumbnail","6":"product_cat-canapes-lits","7":"product_tag-sommier-option","8":"product_tag-completement-dehoussable","9":"product_tag-disponible-avec-chaise-longue","10":"product_tag-matelas-h17cm","11":"product_tag-configurables","12":"product_tag-pieds-en-bois","14":"first","15":"instock","16":"virtual","17":"product-type-simple"},"acf":[],"yoast_head":"<!-- This site is optimized with the Yoast SEO plugin v26.2 - https:\/\/yoast.com\/wordpress\/plugins\/seo\/ -->\n<title>Canap\u00e9s-lits &#8211; Mirage &#8211; Vitarelax<\/title>\n<meta name=\"description\" content=\"L&#039;\u00e9l\u00e9gance de la simplicit\u00e9 sur la vague du confort. Voir Mirage apr\u00e8s une journ\u00e9e de travail, c&#039;est comme atteindre l&#039;oasis de d\u00e9tente dont nous avons\" \/>\n<meta name=\"robots\" content=\"index, follow, max-snippet:-1, max-image-preview:large, max-video-preview:-1\" \/>\n<link rel=\"canonical\" href=\"https:\/\/www.vitarelax.it\/fr\/prodotto\/mirage\/\" \/>\n<meta property=\"og:locale\" content=\"fr_FR\" \/>\n<meta property=\"og:type\" content=\"article\" \/>\n<meta property=\"og:title\" content=\"Canap\u00e9s-lits &#8211; Mirage &#8211; Vitarelax\" \/>\n<meta property=\"og:description\" content=\"L&#039;\u00e9l\u00e9gance de la simplicit\u00e9 sur la vague du confort. Voir Mirage apr\u00e8s une journ\u00e9e de travail, c&#039;est comme atteindre l&#039;oasis de d\u00e9tente dont nous avons\" \/>\n<meta property=\"og:url\" content=\"https:\/\/www.vitarelax.it\/fr\/prodotto\/mirage\/\" \/>\n<meta property=\"og:site_name\" content=\"Vitarelax\" \/>\n<meta property=\"article:publisher\" content=\"https:\/\/www.facebook.com\/vitarelaxsrl\/\" \/>\n<meta property=\"article:modified_time\" content=\"2025-02-11T10:34:53+00:00\" \/>\n<meta property=\"og:image\" content=\"https:\/\/www.vitarelax.it\/wp-content\/uploads\/2024\/04\/2024-Mirage-prodotto-1120x840-2.jpg\" \/>\n\t<meta property=\"og:image:width\" content=\"1120\" \/>\n\t<meta property=\"og:image:height\" content=\"840\" \/>\n\t<meta property=\"og:image:type\" content=\"image\/jpeg\" \/>\n<meta name=\"twitter:card\" content=\"summary_large_image\" \/>\n<meta name=\"twitter:label1\" content=\"Dur\u00e9e de lecture estim\u00e9e\" \/>\n\t<meta name=\"twitter:data1\" content=\"1 minute\" \/>\n<script type=\"application\/ld+json\" class=\"yoast-schema-graph\">{\"@context\":\"https:\/\/schema.org\",\"@graph\":[{\"@type\":\"WebPage\",\"@id\":\"https:\/\/www.vitarelax.it\/fr\/prodotto\/mirage\/\",\"url\":\"https:\/\/www.vitarelax.it\/fr\/prodotto\/mirage\/\",\"name\":\"Canap\u00e9s-lits &#8211; Mirage &#8211; Vitarelax\",\"isPartOf\":{\"@id\":\"https:\/\/www.vitarelax.it\/fr\/#website\"},\"primaryImageOfPage\":{\"@id\":\"https:\/\/www.vitarelax.it\/fr\/prodotto\/mirage\/#primaryimage\"},\"image\":{\"@id\":\"https:\/\/www.vitarelax.it\/fr\/prodotto\/mirage\/#primaryimage\"},\"thumbnailUrl\":\"https:\/\/www.vitarelax.it\/wp-content\/uploads\/2024\/04\/2024-Mirage-prodotto-1120x840-2.jpg\",\"datePublished\":\"2024-04-04T10:23:36+00:00\",\"dateModified\":\"2025-02-11T10:34:53+00:00\",\"description\":\"L'\u00e9l\u00e9gance de la simplicit\u00e9 sur la vague du confort. Voir Mirage apr\u00e8s une journ\u00e9e de travail, c'est comme atteindre l'oasis de d\u00e9tente dont nous avons\",\"breadcrumb\":{\"@id\":\"https:\/\/www.vitarelax.it\/fr\/prodotto\/mirage\/#breadcrumb\"},\"inLanguage\":\"fr-FR\",\"potentialAction\":[{\"@type\":\"ReadAction\",\"target\":[\"https:\/\/www.vitarelax.it\/fr\/prodotto\/mirage\/\"]}]},{\"@type\":\"ImageObject\",\"inLanguage\":\"fr-FR\",\"@id\":\"https:\/\/www.vitarelax.it\/fr\/prodotto\/mirage\/#primaryimage\",\"url\":\"https:\/\/www.vitarelax.it\/wp-content\/uploads\/2024\/04\/2024-Mirage-prodotto-1120x840-2.jpg\",\"contentUrl\":\"https:\/\/www.vitarelax.it\/wp-content\/uploads\/2024\/04\/2024-Mirage-prodotto-1120x840-2.jpg\",\"width\":1120,\"height\":840},{\"@type\":\"BreadcrumbList\",\"@id\":\"https:\/\/www.vitarelax.it\/fr\/prodotto\/mirage\/#breadcrumb\",\"itemListElement\":[{\"@type\":\"ListItem\",\"position\":1,\"name\":\"Home\",\"item\":\"https:\/\/www.vitarelax.it\/fr\/\"},{\"@type\":\"ListItem\",\"position\":2,\"name\":\"Divani &#038; Poltrone\",\"item\":\"https:\/\/www.vitarelax.it\/it\/divani-e-poltrone\/\"},{\"@type\":\"ListItem\",\"position\":3,\"name\":\"Mirage\"}]},{\"@type\":\"WebSite\",\"@id\":\"https:\/\/www.vitarelax.it\/fr\/#website\",\"url\":\"https:\/\/www.vitarelax.it\/fr\/\",\"name\":\"Vitarelax\",\"description\":\"Poltrone e Divani\",\"publisher\":{\"@id\":\"https:\/\/www.vitarelax.it\/fr\/#organization\"},\"potentialAction\":[{\"@type\":\"SearchAction\",\"target\":{\"@type\":\"EntryPoint\",\"urlTemplate\":\"https:\/\/www.vitarelax.it\/fr\/?s={search_term_string}\"},\"query-input\":{\"@type\":\"PropertyValueSpecification\",\"valueRequired\":true,\"valueName\":\"search_term_string\"}}],\"inLanguage\":\"fr-FR\"},{\"@type\":\"Organization\",\"@id\":\"https:\/\/www.vitarelax.it\/fr\/#organization\",\"name\":\"Vitarelax\",\"url\":\"https:\/\/www.vitarelax.it\/fr\/\",\"logo\":{\"@type\":\"ImageObject\",\"inLanguage\":\"fr-FR\",\"@id\":\"https:\/\/www.vitarelax.it\/fr\/#\/schema\/logo\/image\/\",\"url\":\"https:\/\/www.vitarelax.it\/wp-content\/uploads\/2017\/12\/c-logoVitarelax.png\",\"contentUrl\":\"https:\/\/www.vitarelax.it\/wp-content\/uploads\/2017\/12\/c-logoVitarelax.png\",\"width\":240,\"height\":100,\"caption\":\"Vitarelax\"},\"image\":{\"@id\":\"https:\/\/www.vitarelax.it\/fr\/#\/schema\/logo\/image\/\"},\"sameAs\":[\"https:\/\/www.facebook.com\/vitarelaxsrl\/\"]}]}<\/script>\n<!-- \/ Yoast SEO plugin. -->","yoast_head_json":{"title":"Canap\u00e9s-lits &#8211; Mirage &#8211; Vitarelax","description":"L'\u00e9l\u00e9gance de la simplicit\u00e9 sur la vague du confort. Voir Mirage apr\u00e8s une journ\u00e9e de travail, c'est comme atteindre l'oasis de d\u00e9tente dont nous avons","robots":{"index":"index","follow":"follow","max-snippet":"max-snippet:-1","max-image-preview":"max-image-preview:large","max-video-preview":"max-video-preview:-1"},"canonical":"https:\/\/www.vitarelax.it\/fr\/prodotto\/mirage\/","og_locale":"fr_FR","og_type":"article","og_title":"Canap\u00e9s-lits &#8211; Mirage &#8211; Vitarelax","og_description":"L'\u00e9l\u00e9gance de la simplicit\u00e9 sur la vague du confort. Voir Mirage apr\u00e8s une journ\u00e9e de travail, c'est comme atteindre l'oasis de d\u00e9tente dont nous avons","og_url":"https:\/\/www.vitarelax.it\/fr\/prodotto\/mirage\/","og_site_name":"Vitarelax","article_publisher":"https:\/\/www.facebook.com\/vitarelaxsrl\/","article_modified_time":"2025-02-11T10:34:53+00:00","og_image":[{"width":1120,"height":840,"url":"https:\/\/www.vitarelax.it\/wp-content\/uploads\/2024\/04\/2024-Mirage-prodotto-1120x840-2.jpg","type":"image\/jpeg"}],"twitter_card":"summary_large_image","twitter_misc":{"Dur\u00e9e de lecture estim\u00e9e":"1 minute"},"schema":{"@context":"https:\/\/schema.org","@graph":[{"@type":"WebPage","@id":"https:\/\/www.vitarelax.it\/fr\/prodotto\/mirage\/","url":"https:\/\/www.vitarelax.it\/fr\/prodotto\/mirage\/","name":"Canap\u00e9s-lits &#8211; Mirage &#8211; Vitarelax","isPartOf":{"@id":"https:\/\/www.vitarelax.it\/fr\/#website"},"primaryImageOfPage":{"@id":"https:\/\/www.vitarelax.it\/fr\/prodotto\/mirage\/#primaryimage"},"image":{"@id":"https:\/\/www.vitarelax.it\/fr\/prodotto\/mirage\/#primaryimage"},"thumbnailUrl":"https:\/\/www.vitarelax.it\/wp-content\/uploads\/2024\/04\/2024-Mirage-prodotto-1120x840-2.jpg","datePublished":"2024-04-04T10:23:36+00:00","dateModified":"2025-02-11T10:34:53+00:00","description":"L'\u00e9l\u00e9gance de la simplicit\u00e9 sur la vague du confort. Voir Mirage apr\u00e8s une journ\u00e9e de travail, c'est comme atteindre l'oasis de d\u00e9tente dont nous avons","breadcrumb":{"@id":"https:\/\/www.vitarelax.it\/fr\/prodotto\/mirage\/#breadcrumb"},"inLanguage":"fr-FR","potentialAction":[{"@type":"ReadAction","target":["https:\/\/www.vitarelax.it\/fr\/prodotto\/mirage\/"]}]},{"@type":"ImageObject","inLanguage":"fr-FR","@id":"https:\/\/www.vitarelax.it\/fr\/prodotto\/mirage\/#primaryimage","url":"https:\/\/www.vitarelax.it\/wp-content\/uploads\/2024\/04\/2024-Mirage-prodotto-1120x840-2.jpg","contentUrl":"https:\/\/www.vitarelax.it\/wp-content\/uploads\/2024\/04\/2024-Mirage-prodotto-1120x840-2.jpg","width":1120,"height":840},{"@type":"BreadcrumbList","@id":"https:\/\/www.vitarelax.it\/fr\/prodotto\/mirage\/#breadcrumb","itemListElement":[{"@type":"ListItem","position":1,"name":"Home","item":"https:\/\/www.vitarelax.it\/fr\/"},{"@type":"ListItem","position":2,"name":"Divani &#038; Poltrone","item":"https:\/\/www.vitarelax.it\/it\/divani-e-poltrone\/"},{"@type":"ListItem","position":3,"name":"Mirage"}]},{"@type":"WebSite","@id":"https:\/\/www.vitarelax.it\/fr\/#website","url":"https:\/\/www.vitarelax.it\/fr\/","name":"Vitarelax","description":"Poltrone e Divani","publisher":{"@id":"https:\/\/www.vitarelax.it\/fr\/#organization"},"potentialAction":[{"@type":"SearchAction","target":{"@type":"EntryPoint","urlTemplate":"https:\/\/www.vitarelax.it\/fr\/?s={search_term_string}"},"query-input":{"@type":"PropertyValueSpecification","valueRequired":true,"valueName":"search_term_string"}}],"inLanguage":"fr-FR"},{"@type":"Organization","@id":"https:\/\/www.vitarelax.it\/fr\/#organization","name":"Vitarelax","url":"https:\/\/www.vitarelax.it\/fr\/","logo":{"@type":"ImageObject","inLanguage":"fr-FR","@id":"https:\/\/www.vitarelax.it\/fr\/#\/schema\/logo\/image\/","url":"https:\/\/www.vitarelax.it\/wp-content\/uploads\/2017\/12\/c-logoVitarelax.png","contentUrl":"https:\/\/www.vitarelax.it\/wp-content\/uploads\/2017\/12\/c-logoVitarelax.png","width":240,"height":100,"caption":"Vitarelax"},"image":{"@id":"https:\/\/www.vitarelax.it\/fr\/#\/schema\/logo\/image\/"},"sameAs":["https:\/\/www.facebook.com\/vitarelaxsrl\/"]}]}},"_links":{"self":[{"href":"https:\/\/www.vitarelax.it\/fr\/wp-json\/wp\/v2\/product\/25999","targetHints":{"allow":["GET"]}}],"collection":[{"href":"https:\/\/www.vitarelax.it\/fr\/wp-json\/wp\/v2\/product"}],"about":[{"href":"https:\/\/www.vitarelax.it\/fr\/wp-json\/wp\/v2\/types\/product"}],"wp:featuredmedia":[{"embeddable":true,"href":"https:\/\/www.vitarelax.it\/fr\/wp-json\/wp\/v2\/media\/25906"}],"wp:attachment":[{"href":"https:\/\/www.vitarelax.it\/fr\/wp-json\/wp\/v2\/media?parent=25999"}],"wp:term":[{"taxonomy":"product_brand","embeddable":true,"href":"https:\/\/www.vitarelax.it\/fr\/wp-json\/wp\/v2\/product_brand?post=25999"},{"taxonomy":"product_cat","embeddable":true,"href":"https:\/\/www.vitarelax.it\/fr\/wp-json\/wp\/v2\/product_cat?post=25999"},{"taxonomy":"product_tag","embeddable":true,"href":"https:\/\/www.vitarelax.it\/fr\/wp-json\/wp\/v2\/product_tag?post=25999"}],"curies":[{"name":"wp","href":"https:\/\/api.w.org\/{rel}","templated":true}]}}