{"id":24437,"date":"2023-04-05T17:57:54","date_gmt":"2023-04-05T15:57:54","guid":{"rendered":"https:\/\/www.vitarelax.it\/?post_type=product&#038;p=24437"},"modified":"2025-02-11T11:52:10","modified_gmt":"2025-02-11T10:52:10","slug":"giotto","status":"publish","type":"product","link":"https:\/\/www.vitarelax.it\/fr\/prodotto\/giotto\/","title":{"rendered":"Giotto"},"content":{"rendered":"<p>La d\u00e9tente comme \u0153uvre d&rsquo;art : Le GIOTTO est le canap\u00e9 de la nouvelle collection aux lignes et au design inspirant le confort \u00e0 premi\u00e8re vue. Le fil contrastant sur les accoudoirs arrondis vous permet de mixer les couleurs selon vos go\u00fbts pour un canap\u00e9 lit unique.<\/p>\n<p>Douceur, style et essentialit\u00e9 dans un mod\u00e8le unique, un vrai chef-d&rsquo;\u0153uvre de confort.<\/p>\n<p>&nbsp;<\/p>\n<p>Le GIOTTO est disponible avec un MATELAS de 17cm et de 20cm<\/p>\n","protected":false},"excerpt":{"rendered":"<p>La d\u00e9tente comme \u0153uvre d&rsquo;art : Le GIOTTO est le canap\u00e9 de la nouvelle collection aux lignes et au design inspirant le confort \u00e0 premi\u00e8re vue. Le fil contrastant sur &hellip; <\/p>\n","protected":false},"featured_media":24156,"template":"","meta":[],"product_brand":[],"product_cat":[126],"product_tag":[146,182,156,540,480,478,477],"class_list":{"0":"post-24437","1":"product","2":"type-product","3":"status-publish","4":"has-post-thumbnail","6":"product_cat-canapes-lits","7":"product_tag-completement-dehoussable","8":"product_tag-dossier-avec-compartiment-pour-coussins","9":"product_tag-extra-confort","10":"product_tag-configurables","11":"product_tag-mecanique-electro-soudee-otello-big","12":"product_tag-pied-en-metal-standard","13":"product_tag-range-oreiller-de-grande-taille","15":"first","16":"instock","17":"shipping-taxable","18":"product-type-simple"},"acf":[],"yoast_head":"<!-- This site is optimized with the Yoast SEO plugin v26.2 - https:\/\/yoast.com\/wordpress\/plugins\/seo\/ -->\n<title>Canap\u00e9s-lits &#8211; Giotto &#8211; Vitarelax<\/title>\n<meta name=\"description\" content=\"La d\u00e9tente comme \u0153uvre d&#039;art : Le GIOTTO est le canap\u00e9 de la nouvelle collection aux lignes et au design inspirant le confort \u00e0 premi\u00e8re vue. Le fil\" \/>\n<meta name=\"robots\" content=\"index, follow, max-snippet:-1, max-image-preview:large, max-video-preview:-1\" \/>\n<link rel=\"canonical\" href=\"https:\/\/www.vitarelax.it\/fr\/prodotto\/giotto\/\" \/>\n<meta property=\"og:locale\" content=\"fr_FR\" \/>\n<meta property=\"og:type\" content=\"article\" \/>\n<meta property=\"og:title\" content=\"Canap\u00e9s-lits &#8211; Giotto &#8211; Vitarelax\" \/>\n<meta property=\"og:description\" content=\"La d\u00e9tente comme \u0153uvre d&#039;art : Le GIOTTO est le canap\u00e9 de la nouvelle collection aux lignes et au design inspirant le confort \u00e0 premi\u00e8re vue. Le fil\" \/>\n<meta property=\"og:url\" content=\"https:\/\/www.vitarelax.it\/fr\/prodotto\/giotto\/\" \/>\n<meta property=\"og:site_name\" content=\"Vitarelax\" \/>\n<meta property=\"article:publisher\" content=\"https:\/\/www.facebook.com\/vitarelaxsrl\/\" \/>\n<meta property=\"article:modified_time\" content=\"2025-02-11T10:52:10+00:00\" \/>\n<meta property=\"og:image\" content=\"https:\/\/www.vitarelax.it\/wp-content\/uploads\/2023\/03\/GIOTTO-sfondo.jpg\" \/>\n\t<meta property=\"og:image:width\" content=\"1120\" \/>\n\t<meta property=\"og:image:height\" content=\"840\" \/>\n\t<meta property=\"og:image:type\" content=\"image\/jpeg\" \/>\n<meta name=\"twitter:card\" content=\"summary_large_image\" \/>\n<meta name=\"twitter:label1\" content=\"Dur\u00e9e de lecture estim\u00e9e\" \/>\n\t<meta name=\"twitter:data1\" content=\"2 minutes\" \/>\n<script type=\"application\/ld+json\" class=\"yoast-schema-graph\">{\"@context\":\"https:\/\/schema.org\",\"@graph\":[{\"@type\":\"WebPage\",\"@id\":\"https:\/\/www.vitarelax.it\/fr\/prodotto\/giotto\/\",\"url\":\"https:\/\/www.vitarelax.it\/fr\/prodotto\/giotto\/\",\"name\":\"Canap\u00e9s-lits &#8211; Giotto &#8211; Vitarelax\",\"isPartOf\":{\"@id\":\"https:\/\/www.vitarelax.it\/fr\/#website\"},\"primaryImageOfPage\":{\"@id\":\"https:\/\/www.vitarelax.it\/fr\/prodotto\/giotto\/#primaryimage\"},\"image\":{\"@id\":\"https:\/\/www.vitarelax.it\/fr\/prodotto\/giotto\/#primaryimage\"},\"thumbnailUrl\":\"https:\/\/www.vitarelax.it\/wp-content\/uploads\/2023\/03\/GIOTTO-sfondo.jpg\",\"datePublished\":\"2023-04-05T15:57:54+00:00\",\"dateModified\":\"2025-02-11T10:52:10+00:00\",\"description\":\"La d\u00e9tente comme \u0153uvre d'art : Le GIOTTO est le canap\u00e9 de la nouvelle collection aux lignes et au design inspirant le confort \u00e0 premi\u00e8re vue. Le fil\",\"breadcrumb\":{\"@id\":\"https:\/\/www.vitarelax.it\/fr\/prodotto\/giotto\/#breadcrumb\"},\"inLanguage\":\"fr-FR\",\"potentialAction\":[{\"@type\":\"ReadAction\",\"target\":[\"https:\/\/www.vitarelax.it\/fr\/prodotto\/giotto\/\"]}]},{\"@type\":\"ImageObject\",\"inLanguage\":\"fr-FR\",\"@id\":\"https:\/\/www.vitarelax.it\/fr\/prodotto\/giotto\/#primaryimage\",\"url\":\"https:\/\/www.vitarelax.it\/wp-content\/uploads\/2023\/03\/GIOTTO-sfondo.jpg\",\"contentUrl\":\"https:\/\/www.vitarelax.it\/wp-content\/uploads\/2023\/03\/GIOTTO-sfondo.jpg\",\"width\":1120,\"height\":840},{\"@type\":\"BreadcrumbList\",\"@id\":\"https:\/\/www.vitarelax.it\/fr\/prodotto\/giotto\/#breadcrumb\",\"itemListElement\":[{\"@type\":\"ListItem\",\"position\":1,\"name\":\"Home\",\"item\":\"https:\/\/www.vitarelax.it\/fr\/\"},{\"@type\":\"ListItem\",\"position\":2,\"name\":\"Divani &#038; Poltrone\",\"item\":\"https:\/\/www.vitarelax.it\/it\/divani-e-poltrone\/\"},{\"@type\":\"ListItem\",\"position\":3,\"name\":\"Giotto\"}]},{\"@type\":\"WebSite\",\"@id\":\"https:\/\/www.vitarelax.it\/fr\/#website\",\"url\":\"https:\/\/www.vitarelax.it\/fr\/\",\"name\":\"Vitarelax\",\"description\":\"Poltrone e Divani\",\"publisher\":{\"@id\":\"https:\/\/www.vitarelax.it\/fr\/#organization\"},\"potentialAction\":[{\"@type\":\"SearchAction\",\"target\":{\"@type\":\"EntryPoint\",\"urlTemplate\":\"https:\/\/www.vitarelax.it\/fr\/?s={search_term_string}\"},\"query-input\":{\"@type\":\"PropertyValueSpecification\",\"valueRequired\":true,\"valueName\":\"search_term_string\"}}],\"inLanguage\":\"fr-FR\"},{\"@type\":\"Organization\",\"@id\":\"https:\/\/www.vitarelax.it\/fr\/#organization\",\"name\":\"Vitarelax\",\"url\":\"https:\/\/www.vitarelax.it\/fr\/\",\"logo\":{\"@type\":\"ImageObject\",\"inLanguage\":\"fr-FR\",\"@id\":\"https:\/\/www.vitarelax.it\/fr\/#\/schema\/logo\/image\/\",\"url\":\"https:\/\/www.vitarelax.it\/wp-content\/uploads\/2017\/12\/c-logoVitarelax.png\",\"contentUrl\":\"https:\/\/www.vitarelax.it\/wp-content\/uploads\/2017\/12\/c-logoVitarelax.png\",\"width\":240,\"height\":100,\"caption\":\"Vitarelax\"},\"image\":{\"@id\":\"https:\/\/www.vitarelax.it\/fr\/#\/schema\/logo\/image\/\"},\"sameAs\":[\"https:\/\/www.facebook.com\/vitarelaxsrl\/\"]}]}<\/script>\n<!-- \/ Yoast SEO plugin. -->","yoast_head_json":{"title":"Canap\u00e9s-lits &#8211; Giotto &#8211; Vitarelax","description":"La d\u00e9tente comme \u0153uvre d'art : Le GIOTTO est le canap\u00e9 de la nouvelle collection aux lignes et au design inspirant le confort \u00e0 premi\u00e8re vue. Le fil","robots":{"index":"index","follow":"follow","max-snippet":"max-snippet:-1","max-image-preview":"max-image-preview:large","max-video-preview":"max-video-preview:-1"},"canonical":"https:\/\/www.vitarelax.it\/fr\/prodotto\/giotto\/","og_locale":"fr_FR","og_type":"article","og_title":"Canap\u00e9s-lits &#8211; Giotto &#8211; Vitarelax","og_description":"La d\u00e9tente comme \u0153uvre d'art : Le GIOTTO est le canap\u00e9 de la nouvelle collection aux lignes et au design inspirant le confort \u00e0 premi\u00e8re vue. Le fil","og_url":"https:\/\/www.vitarelax.it\/fr\/prodotto\/giotto\/","og_site_name":"Vitarelax","article_publisher":"https:\/\/www.facebook.com\/vitarelaxsrl\/","article_modified_time":"2025-02-11T10:52:10+00:00","og_image":[{"width":1120,"height":840,"url":"https:\/\/www.vitarelax.it\/wp-content\/uploads\/2023\/03\/GIOTTO-sfondo.jpg","type":"image\/jpeg"}],"twitter_card":"summary_large_image","twitter_misc":{"Dur\u00e9e de lecture estim\u00e9e":"2 minutes"},"schema":{"@context":"https:\/\/schema.org","@graph":[{"@type":"WebPage","@id":"https:\/\/www.vitarelax.it\/fr\/prodotto\/giotto\/","url":"https:\/\/www.vitarelax.it\/fr\/prodotto\/giotto\/","name":"Canap\u00e9s-lits &#8211; Giotto &#8211; Vitarelax","isPartOf":{"@id":"https:\/\/www.vitarelax.it\/fr\/#website"},"primaryImageOfPage":{"@id":"https:\/\/www.vitarelax.it\/fr\/prodotto\/giotto\/#primaryimage"},"image":{"@id":"https:\/\/www.vitarelax.it\/fr\/prodotto\/giotto\/#primaryimage"},"thumbnailUrl":"https:\/\/www.vitarelax.it\/wp-content\/uploads\/2023\/03\/GIOTTO-sfondo.jpg","datePublished":"2023-04-05T15:57:54+00:00","dateModified":"2025-02-11T10:52:10+00:00","description":"La d\u00e9tente comme \u0153uvre d'art : Le GIOTTO est le canap\u00e9 de la nouvelle collection aux lignes et au design inspirant le confort \u00e0 premi\u00e8re vue. Le fil","breadcrumb":{"@id":"https:\/\/www.vitarelax.it\/fr\/prodotto\/giotto\/#breadcrumb"},"inLanguage":"fr-FR","potentialAction":[{"@type":"ReadAction","target":["https:\/\/www.vitarelax.it\/fr\/prodotto\/giotto\/"]}]},{"@type":"ImageObject","inLanguage":"fr-FR","@id":"https:\/\/www.vitarelax.it\/fr\/prodotto\/giotto\/#primaryimage","url":"https:\/\/www.vitarelax.it\/wp-content\/uploads\/2023\/03\/GIOTTO-sfondo.jpg","contentUrl":"https:\/\/www.vitarelax.it\/wp-content\/uploads\/2023\/03\/GIOTTO-sfondo.jpg","width":1120,"height":840},{"@type":"BreadcrumbList","@id":"https:\/\/www.vitarelax.it\/fr\/prodotto\/giotto\/#breadcrumb","itemListElement":[{"@type":"ListItem","position":1,"name":"Home","item":"https:\/\/www.vitarelax.it\/fr\/"},{"@type":"ListItem","position":2,"name":"Divani &#038; Poltrone","item":"https:\/\/www.vitarelax.it\/it\/divani-e-poltrone\/"},{"@type":"ListItem","position":3,"name":"Giotto"}]},{"@type":"WebSite","@id":"https:\/\/www.vitarelax.it\/fr\/#website","url":"https:\/\/www.vitarelax.it\/fr\/","name":"Vitarelax","description":"Poltrone e Divani","publisher":{"@id":"https:\/\/www.vitarelax.it\/fr\/#organization"},"potentialAction":[{"@type":"SearchAction","target":{"@type":"EntryPoint","urlTemplate":"https:\/\/www.vitarelax.it\/fr\/?s={search_term_string}"},"query-input":{"@type":"PropertyValueSpecification","valueRequired":true,"valueName":"search_term_string"}}],"inLanguage":"fr-FR"},{"@type":"Organization","@id":"https:\/\/www.vitarelax.it\/fr\/#organization","name":"Vitarelax","url":"https:\/\/www.vitarelax.it\/fr\/","logo":{"@type":"ImageObject","inLanguage":"fr-FR","@id":"https:\/\/www.vitarelax.it\/fr\/#\/schema\/logo\/image\/","url":"https:\/\/www.vitarelax.it\/wp-content\/uploads\/2017\/12\/c-logoVitarelax.png","contentUrl":"https:\/\/www.vitarelax.it\/wp-content\/uploads\/2017\/12\/c-logoVitarelax.png","width":240,"height":100,"caption":"Vitarelax"},"image":{"@id":"https:\/\/www.vitarelax.it\/fr\/#\/schema\/logo\/image\/"},"sameAs":["https:\/\/www.facebook.com\/vitarelaxsrl\/"]}]}},"_links":{"self":[{"href":"https:\/\/www.vitarelax.it\/fr\/wp-json\/wp\/v2\/product\/24437","targetHints":{"allow":["GET"]}}],"collection":[{"href":"https:\/\/www.vitarelax.it\/fr\/wp-json\/wp\/v2\/product"}],"about":[{"href":"https:\/\/www.vitarelax.it\/fr\/wp-json\/wp\/v2\/types\/product"}],"wp:featuredmedia":[{"embeddable":true,"href":"https:\/\/www.vitarelax.it\/fr\/wp-json\/wp\/v2\/media\/24156"}],"wp:attachment":[{"href":"https:\/\/www.vitarelax.it\/fr\/wp-json\/wp\/v2\/media?parent=24437"}],"wp:term":[{"taxonomy":"product_brand","embeddable":true,"href":"https:\/\/www.vitarelax.it\/fr\/wp-json\/wp\/v2\/product_brand?post=24437"},{"taxonomy":"product_cat","embeddable":true,"href":"https:\/\/www.vitarelax.it\/fr\/wp-json\/wp\/v2\/product_cat?post=24437"},{"taxonomy":"product_tag","embeddable":true,"href":"https:\/\/www.vitarelax.it\/fr\/wp-json\/wp\/v2\/product_tag?post=24437"}],"curies":[{"name":"wp","href":"https:\/\/api.w.org\/{rel}","templated":true}]}}