{"id":24435,"date":"2023-04-05T17:52:22","date_gmt":"2023-04-05T15:52:22","guid":{"rendered":"https:\/\/www.vitarelax.it\/?post_type=product&#038;p=24435"},"modified":"2025-02-11T11:51:34","modified_gmt":"2025-02-11T10:51:34","slug":"ghost","status":"publish","type":"product","link":"https:\/\/www.vitarelax.it\/fr\/prodotto\/ghost\/","title":{"rendered":"Ghost"},"content":{"rendered":"<p>Le style est fait de d\u00e9tails qui ne passent pas inaper\u00e7us et le GHOST en est la preuve. Un canap\u00e9-lit au style raffin\u00e9, aux courbes harmonieuses, confectionn\u00e9 avec des d\u00e9tails originaux qui savent faire mouche. Le GHOST est dot\u00e9 d\u2019une \u00e9l\u00e9gante t\u00eate de lit : confortable \u00e0 avoir, belle \u00e0 regarder.<\/p>\n","protected":false},"excerpt":{"rendered":"<p>Le style est fait de d\u00e9tails qui ne passent pas inaper\u00e7us et le GHOST en est la preuve. Un canap\u00e9-lit au style raffin\u00e9, aux courbes harmonieuses, confectionn\u00e9 avec des d\u00e9tails &hellip; <\/p>\n","protected":false},"featured_media":24134,"template":"","meta":[],"product_brand":[],"product_cat":[126],"product_tag":[146,182,167,540,479,478,477],"class_list":{"0":"post-24435","1":"product","2":"type-product","3":"status-publish","4":"has-post-thumbnail","6":"product_cat-canapes-lits","7":"product_tag-completement-dehoussable","8":"product_tag-dossier-avec-compartiment-pour-coussins","9":"product_tag-matelas-h17cm","10":"product_tag-configurables","11":"product_tag-mecanique-electro-soude-otello-big","12":"product_tag-pied-en-metal-standard","13":"product_tag-range-oreiller-de-grande-taille","15":"first","16":"instock","17":"shipping-taxable","18":"product-type-simple"},"acf":[],"yoast_head":"<!-- This site is optimized with the Yoast SEO plugin v26.2 - https:\/\/yoast.com\/wordpress\/plugins\/seo\/ -->\n<title>Canap\u00e9s-lits &#8211; Ghost &#8211; Vitarelax<\/title>\n<meta name=\"description\" content=\"Le style est fait de d\u00e9tails qui ne passent pas inaper\u00e7us et le GHOST en est la preuve. Un canap\u00e9-lit au style raffin\u00e9, aux courbes harmonieuses,\" \/>\n<meta name=\"robots\" content=\"index, follow, max-snippet:-1, max-image-preview:large, max-video-preview:-1\" \/>\n<link rel=\"canonical\" href=\"https:\/\/www.vitarelax.it\/fr\/prodotto\/ghost\/\" \/>\n<meta property=\"og:locale\" content=\"fr_FR\" \/>\n<meta property=\"og:type\" content=\"article\" \/>\n<meta property=\"og:title\" content=\"Canap\u00e9s-lits &#8211; Ghost &#8211; Vitarelax\" \/>\n<meta property=\"og:description\" content=\"Le style est fait de d\u00e9tails qui ne passent pas inaper\u00e7us et le GHOST en est la preuve. Un canap\u00e9-lit au style raffin\u00e9, aux courbes harmonieuses,\" \/>\n<meta property=\"og:url\" content=\"https:\/\/www.vitarelax.it\/fr\/prodotto\/ghost\/\" \/>\n<meta property=\"og:site_name\" content=\"Vitarelax\" \/>\n<meta property=\"article:publisher\" content=\"https:\/\/www.facebook.com\/vitarelaxsrl\/\" \/>\n<meta property=\"article:modified_time\" content=\"2025-02-11T10:51:34+00:00\" \/>\n<meta property=\"og:image\" content=\"https:\/\/www.vitarelax.it\/wp-content\/uploads\/2023\/03\/GHOST-sfondo.jpg\" \/>\n\t<meta property=\"og:image:width\" content=\"1120\" \/>\n\t<meta property=\"og:image:height\" content=\"840\" \/>\n\t<meta property=\"og:image:type\" content=\"image\/jpeg\" \/>\n<meta name=\"twitter:card\" content=\"summary_large_image\" \/>\n<meta name=\"twitter:label1\" content=\"Dur\u00e9e de lecture estim\u00e9e\" \/>\n\t<meta name=\"twitter:data1\" content=\"1 minute\" \/>\n<script type=\"application\/ld+json\" class=\"yoast-schema-graph\">{\"@context\":\"https:\/\/schema.org\",\"@graph\":[{\"@type\":\"WebPage\",\"@id\":\"https:\/\/www.vitarelax.it\/fr\/prodotto\/ghost\/\",\"url\":\"https:\/\/www.vitarelax.it\/fr\/prodotto\/ghost\/\",\"name\":\"Canap\u00e9s-lits &#8211; Ghost &#8211; Vitarelax\",\"isPartOf\":{\"@id\":\"https:\/\/www.vitarelax.it\/fr\/#website\"},\"primaryImageOfPage\":{\"@id\":\"https:\/\/www.vitarelax.it\/fr\/prodotto\/ghost\/#primaryimage\"},\"image\":{\"@id\":\"https:\/\/www.vitarelax.it\/fr\/prodotto\/ghost\/#primaryimage\"},\"thumbnailUrl\":\"https:\/\/www.vitarelax.it\/wp-content\/uploads\/2023\/03\/GHOST-sfondo.jpg\",\"datePublished\":\"2023-04-05T15:52:22+00:00\",\"dateModified\":\"2025-02-11T10:51:34+00:00\",\"description\":\"Le style est fait de d\u00e9tails qui ne passent pas inaper\u00e7us et le GHOST en est la preuve. Un canap\u00e9-lit au style raffin\u00e9, aux courbes harmonieuses,\",\"breadcrumb\":{\"@id\":\"https:\/\/www.vitarelax.it\/fr\/prodotto\/ghost\/#breadcrumb\"},\"inLanguage\":\"fr-FR\",\"potentialAction\":[{\"@type\":\"ReadAction\",\"target\":[\"https:\/\/www.vitarelax.it\/fr\/prodotto\/ghost\/\"]}]},{\"@type\":\"ImageObject\",\"inLanguage\":\"fr-FR\",\"@id\":\"https:\/\/www.vitarelax.it\/fr\/prodotto\/ghost\/#primaryimage\",\"url\":\"https:\/\/www.vitarelax.it\/wp-content\/uploads\/2023\/03\/GHOST-sfondo.jpg\",\"contentUrl\":\"https:\/\/www.vitarelax.it\/wp-content\/uploads\/2023\/03\/GHOST-sfondo.jpg\",\"width\":1120,\"height\":840},{\"@type\":\"BreadcrumbList\",\"@id\":\"https:\/\/www.vitarelax.it\/fr\/prodotto\/ghost\/#breadcrumb\",\"itemListElement\":[{\"@type\":\"ListItem\",\"position\":1,\"name\":\"Home\",\"item\":\"https:\/\/www.vitarelax.it\/fr\/\"},{\"@type\":\"ListItem\",\"position\":2,\"name\":\"Divani &#038; Poltrone\",\"item\":\"https:\/\/www.vitarelax.it\/it\/divani-e-poltrone\/\"},{\"@type\":\"ListItem\",\"position\":3,\"name\":\"Ghost\"}]},{\"@type\":\"WebSite\",\"@id\":\"https:\/\/www.vitarelax.it\/fr\/#website\",\"url\":\"https:\/\/www.vitarelax.it\/fr\/\",\"name\":\"Vitarelax\",\"description\":\"Poltrone e Divani\",\"publisher\":{\"@id\":\"https:\/\/www.vitarelax.it\/fr\/#organization\"},\"potentialAction\":[{\"@type\":\"SearchAction\",\"target\":{\"@type\":\"EntryPoint\",\"urlTemplate\":\"https:\/\/www.vitarelax.it\/fr\/?s={search_term_string}\"},\"query-input\":{\"@type\":\"PropertyValueSpecification\",\"valueRequired\":true,\"valueName\":\"search_term_string\"}}],\"inLanguage\":\"fr-FR\"},{\"@type\":\"Organization\",\"@id\":\"https:\/\/www.vitarelax.it\/fr\/#organization\",\"name\":\"Vitarelax\",\"url\":\"https:\/\/www.vitarelax.it\/fr\/\",\"logo\":{\"@type\":\"ImageObject\",\"inLanguage\":\"fr-FR\",\"@id\":\"https:\/\/www.vitarelax.it\/fr\/#\/schema\/logo\/image\/\",\"url\":\"https:\/\/www.vitarelax.it\/wp-content\/uploads\/2017\/12\/c-logoVitarelax.png\",\"contentUrl\":\"https:\/\/www.vitarelax.it\/wp-content\/uploads\/2017\/12\/c-logoVitarelax.png\",\"width\":240,\"height\":100,\"caption\":\"Vitarelax\"},\"image\":{\"@id\":\"https:\/\/www.vitarelax.it\/fr\/#\/schema\/logo\/image\/\"},\"sameAs\":[\"https:\/\/www.facebook.com\/vitarelaxsrl\/\"]}]}<\/script>\n<!-- \/ Yoast SEO plugin. -->","yoast_head_json":{"title":"Canap\u00e9s-lits &#8211; Ghost &#8211; Vitarelax","description":"Le style est fait de d\u00e9tails qui ne passent pas inaper\u00e7us et le GHOST en est la preuve. Un canap\u00e9-lit au style raffin\u00e9, aux courbes harmonieuses,","robots":{"index":"index","follow":"follow","max-snippet":"max-snippet:-1","max-image-preview":"max-image-preview:large","max-video-preview":"max-video-preview:-1"},"canonical":"https:\/\/www.vitarelax.it\/fr\/prodotto\/ghost\/","og_locale":"fr_FR","og_type":"article","og_title":"Canap\u00e9s-lits &#8211; Ghost &#8211; Vitarelax","og_description":"Le style est fait de d\u00e9tails qui ne passent pas inaper\u00e7us et le GHOST en est la preuve. Un canap\u00e9-lit au style raffin\u00e9, aux courbes harmonieuses,","og_url":"https:\/\/www.vitarelax.it\/fr\/prodotto\/ghost\/","og_site_name":"Vitarelax","article_publisher":"https:\/\/www.facebook.com\/vitarelaxsrl\/","article_modified_time":"2025-02-11T10:51:34+00:00","og_image":[{"width":1120,"height":840,"url":"https:\/\/www.vitarelax.it\/wp-content\/uploads\/2023\/03\/GHOST-sfondo.jpg","type":"image\/jpeg"}],"twitter_card":"summary_large_image","twitter_misc":{"Dur\u00e9e de lecture estim\u00e9e":"1 minute"},"schema":{"@context":"https:\/\/schema.org","@graph":[{"@type":"WebPage","@id":"https:\/\/www.vitarelax.it\/fr\/prodotto\/ghost\/","url":"https:\/\/www.vitarelax.it\/fr\/prodotto\/ghost\/","name":"Canap\u00e9s-lits &#8211; Ghost &#8211; Vitarelax","isPartOf":{"@id":"https:\/\/www.vitarelax.it\/fr\/#website"},"primaryImageOfPage":{"@id":"https:\/\/www.vitarelax.it\/fr\/prodotto\/ghost\/#primaryimage"},"image":{"@id":"https:\/\/www.vitarelax.it\/fr\/prodotto\/ghost\/#primaryimage"},"thumbnailUrl":"https:\/\/www.vitarelax.it\/wp-content\/uploads\/2023\/03\/GHOST-sfondo.jpg","datePublished":"2023-04-05T15:52:22+00:00","dateModified":"2025-02-11T10:51:34+00:00","description":"Le style est fait de d\u00e9tails qui ne passent pas inaper\u00e7us et le GHOST en est la preuve. Un canap\u00e9-lit au style raffin\u00e9, aux courbes harmonieuses,","breadcrumb":{"@id":"https:\/\/www.vitarelax.it\/fr\/prodotto\/ghost\/#breadcrumb"},"inLanguage":"fr-FR","potentialAction":[{"@type":"ReadAction","target":["https:\/\/www.vitarelax.it\/fr\/prodotto\/ghost\/"]}]},{"@type":"ImageObject","inLanguage":"fr-FR","@id":"https:\/\/www.vitarelax.it\/fr\/prodotto\/ghost\/#primaryimage","url":"https:\/\/www.vitarelax.it\/wp-content\/uploads\/2023\/03\/GHOST-sfondo.jpg","contentUrl":"https:\/\/www.vitarelax.it\/wp-content\/uploads\/2023\/03\/GHOST-sfondo.jpg","width":1120,"height":840},{"@type":"BreadcrumbList","@id":"https:\/\/www.vitarelax.it\/fr\/prodotto\/ghost\/#breadcrumb","itemListElement":[{"@type":"ListItem","position":1,"name":"Home","item":"https:\/\/www.vitarelax.it\/fr\/"},{"@type":"ListItem","position":2,"name":"Divani &#038; Poltrone","item":"https:\/\/www.vitarelax.it\/it\/divani-e-poltrone\/"},{"@type":"ListItem","position":3,"name":"Ghost"}]},{"@type":"WebSite","@id":"https:\/\/www.vitarelax.it\/fr\/#website","url":"https:\/\/www.vitarelax.it\/fr\/","name":"Vitarelax","description":"Poltrone e Divani","publisher":{"@id":"https:\/\/www.vitarelax.it\/fr\/#organization"},"potentialAction":[{"@type":"SearchAction","target":{"@type":"EntryPoint","urlTemplate":"https:\/\/www.vitarelax.it\/fr\/?s={search_term_string}"},"query-input":{"@type":"PropertyValueSpecification","valueRequired":true,"valueName":"search_term_string"}}],"inLanguage":"fr-FR"},{"@type":"Organization","@id":"https:\/\/www.vitarelax.it\/fr\/#organization","name":"Vitarelax","url":"https:\/\/www.vitarelax.it\/fr\/","logo":{"@type":"ImageObject","inLanguage":"fr-FR","@id":"https:\/\/www.vitarelax.it\/fr\/#\/schema\/logo\/image\/","url":"https:\/\/www.vitarelax.it\/wp-content\/uploads\/2017\/12\/c-logoVitarelax.png","contentUrl":"https:\/\/www.vitarelax.it\/wp-content\/uploads\/2017\/12\/c-logoVitarelax.png","width":240,"height":100,"caption":"Vitarelax"},"image":{"@id":"https:\/\/www.vitarelax.it\/fr\/#\/schema\/logo\/image\/"},"sameAs":["https:\/\/www.facebook.com\/vitarelaxsrl\/"]}]}},"_links":{"self":[{"href":"https:\/\/www.vitarelax.it\/fr\/wp-json\/wp\/v2\/product\/24435","targetHints":{"allow":["GET"]}}],"collection":[{"href":"https:\/\/www.vitarelax.it\/fr\/wp-json\/wp\/v2\/product"}],"about":[{"href":"https:\/\/www.vitarelax.it\/fr\/wp-json\/wp\/v2\/types\/product"}],"wp:featuredmedia":[{"embeddable":true,"href":"https:\/\/www.vitarelax.it\/fr\/wp-json\/wp\/v2\/media\/24134"}],"wp:attachment":[{"href":"https:\/\/www.vitarelax.it\/fr\/wp-json\/wp\/v2\/media?parent=24435"}],"wp:term":[{"taxonomy":"product_brand","embeddable":true,"href":"https:\/\/www.vitarelax.it\/fr\/wp-json\/wp\/v2\/product_brand?post=24435"},{"taxonomy":"product_cat","embeddable":true,"href":"https:\/\/www.vitarelax.it\/fr\/wp-json\/wp\/v2\/product_cat?post=24435"},{"taxonomy":"product_tag","embeddable":true,"href":"https:\/\/www.vitarelax.it\/fr\/wp-json\/wp\/v2\/product_tag?post=24435"}],"curies":[{"name":"wp","href":"https:\/\/api.w.org\/{rel}","templated":true}]}}