{"id":24433,"date":"2023-04-05T17:54:48","date_gmt":"2023-04-05T15:54:48","guid":{"rendered":"https:\/\/www.vitarelax.it\/?post_type=product&#038;p=24433"},"modified":"2023-05-09T11:15:34","modified_gmt":"2023-05-09T09:15:34","slug":"vintage","status":"publish","type":"product","link":"https:\/\/www.vitarelax.it\/fr\/prodotto\/vintage\/","title":{"rendered":"Vintage"},"content":{"rendered":"<p>R\u00e9interpr\u00e9ter un style intemporel pour le rendre actuel et projet\u00e9 dans le futur : Le VINTAGE est n\u00e9 ainsi.<\/p>\n<p>Ses lignes raffin\u00e9es conf\u00e8rent \u00e0 l&rsquo;environnement un style distinctif et incomparable, fait d&rsquo;une \u00e9l\u00e9gance se mesurant \u00e0 l&rsquo;air du temps. Ses appui-t\u00eates r\u00e9glables sur trois hauteurs font de ce canap\u00e9-lit un v\u00e9ritable bijou de style et de confort.<\/p>\n","protected":false},"excerpt":{"rendered":"<p>R\u00e9interpr\u00e9ter un style intemporel pour le rendre actuel et projet\u00e9 dans le futur : Le VINTAGE est n\u00e9 ainsi. Ses lignes raffin\u00e9es conf\u00e8rent \u00e0 l&rsquo;environnement un style distinctif et incomparable, &hellip; <\/p>\n","protected":false},"featured_media":24182,"template":"","meta":[],"product_brand":[],"product_cat":[126],"product_tag":[390,475,452,473],"class_list":{"0":"post-24433","1":"product","2":"type-product","3":"status-publish","4":"has-post-thumbnail","6":"product_cat-canapes-lits","7":"product_tag-sommier-option","8":"product_tag-appui-tete-reglable-sur-3-positions","9":"product_tag-en-partie-dehoussable","10":"product_tag-sommier-electro-soude-otello-big","12":"first","13":"instock","14":"shipping-taxable","15":"product-type-simple"},"acf":[],"yoast_head":"<!-- This site is optimized with the Yoast SEO plugin v26.2 - https:\/\/yoast.com\/wordpress\/plugins\/seo\/ -->\n<title>Canap\u00e9s-lits &#8211; Vintage &#8211; Vitarelax<\/title>\n<meta name=\"description\" content=\"R\u00e9interpr\u00e9ter un style intemporel pour le rendre actuel et projet\u00e9 dans le futur : Le VINTAGE est n\u00e9 ainsi. Ses lignes raffin\u00e9es conf\u00e8rent \u00e0\" \/>\n<meta name=\"robots\" content=\"index, follow, max-snippet:-1, max-image-preview:large, max-video-preview:-1\" \/>\n<link rel=\"canonical\" href=\"https:\/\/www.vitarelax.it\/fr\/prodotto\/vintage\/\" \/>\n<meta property=\"og:locale\" content=\"fr_FR\" \/>\n<meta property=\"og:type\" content=\"article\" \/>\n<meta property=\"og:title\" content=\"Canap\u00e9s-lits &#8211; Vintage &#8211; Vitarelax\" \/>\n<meta property=\"og:description\" content=\"R\u00e9interpr\u00e9ter un style intemporel pour le rendre actuel et projet\u00e9 dans le futur : Le VINTAGE est n\u00e9 ainsi. Ses lignes raffin\u00e9es conf\u00e8rent \u00e0\" \/>\n<meta property=\"og:url\" content=\"https:\/\/www.vitarelax.it\/fr\/prodotto\/vintage\/\" \/>\n<meta property=\"og:site_name\" content=\"Vitarelax\" \/>\n<meta property=\"article:publisher\" content=\"https:\/\/www.facebook.com\/vitarelaxsrl\/\" \/>\n<meta property=\"article:modified_time\" content=\"2023-05-09T09:15:34+00:00\" \/>\n<meta property=\"og:image\" content=\"https:\/\/www.vitarelax.it\/wp-content\/uploads\/2023\/03\/VINTAGE-sfondo.jpg\" \/>\n\t<meta property=\"og:image:width\" content=\"1120\" \/>\n\t<meta property=\"og:image:height\" content=\"840\" \/>\n\t<meta property=\"og:image:type\" content=\"image\/jpeg\" \/>\n<meta name=\"twitter:card\" content=\"summary_large_image\" \/>\n<meta name=\"twitter:label1\" content=\"Dur\u00e9e de lecture estim\u00e9e\" \/>\n\t<meta name=\"twitter:data1\" content=\"1 minute\" \/>\n<script type=\"application\/ld+json\" class=\"yoast-schema-graph\">{\"@context\":\"https:\/\/schema.org\",\"@graph\":[{\"@type\":\"WebPage\",\"@id\":\"https:\/\/www.vitarelax.it\/fr\/prodotto\/vintage\/\",\"url\":\"https:\/\/www.vitarelax.it\/fr\/prodotto\/vintage\/\",\"name\":\"Canap\u00e9s-lits &#8211; Vintage &#8211; Vitarelax\",\"isPartOf\":{\"@id\":\"https:\/\/www.vitarelax.it\/fr\/#website\"},\"primaryImageOfPage\":{\"@id\":\"https:\/\/www.vitarelax.it\/fr\/prodotto\/vintage\/#primaryimage\"},\"image\":{\"@id\":\"https:\/\/www.vitarelax.it\/fr\/prodotto\/vintage\/#primaryimage\"},\"thumbnailUrl\":\"https:\/\/www.vitarelax.it\/wp-content\/uploads\/2023\/03\/VINTAGE-sfondo.jpg\",\"datePublished\":\"2023-04-05T15:54:48+00:00\",\"dateModified\":\"2023-05-09T09:15:34+00:00\",\"description\":\"R\u00e9interpr\u00e9ter un style intemporel pour le rendre actuel et projet\u00e9 dans le futur : Le VINTAGE est n\u00e9 ainsi. Ses lignes raffin\u00e9es conf\u00e8rent \u00e0\",\"breadcrumb\":{\"@id\":\"https:\/\/www.vitarelax.it\/fr\/prodotto\/vintage\/#breadcrumb\"},\"inLanguage\":\"fr-FR\",\"potentialAction\":[{\"@type\":\"ReadAction\",\"target\":[\"https:\/\/www.vitarelax.it\/fr\/prodotto\/vintage\/\"]}]},{\"@type\":\"ImageObject\",\"inLanguage\":\"fr-FR\",\"@id\":\"https:\/\/www.vitarelax.it\/fr\/prodotto\/vintage\/#primaryimage\",\"url\":\"https:\/\/www.vitarelax.it\/wp-content\/uploads\/2023\/03\/VINTAGE-sfondo.jpg\",\"contentUrl\":\"https:\/\/www.vitarelax.it\/wp-content\/uploads\/2023\/03\/VINTAGE-sfondo.jpg\",\"width\":1120,\"height\":840},{\"@type\":\"BreadcrumbList\",\"@id\":\"https:\/\/www.vitarelax.it\/fr\/prodotto\/vintage\/#breadcrumb\",\"itemListElement\":[{\"@type\":\"ListItem\",\"position\":1,\"name\":\"Home\",\"item\":\"https:\/\/www.vitarelax.it\/fr\/\"},{\"@type\":\"ListItem\",\"position\":2,\"name\":\"Divani &#038; Poltrone\",\"item\":\"https:\/\/www.vitarelax.it\/it\/divani-e-poltrone\/\"},{\"@type\":\"ListItem\",\"position\":3,\"name\":\"Vintage\"}]},{\"@type\":\"WebSite\",\"@id\":\"https:\/\/www.vitarelax.it\/fr\/#website\",\"url\":\"https:\/\/www.vitarelax.it\/fr\/\",\"name\":\"Vitarelax\",\"description\":\"Poltrone e Divani\",\"publisher\":{\"@id\":\"https:\/\/www.vitarelax.it\/fr\/#organization\"},\"potentialAction\":[{\"@type\":\"SearchAction\",\"target\":{\"@type\":\"EntryPoint\",\"urlTemplate\":\"https:\/\/www.vitarelax.it\/fr\/?s={search_term_string}\"},\"query-input\":{\"@type\":\"PropertyValueSpecification\",\"valueRequired\":true,\"valueName\":\"search_term_string\"}}],\"inLanguage\":\"fr-FR\"},{\"@type\":\"Organization\",\"@id\":\"https:\/\/www.vitarelax.it\/fr\/#organization\",\"name\":\"Vitarelax\",\"url\":\"https:\/\/www.vitarelax.it\/fr\/\",\"logo\":{\"@type\":\"ImageObject\",\"inLanguage\":\"fr-FR\",\"@id\":\"https:\/\/www.vitarelax.it\/fr\/#\/schema\/logo\/image\/\",\"url\":\"https:\/\/www.vitarelax.it\/wp-content\/uploads\/2017\/12\/c-logoVitarelax.png\",\"contentUrl\":\"https:\/\/www.vitarelax.it\/wp-content\/uploads\/2017\/12\/c-logoVitarelax.png\",\"width\":240,\"height\":100,\"caption\":\"Vitarelax\"},\"image\":{\"@id\":\"https:\/\/www.vitarelax.it\/fr\/#\/schema\/logo\/image\/\"},\"sameAs\":[\"https:\/\/www.facebook.com\/vitarelaxsrl\/\"]}]}<\/script>\n<!-- \/ Yoast SEO plugin. -->","yoast_head_json":{"title":"Canap\u00e9s-lits &#8211; Vintage &#8211; Vitarelax","description":"R\u00e9interpr\u00e9ter un style intemporel pour le rendre actuel et projet\u00e9 dans le futur : Le VINTAGE est n\u00e9 ainsi. Ses lignes raffin\u00e9es conf\u00e8rent \u00e0","robots":{"index":"index","follow":"follow","max-snippet":"max-snippet:-1","max-image-preview":"max-image-preview:large","max-video-preview":"max-video-preview:-1"},"canonical":"https:\/\/www.vitarelax.it\/fr\/prodotto\/vintage\/","og_locale":"fr_FR","og_type":"article","og_title":"Canap\u00e9s-lits &#8211; Vintage &#8211; Vitarelax","og_description":"R\u00e9interpr\u00e9ter un style intemporel pour le rendre actuel et projet\u00e9 dans le futur : Le VINTAGE est n\u00e9 ainsi. Ses lignes raffin\u00e9es conf\u00e8rent \u00e0","og_url":"https:\/\/www.vitarelax.it\/fr\/prodotto\/vintage\/","og_site_name":"Vitarelax","article_publisher":"https:\/\/www.facebook.com\/vitarelaxsrl\/","article_modified_time":"2023-05-09T09:15:34+00:00","og_image":[{"width":1120,"height":840,"url":"https:\/\/www.vitarelax.it\/wp-content\/uploads\/2023\/03\/VINTAGE-sfondo.jpg","type":"image\/jpeg"}],"twitter_card":"summary_large_image","twitter_misc":{"Dur\u00e9e de lecture estim\u00e9e":"1 minute"},"schema":{"@context":"https:\/\/schema.org","@graph":[{"@type":"WebPage","@id":"https:\/\/www.vitarelax.it\/fr\/prodotto\/vintage\/","url":"https:\/\/www.vitarelax.it\/fr\/prodotto\/vintage\/","name":"Canap\u00e9s-lits &#8211; Vintage &#8211; Vitarelax","isPartOf":{"@id":"https:\/\/www.vitarelax.it\/fr\/#website"},"primaryImageOfPage":{"@id":"https:\/\/www.vitarelax.it\/fr\/prodotto\/vintage\/#primaryimage"},"image":{"@id":"https:\/\/www.vitarelax.it\/fr\/prodotto\/vintage\/#primaryimage"},"thumbnailUrl":"https:\/\/www.vitarelax.it\/wp-content\/uploads\/2023\/03\/VINTAGE-sfondo.jpg","datePublished":"2023-04-05T15:54:48+00:00","dateModified":"2023-05-09T09:15:34+00:00","description":"R\u00e9interpr\u00e9ter un style intemporel pour le rendre actuel et projet\u00e9 dans le futur : Le VINTAGE est n\u00e9 ainsi. Ses lignes raffin\u00e9es conf\u00e8rent \u00e0","breadcrumb":{"@id":"https:\/\/www.vitarelax.it\/fr\/prodotto\/vintage\/#breadcrumb"},"inLanguage":"fr-FR","potentialAction":[{"@type":"ReadAction","target":["https:\/\/www.vitarelax.it\/fr\/prodotto\/vintage\/"]}]},{"@type":"ImageObject","inLanguage":"fr-FR","@id":"https:\/\/www.vitarelax.it\/fr\/prodotto\/vintage\/#primaryimage","url":"https:\/\/www.vitarelax.it\/wp-content\/uploads\/2023\/03\/VINTAGE-sfondo.jpg","contentUrl":"https:\/\/www.vitarelax.it\/wp-content\/uploads\/2023\/03\/VINTAGE-sfondo.jpg","width":1120,"height":840},{"@type":"BreadcrumbList","@id":"https:\/\/www.vitarelax.it\/fr\/prodotto\/vintage\/#breadcrumb","itemListElement":[{"@type":"ListItem","position":1,"name":"Home","item":"https:\/\/www.vitarelax.it\/fr\/"},{"@type":"ListItem","position":2,"name":"Divani &#038; Poltrone","item":"https:\/\/www.vitarelax.it\/it\/divani-e-poltrone\/"},{"@type":"ListItem","position":3,"name":"Vintage"}]},{"@type":"WebSite","@id":"https:\/\/www.vitarelax.it\/fr\/#website","url":"https:\/\/www.vitarelax.it\/fr\/","name":"Vitarelax","description":"Poltrone e Divani","publisher":{"@id":"https:\/\/www.vitarelax.it\/fr\/#organization"},"potentialAction":[{"@type":"SearchAction","target":{"@type":"EntryPoint","urlTemplate":"https:\/\/www.vitarelax.it\/fr\/?s={search_term_string}"},"query-input":{"@type":"PropertyValueSpecification","valueRequired":true,"valueName":"search_term_string"}}],"inLanguage":"fr-FR"},{"@type":"Organization","@id":"https:\/\/www.vitarelax.it\/fr\/#organization","name":"Vitarelax","url":"https:\/\/www.vitarelax.it\/fr\/","logo":{"@type":"ImageObject","inLanguage":"fr-FR","@id":"https:\/\/www.vitarelax.it\/fr\/#\/schema\/logo\/image\/","url":"https:\/\/www.vitarelax.it\/wp-content\/uploads\/2017\/12\/c-logoVitarelax.png","contentUrl":"https:\/\/www.vitarelax.it\/wp-content\/uploads\/2017\/12\/c-logoVitarelax.png","width":240,"height":100,"caption":"Vitarelax"},"image":{"@id":"https:\/\/www.vitarelax.it\/fr\/#\/schema\/logo\/image\/"},"sameAs":["https:\/\/www.facebook.com\/vitarelaxsrl\/"]}]}},"_links":{"self":[{"href":"https:\/\/www.vitarelax.it\/fr\/wp-json\/wp\/v2\/product\/24433","targetHints":{"allow":["GET"]}}],"collection":[{"href":"https:\/\/www.vitarelax.it\/fr\/wp-json\/wp\/v2\/product"}],"about":[{"href":"https:\/\/www.vitarelax.it\/fr\/wp-json\/wp\/v2\/types\/product"}],"wp:featuredmedia":[{"embeddable":true,"href":"https:\/\/www.vitarelax.it\/fr\/wp-json\/wp\/v2\/media\/24182"}],"wp:attachment":[{"href":"https:\/\/www.vitarelax.it\/fr\/wp-json\/wp\/v2\/media?parent=24433"}],"wp:term":[{"taxonomy":"product_brand","embeddable":true,"href":"https:\/\/www.vitarelax.it\/fr\/wp-json\/wp\/v2\/product_brand?post=24433"},{"taxonomy":"product_cat","embeddable":true,"href":"https:\/\/www.vitarelax.it\/fr\/wp-json\/wp\/v2\/product_cat?post=24433"},{"taxonomy":"product_tag","embeddable":true,"href":"https:\/\/www.vitarelax.it\/fr\/wp-json\/wp\/v2\/product_tag?post=24433"}],"curies":[{"name":"wp","href":"https:\/\/api.w.org\/{rel}","templated":true}]}}