{"id":22370,"date":"2022-06-24T09:33:47","date_gmt":"2022-06-24T07:33:47","guid":{"rendered":"https:\/\/www.vitarelax.it\/?post_type=product&#038;p=22370"},"modified":"2022-09-16T11:33:46","modified_gmt":"2022-09-16T09:33:46","slug":"brio-canape-lit","status":"publish","type":"product","link":"https:\/\/www.vitarelax.it\/fr\/prodotto\/brio-canape-lit\/","title":{"rendered":"Brio"},"content":{"rendered":"<p>L\u2019essentialit\u00e9 qui ne renonce pas au raffinement du d\u00e9tail.<\/p>\n<p>Brio est le canap\u00e9 que personne n\u2019imaginerait aussi comme un lit. En tant que lit, il offre une atmosph\u00e8re et une relaxation enveloppante et surprenante, notamment gr\u00e2ce au matelas de 17 cm d\u2019\u00e9paisseur. Ses lignes con\u00e7ues de mani\u00e8re \u00e9l\u00e9gante, tout en \u00e9tant essentielles et actuelles &#8211; se retrouvent dans un dernier d\u00e9tail: le pied m\u00e9tallique qui fait partie de l\u2019accoudoir.<\/p>\n<p>Un confort sans faille.<\/p>\n","protected":false},"excerpt":{"rendered":"<p>L\u2019essentialit\u00e9 qui ne renonce pas au raffinement du d\u00e9tail. Brio est le canap\u00e9 que personne n\u2019imaginerait aussi comme un lit. En tant que lit, il offre une atmosph\u00e8re et une &hellip; <\/p>\n","protected":false},"featured_media":22353,"template":"","meta":[],"product_brand":[],"product_cat":[126],"product_tag":[390,442,167,452],"class_list":{"0":"post-22370","1":"product","2":"type-product","3":"status-publish","4":"has-post-thumbnail","6":"product_cat-canapes-lits","7":"product_tag-sommier-option","8":"product_tag-pied-en-metal-peint","9":"product_tag-matelas-h17cm","10":"product_tag-en-partie-dehoussable","12":"first","13":"instock","14":"shipping-taxable","15":"product-type-simple"},"acf":[],"yoast_head":"<!-- This site is optimized with the Yoast SEO plugin v26.2 - https:\/\/yoast.com\/wordpress\/plugins\/seo\/ -->\n<title>Canap\u00e9s-lits &#8211; Brio &#8211; Vitarelax<\/title>\n<meta name=\"description\" content=\"L\u2019essentialit\u00e9 qui ne renonce pas au raffinement du d\u00e9tail. Brio est le canap\u00e9 que personne n\u2019imaginerait aussi comme un lit. En tant que lit, il offre\" \/>\n<meta name=\"robots\" content=\"index, follow, max-snippet:-1, max-image-preview:large, max-video-preview:-1\" \/>\n<link rel=\"canonical\" href=\"https:\/\/www.vitarelax.it\/fr\/prodotto\/brio-canape-lit\/\" \/>\n<meta property=\"og:locale\" content=\"fr_FR\" \/>\n<meta property=\"og:type\" content=\"article\" \/>\n<meta property=\"og:title\" content=\"Canap\u00e9s-lits &#8211; Brio &#8211; Vitarelax\" \/>\n<meta property=\"og:description\" content=\"L\u2019essentialit\u00e9 qui ne renonce pas au raffinement du d\u00e9tail. Brio est le canap\u00e9 que personne n\u2019imaginerait aussi comme un lit. En tant que lit, il offre\" \/>\n<meta property=\"og:url\" content=\"https:\/\/www.vitarelax.it\/fr\/prodotto\/brio-canape-lit\/\" \/>\n<meta property=\"og:site_name\" content=\"Vitarelax\" \/>\n<meta property=\"article:publisher\" content=\"https:\/\/www.facebook.com\/vitarelaxsrl\/\" \/>\n<meta property=\"article:modified_time\" content=\"2022-09-16T09:33:46+00:00\" \/>\n<meta property=\"og:image\" content=\"https:\/\/www.vitarelax.it\/wp-content\/uploads\/2022\/06\/brio-thumb.jpg\" \/>\n\t<meta property=\"og:image:width\" content=\"1120\" \/>\n\t<meta property=\"og:image:height\" content=\"840\" \/>\n\t<meta property=\"og:image:type\" content=\"image\/jpeg\" \/>\n<meta name=\"twitter:card\" content=\"summary_large_image\" \/>\n<meta name=\"twitter:label1\" content=\"Dur\u00e9e de lecture estim\u00e9e\" \/>\n\t<meta name=\"twitter:data1\" content=\"1 minute\" \/>\n<script type=\"application\/ld+json\" class=\"yoast-schema-graph\">{\"@context\":\"https:\/\/schema.org\",\"@graph\":[{\"@type\":\"WebPage\",\"@id\":\"https:\/\/www.vitarelax.it\/fr\/prodotto\/brio-canape-lit\/\",\"url\":\"https:\/\/www.vitarelax.it\/fr\/prodotto\/brio-canape-lit\/\",\"name\":\"Canap\u00e9s-lits &#8211; Brio &#8211; Vitarelax\",\"isPartOf\":{\"@id\":\"https:\/\/www.vitarelax.it\/fr\/#website\"},\"primaryImageOfPage\":{\"@id\":\"https:\/\/www.vitarelax.it\/fr\/prodotto\/brio-canape-lit\/#primaryimage\"},\"image\":{\"@id\":\"https:\/\/www.vitarelax.it\/fr\/prodotto\/brio-canape-lit\/#primaryimage\"},\"thumbnailUrl\":\"https:\/\/www.vitarelax.it\/wp-content\/uploads\/2022\/06\/brio-thumb.jpg\",\"datePublished\":\"2022-06-24T07:33:47+00:00\",\"dateModified\":\"2022-09-16T09:33:46+00:00\",\"description\":\"L\u2019essentialit\u00e9 qui ne renonce pas au raffinement du d\u00e9tail. Brio est le canap\u00e9 que personne n\u2019imaginerait aussi comme un lit. En tant que lit, il offre\",\"breadcrumb\":{\"@id\":\"https:\/\/www.vitarelax.it\/fr\/prodotto\/brio-canape-lit\/#breadcrumb\"},\"inLanguage\":\"fr-FR\",\"potentialAction\":[{\"@type\":\"ReadAction\",\"target\":[\"https:\/\/www.vitarelax.it\/fr\/prodotto\/brio-canape-lit\/\"]}]},{\"@type\":\"ImageObject\",\"inLanguage\":\"fr-FR\",\"@id\":\"https:\/\/www.vitarelax.it\/fr\/prodotto\/brio-canape-lit\/#primaryimage\",\"url\":\"https:\/\/www.vitarelax.it\/wp-content\/uploads\/2022\/06\/brio-thumb.jpg\",\"contentUrl\":\"https:\/\/www.vitarelax.it\/wp-content\/uploads\/2022\/06\/brio-thumb.jpg\",\"width\":1120,\"height\":840,\"caption\":\"Divano letto Brio\"},{\"@type\":\"BreadcrumbList\",\"@id\":\"https:\/\/www.vitarelax.it\/fr\/prodotto\/brio-canape-lit\/#breadcrumb\",\"itemListElement\":[{\"@type\":\"ListItem\",\"position\":1,\"name\":\"Home\",\"item\":\"https:\/\/www.vitarelax.it\/fr\/\"},{\"@type\":\"ListItem\",\"position\":2,\"name\":\"Divani &#038; Poltrone\",\"item\":\"https:\/\/www.vitarelax.it\/it\/divani-e-poltrone\/\"},{\"@type\":\"ListItem\",\"position\":3,\"name\":\"Brio\"}]},{\"@type\":\"WebSite\",\"@id\":\"https:\/\/www.vitarelax.it\/fr\/#website\",\"url\":\"https:\/\/www.vitarelax.it\/fr\/\",\"name\":\"Vitarelax\",\"description\":\"Poltrone e Divani\",\"publisher\":{\"@id\":\"https:\/\/www.vitarelax.it\/fr\/#organization\"},\"potentialAction\":[{\"@type\":\"SearchAction\",\"target\":{\"@type\":\"EntryPoint\",\"urlTemplate\":\"https:\/\/www.vitarelax.it\/fr\/?s={search_term_string}\"},\"query-input\":{\"@type\":\"PropertyValueSpecification\",\"valueRequired\":true,\"valueName\":\"search_term_string\"}}],\"inLanguage\":\"fr-FR\"},{\"@type\":\"Organization\",\"@id\":\"https:\/\/www.vitarelax.it\/fr\/#organization\",\"name\":\"Vitarelax\",\"url\":\"https:\/\/www.vitarelax.it\/fr\/\",\"logo\":{\"@type\":\"ImageObject\",\"inLanguage\":\"fr-FR\",\"@id\":\"https:\/\/www.vitarelax.it\/fr\/#\/schema\/logo\/image\/\",\"url\":\"https:\/\/www.vitarelax.it\/wp-content\/uploads\/2017\/12\/c-logoVitarelax.png\",\"contentUrl\":\"https:\/\/www.vitarelax.it\/wp-content\/uploads\/2017\/12\/c-logoVitarelax.png\",\"width\":240,\"height\":100,\"caption\":\"Vitarelax\"},\"image\":{\"@id\":\"https:\/\/www.vitarelax.it\/fr\/#\/schema\/logo\/image\/\"},\"sameAs\":[\"https:\/\/www.facebook.com\/vitarelaxsrl\/\"]}]}<\/script>\n<!-- \/ Yoast SEO plugin. -->","yoast_head_json":{"title":"Canap\u00e9s-lits &#8211; Brio &#8211; Vitarelax","description":"L\u2019essentialit\u00e9 qui ne renonce pas au raffinement du d\u00e9tail. Brio est le canap\u00e9 que personne n\u2019imaginerait aussi comme un lit. En tant que lit, il offre","robots":{"index":"index","follow":"follow","max-snippet":"max-snippet:-1","max-image-preview":"max-image-preview:large","max-video-preview":"max-video-preview:-1"},"canonical":"https:\/\/www.vitarelax.it\/fr\/prodotto\/brio-canape-lit\/","og_locale":"fr_FR","og_type":"article","og_title":"Canap\u00e9s-lits &#8211; Brio &#8211; Vitarelax","og_description":"L\u2019essentialit\u00e9 qui ne renonce pas au raffinement du d\u00e9tail. Brio est le canap\u00e9 que personne n\u2019imaginerait aussi comme un lit. En tant que lit, il offre","og_url":"https:\/\/www.vitarelax.it\/fr\/prodotto\/brio-canape-lit\/","og_site_name":"Vitarelax","article_publisher":"https:\/\/www.facebook.com\/vitarelaxsrl\/","article_modified_time":"2022-09-16T09:33:46+00:00","og_image":[{"width":1120,"height":840,"url":"https:\/\/www.vitarelax.it\/wp-content\/uploads\/2022\/06\/brio-thumb.jpg","type":"image\/jpeg"}],"twitter_card":"summary_large_image","twitter_misc":{"Dur\u00e9e de lecture estim\u00e9e":"1 minute"},"schema":{"@context":"https:\/\/schema.org","@graph":[{"@type":"WebPage","@id":"https:\/\/www.vitarelax.it\/fr\/prodotto\/brio-canape-lit\/","url":"https:\/\/www.vitarelax.it\/fr\/prodotto\/brio-canape-lit\/","name":"Canap\u00e9s-lits &#8211; Brio &#8211; Vitarelax","isPartOf":{"@id":"https:\/\/www.vitarelax.it\/fr\/#website"},"primaryImageOfPage":{"@id":"https:\/\/www.vitarelax.it\/fr\/prodotto\/brio-canape-lit\/#primaryimage"},"image":{"@id":"https:\/\/www.vitarelax.it\/fr\/prodotto\/brio-canape-lit\/#primaryimage"},"thumbnailUrl":"https:\/\/www.vitarelax.it\/wp-content\/uploads\/2022\/06\/brio-thumb.jpg","datePublished":"2022-06-24T07:33:47+00:00","dateModified":"2022-09-16T09:33:46+00:00","description":"L\u2019essentialit\u00e9 qui ne renonce pas au raffinement du d\u00e9tail. Brio est le canap\u00e9 que personne n\u2019imaginerait aussi comme un lit. En tant que lit, il offre","breadcrumb":{"@id":"https:\/\/www.vitarelax.it\/fr\/prodotto\/brio-canape-lit\/#breadcrumb"},"inLanguage":"fr-FR","potentialAction":[{"@type":"ReadAction","target":["https:\/\/www.vitarelax.it\/fr\/prodotto\/brio-canape-lit\/"]}]},{"@type":"ImageObject","inLanguage":"fr-FR","@id":"https:\/\/www.vitarelax.it\/fr\/prodotto\/brio-canape-lit\/#primaryimage","url":"https:\/\/www.vitarelax.it\/wp-content\/uploads\/2022\/06\/brio-thumb.jpg","contentUrl":"https:\/\/www.vitarelax.it\/wp-content\/uploads\/2022\/06\/brio-thumb.jpg","width":1120,"height":840,"caption":"Divano letto Brio"},{"@type":"BreadcrumbList","@id":"https:\/\/www.vitarelax.it\/fr\/prodotto\/brio-canape-lit\/#breadcrumb","itemListElement":[{"@type":"ListItem","position":1,"name":"Home","item":"https:\/\/www.vitarelax.it\/fr\/"},{"@type":"ListItem","position":2,"name":"Divani &#038; Poltrone","item":"https:\/\/www.vitarelax.it\/it\/divani-e-poltrone\/"},{"@type":"ListItem","position":3,"name":"Brio"}]},{"@type":"WebSite","@id":"https:\/\/www.vitarelax.it\/fr\/#website","url":"https:\/\/www.vitarelax.it\/fr\/","name":"Vitarelax","description":"Poltrone e Divani","publisher":{"@id":"https:\/\/www.vitarelax.it\/fr\/#organization"},"potentialAction":[{"@type":"SearchAction","target":{"@type":"EntryPoint","urlTemplate":"https:\/\/www.vitarelax.it\/fr\/?s={search_term_string}"},"query-input":{"@type":"PropertyValueSpecification","valueRequired":true,"valueName":"search_term_string"}}],"inLanguage":"fr-FR"},{"@type":"Organization","@id":"https:\/\/www.vitarelax.it\/fr\/#organization","name":"Vitarelax","url":"https:\/\/www.vitarelax.it\/fr\/","logo":{"@type":"ImageObject","inLanguage":"fr-FR","@id":"https:\/\/www.vitarelax.it\/fr\/#\/schema\/logo\/image\/","url":"https:\/\/www.vitarelax.it\/wp-content\/uploads\/2017\/12\/c-logoVitarelax.png","contentUrl":"https:\/\/www.vitarelax.it\/wp-content\/uploads\/2017\/12\/c-logoVitarelax.png","width":240,"height":100,"caption":"Vitarelax"},"image":{"@id":"https:\/\/www.vitarelax.it\/fr\/#\/schema\/logo\/image\/"},"sameAs":["https:\/\/www.facebook.com\/vitarelaxsrl\/"]}]}},"_links":{"self":[{"href":"https:\/\/www.vitarelax.it\/fr\/wp-json\/wp\/v2\/product\/22370","targetHints":{"allow":["GET"]}}],"collection":[{"href":"https:\/\/www.vitarelax.it\/fr\/wp-json\/wp\/v2\/product"}],"about":[{"href":"https:\/\/www.vitarelax.it\/fr\/wp-json\/wp\/v2\/types\/product"}],"wp:featuredmedia":[{"embeddable":true,"href":"https:\/\/www.vitarelax.it\/fr\/wp-json\/wp\/v2\/media\/22353"}],"wp:attachment":[{"href":"https:\/\/www.vitarelax.it\/fr\/wp-json\/wp\/v2\/media?parent=22370"}],"wp:term":[{"taxonomy":"product_brand","embeddable":true,"href":"https:\/\/www.vitarelax.it\/fr\/wp-json\/wp\/v2\/product_brand?post=22370"},{"taxonomy":"product_cat","embeddable":true,"href":"https:\/\/www.vitarelax.it\/fr\/wp-json\/wp\/v2\/product_cat?post=22370"},{"taxonomy":"product_tag","embeddable":true,"href":"https:\/\/www.vitarelax.it\/fr\/wp-json\/wp\/v2\/product_tag?post=22370"}],"curies":[{"name":"wp","href":"https:\/\/api.w.org\/{rel}","templated":true}]}}