{"id":17356,"date":"2018-12-28T15:38:07","date_gmt":"2018-12-28T14:38:07","guid":{"rendered":"https:\/\/www.vitarelax.it\/?post_type=product&#038;p=17356"},"modified":"2022-10-14T15:40:18","modified_gmt":"2022-10-14T13:40:18","slug":"multipla-xl-fauteuil-relax","status":"publish","type":"product","link":"https:\/\/www.vitarelax.it\/fr\/prodotto\/multipla-xl-fauteuil-relax\/","title":{"rendered":"Multipla XL"},"content":{"rendered":"<p>Vitarelax a cr\u00e9\u00e9 un syst\u00e8me r\u00e9volutionnaire de si\u00e8ges, d&rsquo;accoudoirs et d&rsquo;accessoires pour pouvoir se d\u00e9tendre au maximum.<\/p>\n<p>Avec une <strong>capacit\u00e9 maximale de 190 Kg<\/strong>, <em>Multipla XL<\/em> a \u00e9t\u00e9 con\u00e7u et fabriqu\u00e9 en tenant compte des caract\u00e9ristiques des personnes grande taille.<\/p>\n<p>Ce syst\u00e8me peut \u00eatre personnalis\u00e9 selon vos souhaits, en r\u00e9pondant ainsi au besoin de confort et de praticit\u00e9.<\/p>\n<p>Nous avons con\u00e7u <em>Multipla<\/em> avec des mat\u00e9riaux innovants et de haute qualit\u00e9, au design italien intemporel.<\/p>\n<p>Ce fauteuil offre:<\/p>\n<ul>\n<li class=\"p1\"><strong>trois solutions de dossier<\/strong> avec des profondeurs, des hauteurs et des mat\u00e9riaux diff\u00e9rents<\/li>\n<li class=\"p1\"><strong>deux versions d&rsquo;accoudoirs<\/strong> (fixes ou amovibles), avec tablette multi-fonctions<\/li>\n<li class=\"p1\"><strong>mat\u00e9riaux anti-d\u00e9cubitus<\/strong> sur l\u2019assise et les repose-pieds<\/li>\n<li class=\"p1\"><strong>enti\u00e8rement d\u00e9houssable<\/strong><\/li>\n<li class=\"p1\"><strong>large choix de tissus<\/strong> r\u00e9sistants aux taches, antibact\u00e9riens et non toxiques<\/li>\n<\/ul>\n<p><em>Multipla<\/em> est disponible aussi en <a href=\"https:\/\/www.vitarelax.it\/fr\/prodotto\/multipla-fauteuil-relax\/\"><strong>version standard<\/strong><\/a>.<\/p>\n","protected":false},"excerpt":{"rendered":"<p>Vitarelax a cr\u00e9\u00e9 un syst\u00e8me r\u00e9volutionnaire de si\u00e8ges, d&rsquo;accoudoirs et d&rsquo;accessoires pour pouvoir se d\u00e9tendre au maximum. Avec une capacit\u00e9 maximale de 190 Kg, Multipla XL a \u00e9t\u00e9 con\u00e7u et &hellip; <\/p>\n","protected":false},"featured_media":13081,"template":"","meta":[],"product_brand":[],"product_cat":[132],"product_tag":[146,159,180,184],"class_list":{"0":"post-17356","1":"product","2":"type-product","3":"status-publish","4":"has-post-thumbnail","6":"product_cat-fauteuils-relax","7":"product_tag-completement-dehoussable","8":"product_tag-garantie-2-ans-fauteuils-relax","9":"product_tag-reglage-motorise","10":"product_tag-systeme-lift-leve-personne","12":"first","13":"instock","14":"virtual","15":"product-type-simple"},"acf":[],"yoast_head":"<!-- This site is optimized with the Yoast SEO plugin v26.2 - https:\/\/yoast.com\/wordpress\/plugins\/seo\/ -->\n<title>Fauteuils Relax &#8211; Multipla XL &#8211; Vitarelax<\/title>\n<meta name=\"description\" content=\"Vitarelax a cr\u00e9\u00e9 un syst\u00e8me r\u00e9volutionnaire de si\u00e8ges, d&#039;accoudoirs et d&#039;accessoires pour pouvoir se d\u00e9tendre au maximum. Avec une capacit\u00e9 maximale de\" \/>\n<meta name=\"robots\" content=\"index, follow, max-snippet:-1, max-image-preview:large, max-video-preview:-1\" \/>\n<link rel=\"canonical\" href=\"https:\/\/www.vitarelax.it\/fr\/prodotto\/multipla-xl-fauteuil-relax\/\" \/>\n<meta property=\"og:locale\" content=\"fr_FR\" \/>\n<meta property=\"og:type\" content=\"article\" \/>\n<meta property=\"og:title\" content=\"Fauteuils Relax &#8211; Multipla XL &#8211; Vitarelax\" \/>\n<meta property=\"og:description\" content=\"Vitarelax a cr\u00e9\u00e9 un syst\u00e8me r\u00e9volutionnaire de si\u00e8ges, d&#039;accoudoirs et d&#039;accessoires pour pouvoir se d\u00e9tendre au maximum. Avec une capacit\u00e9 maximale de\" \/>\n<meta property=\"og:url\" content=\"https:\/\/www.vitarelax.it\/fr\/prodotto\/multipla-xl-fauteuil-relax\/\" \/>\n<meta property=\"og:site_name\" content=\"Vitarelax\" \/>\n<meta property=\"article:publisher\" content=\"https:\/\/www.facebook.com\/vitarelaxsrl\/\" \/>\n<meta property=\"article:modified_time\" content=\"2022-10-14T13:40:18+00:00\" \/>\n<meta property=\"og:image\" content=\"https:\/\/www.vitarelax.it\/wp-content\/uploads\/2018\/12\/vitarelax-multipla-xl-thumb-1120x840.jpg\" \/>\n\t<meta property=\"og:image:width\" content=\"1120\" \/>\n\t<meta property=\"og:image:height\" content=\"840\" \/>\n\t<meta property=\"og:image:type\" content=\"image\/jpeg\" \/>\n<meta name=\"twitter:card\" content=\"summary_large_image\" \/>\n<meta name=\"twitter:label1\" content=\"Dur\u00e9e de lecture estim\u00e9e\" \/>\n\t<meta name=\"twitter:data1\" content=\"1 minute\" \/>\n<script type=\"application\/ld+json\" class=\"yoast-schema-graph\">{\"@context\":\"https:\/\/schema.org\",\"@graph\":[{\"@type\":\"WebPage\",\"@id\":\"https:\/\/www.vitarelax.it\/fr\/prodotto\/multipla-xl-fauteuil-relax\/\",\"url\":\"https:\/\/www.vitarelax.it\/fr\/prodotto\/multipla-xl-fauteuil-relax\/\",\"name\":\"Fauteuils Relax &#8211; Multipla XL &#8211; Vitarelax\",\"isPartOf\":{\"@id\":\"https:\/\/www.vitarelax.it\/fr\/#website\"},\"primaryImageOfPage\":{\"@id\":\"https:\/\/www.vitarelax.it\/fr\/prodotto\/multipla-xl-fauteuil-relax\/#primaryimage\"},\"image\":{\"@id\":\"https:\/\/www.vitarelax.it\/fr\/prodotto\/multipla-xl-fauteuil-relax\/#primaryimage\"},\"thumbnailUrl\":\"https:\/\/www.vitarelax.it\/wp-content\/uploads\/2018\/12\/vitarelax-multipla-xl-thumb-1120x840.jpg\",\"datePublished\":\"2018-12-28T14:38:07+00:00\",\"dateModified\":\"2022-10-14T13:40:18+00:00\",\"description\":\"Vitarelax a cr\u00e9\u00e9 un syst\u00e8me r\u00e9volutionnaire de si\u00e8ges, d'accoudoirs et d'accessoires pour pouvoir se d\u00e9tendre au maximum. Avec une capacit\u00e9 maximale de\",\"breadcrumb\":{\"@id\":\"https:\/\/www.vitarelax.it\/fr\/prodotto\/multipla-xl-fauteuil-relax\/#breadcrumb\"},\"inLanguage\":\"fr-FR\",\"potentialAction\":[{\"@type\":\"ReadAction\",\"target\":[\"https:\/\/www.vitarelax.it\/fr\/prodotto\/multipla-xl-fauteuil-relax\/\"]}]},{\"@type\":\"ImageObject\",\"inLanguage\":\"fr-FR\",\"@id\":\"https:\/\/www.vitarelax.it\/fr\/prodotto\/multipla-xl-fauteuil-relax\/#primaryimage\",\"url\":\"https:\/\/www.vitarelax.it\/wp-content\/uploads\/2018\/12\/vitarelax-multipla-xl-thumb-1120x840.jpg\",\"contentUrl\":\"https:\/\/www.vitarelax.it\/wp-content\/uploads\/2018\/12\/vitarelax-multipla-xl-thumb-1120x840.jpg\",\"width\":1120,\"height\":840},{\"@type\":\"BreadcrumbList\",\"@id\":\"https:\/\/www.vitarelax.it\/fr\/prodotto\/multipla-xl-fauteuil-relax\/#breadcrumb\",\"itemListElement\":[{\"@type\":\"ListItem\",\"position\":1,\"name\":\"Home\",\"item\":\"https:\/\/www.vitarelax.it\/fr\/\"},{\"@type\":\"ListItem\",\"position\":2,\"name\":\"Divani &#038; Poltrone\",\"item\":\"https:\/\/www.vitarelax.it\/it\/divani-e-poltrone\/\"},{\"@type\":\"ListItem\",\"position\":3,\"name\":\"Multipla XL\"}]},{\"@type\":\"WebSite\",\"@id\":\"https:\/\/www.vitarelax.it\/fr\/#website\",\"url\":\"https:\/\/www.vitarelax.it\/fr\/\",\"name\":\"Vitarelax\",\"description\":\"Poltrone e Divani\",\"publisher\":{\"@id\":\"https:\/\/www.vitarelax.it\/fr\/#organization\"},\"potentialAction\":[{\"@type\":\"SearchAction\",\"target\":{\"@type\":\"EntryPoint\",\"urlTemplate\":\"https:\/\/www.vitarelax.it\/fr\/?s={search_term_string}\"},\"query-input\":{\"@type\":\"PropertyValueSpecification\",\"valueRequired\":true,\"valueName\":\"search_term_string\"}}],\"inLanguage\":\"fr-FR\"},{\"@type\":\"Organization\",\"@id\":\"https:\/\/www.vitarelax.it\/fr\/#organization\",\"name\":\"Vitarelax\",\"url\":\"https:\/\/www.vitarelax.it\/fr\/\",\"logo\":{\"@type\":\"ImageObject\",\"inLanguage\":\"fr-FR\",\"@id\":\"https:\/\/www.vitarelax.it\/fr\/#\/schema\/logo\/image\/\",\"url\":\"https:\/\/www.vitarelax.it\/wp-content\/uploads\/2017\/12\/c-logoVitarelax.png\",\"contentUrl\":\"https:\/\/www.vitarelax.it\/wp-content\/uploads\/2017\/12\/c-logoVitarelax.png\",\"width\":240,\"height\":100,\"caption\":\"Vitarelax\"},\"image\":{\"@id\":\"https:\/\/www.vitarelax.it\/fr\/#\/schema\/logo\/image\/\"},\"sameAs\":[\"https:\/\/www.facebook.com\/vitarelaxsrl\/\"]}]}<\/script>\n<!-- \/ Yoast SEO plugin. -->","yoast_head_json":{"title":"Fauteuils Relax &#8211; Multipla XL &#8211; Vitarelax","description":"Vitarelax a cr\u00e9\u00e9 un syst\u00e8me r\u00e9volutionnaire de si\u00e8ges, d'accoudoirs et d'accessoires pour pouvoir se d\u00e9tendre au maximum. Avec une capacit\u00e9 maximale de","robots":{"index":"index","follow":"follow","max-snippet":"max-snippet:-1","max-image-preview":"max-image-preview:large","max-video-preview":"max-video-preview:-1"},"canonical":"https:\/\/www.vitarelax.it\/fr\/prodotto\/multipla-xl-fauteuil-relax\/","og_locale":"fr_FR","og_type":"article","og_title":"Fauteuils Relax &#8211; Multipla XL &#8211; Vitarelax","og_description":"Vitarelax a cr\u00e9\u00e9 un syst\u00e8me r\u00e9volutionnaire de si\u00e8ges, d'accoudoirs et d'accessoires pour pouvoir se d\u00e9tendre au maximum. Avec une capacit\u00e9 maximale de","og_url":"https:\/\/www.vitarelax.it\/fr\/prodotto\/multipla-xl-fauteuil-relax\/","og_site_name":"Vitarelax","article_publisher":"https:\/\/www.facebook.com\/vitarelaxsrl\/","article_modified_time":"2022-10-14T13:40:18+00:00","og_image":[{"width":1120,"height":840,"url":"https:\/\/www.vitarelax.it\/wp-content\/uploads\/2018\/12\/vitarelax-multipla-xl-thumb-1120x840.jpg","type":"image\/jpeg"}],"twitter_card":"summary_large_image","twitter_misc":{"Dur\u00e9e de lecture estim\u00e9e":"1 minute"},"schema":{"@context":"https:\/\/schema.org","@graph":[{"@type":"WebPage","@id":"https:\/\/www.vitarelax.it\/fr\/prodotto\/multipla-xl-fauteuil-relax\/","url":"https:\/\/www.vitarelax.it\/fr\/prodotto\/multipla-xl-fauteuil-relax\/","name":"Fauteuils Relax &#8211; Multipla XL &#8211; Vitarelax","isPartOf":{"@id":"https:\/\/www.vitarelax.it\/fr\/#website"},"primaryImageOfPage":{"@id":"https:\/\/www.vitarelax.it\/fr\/prodotto\/multipla-xl-fauteuil-relax\/#primaryimage"},"image":{"@id":"https:\/\/www.vitarelax.it\/fr\/prodotto\/multipla-xl-fauteuil-relax\/#primaryimage"},"thumbnailUrl":"https:\/\/www.vitarelax.it\/wp-content\/uploads\/2018\/12\/vitarelax-multipla-xl-thumb-1120x840.jpg","datePublished":"2018-12-28T14:38:07+00:00","dateModified":"2022-10-14T13:40:18+00:00","description":"Vitarelax a cr\u00e9\u00e9 un syst\u00e8me r\u00e9volutionnaire de si\u00e8ges, d'accoudoirs et d'accessoires pour pouvoir se d\u00e9tendre au maximum. Avec une capacit\u00e9 maximale de","breadcrumb":{"@id":"https:\/\/www.vitarelax.it\/fr\/prodotto\/multipla-xl-fauteuil-relax\/#breadcrumb"},"inLanguage":"fr-FR","potentialAction":[{"@type":"ReadAction","target":["https:\/\/www.vitarelax.it\/fr\/prodotto\/multipla-xl-fauteuil-relax\/"]}]},{"@type":"ImageObject","inLanguage":"fr-FR","@id":"https:\/\/www.vitarelax.it\/fr\/prodotto\/multipla-xl-fauteuil-relax\/#primaryimage","url":"https:\/\/www.vitarelax.it\/wp-content\/uploads\/2018\/12\/vitarelax-multipla-xl-thumb-1120x840.jpg","contentUrl":"https:\/\/www.vitarelax.it\/wp-content\/uploads\/2018\/12\/vitarelax-multipla-xl-thumb-1120x840.jpg","width":1120,"height":840},{"@type":"BreadcrumbList","@id":"https:\/\/www.vitarelax.it\/fr\/prodotto\/multipla-xl-fauteuil-relax\/#breadcrumb","itemListElement":[{"@type":"ListItem","position":1,"name":"Home","item":"https:\/\/www.vitarelax.it\/fr\/"},{"@type":"ListItem","position":2,"name":"Divani &#038; Poltrone","item":"https:\/\/www.vitarelax.it\/it\/divani-e-poltrone\/"},{"@type":"ListItem","position":3,"name":"Multipla XL"}]},{"@type":"WebSite","@id":"https:\/\/www.vitarelax.it\/fr\/#website","url":"https:\/\/www.vitarelax.it\/fr\/","name":"Vitarelax","description":"Poltrone e Divani","publisher":{"@id":"https:\/\/www.vitarelax.it\/fr\/#organization"},"potentialAction":[{"@type":"SearchAction","target":{"@type":"EntryPoint","urlTemplate":"https:\/\/www.vitarelax.it\/fr\/?s={search_term_string}"},"query-input":{"@type":"PropertyValueSpecification","valueRequired":true,"valueName":"search_term_string"}}],"inLanguage":"fr-FR"},{"@type":"Organization","@id":"https:\/\/www.vitarelax.it\/fr\/#organization","name":"Vitarelax","url":"https:\/\/www.vitarelax.it\/fr\/","logo":{"@type":"ImageObject","inLanguage":"fr-FR","@id":"https:\/\/www.vitarelax.it\/fr\/#\/schema\/logo\/image\/","url":"https:\/\/www.vitarelax.it\/wp-content\/uploads\/2017\/12\/c-logoVitarelax.png","contentUrl":"https:\/\/www.vitarelax.it\/wp-content\/uploads\/2017\/12\/c-logoVitarelax.png","width":240,"height":100,"caption":"Vitarelax"},"image":{"@id":"https:\/\/www.vitarelax.it\/fr\/#\/schema\/logo\/image\/"},"sameAs":["https:\/\/www.facebook.com\/vitarelaxsrl\/"]}]}},"_links":{"self":[{"href":"https:\/\/www.vitarelax.it\/fr\/wp-json\/wp\/v2\/product\/17356","targetHints":{"allow":["GET"]}}],"collection":[{"href":"https:\/\/www.vitarelax.it\/fr\/wp-json\/wp\/v2\/product"}],"about":[{"href":"https:\/\/www.vitarelax.it\/fr\/wp-json\/wp\/v2\/types\/product"}],"wp:featuredmedia":[{"embeddable":true,"href":"https:\/\/www.vitarelax.it\/fr\/wp-json\/wp\/v2\/media\/13081"}],"wp:attachment":[{"href":"https:\/\/www.vitarelax.it\/fr\/wp-json\/wp\/v2\/media?parent=17356"}],"wp:term":[{"taxonomy":"product_brand","embeddable":true,"href":"https:\/\/www.vitarelax.it\/fr\/wp-json\/wp\/v2\/product_brand?post=17356"},{"taxonomy":"product_cat","embeddable":true,"href":"https:\/\/www.vitarelax.it\/fr\/wp-json\/wp\/v2\/product_cat?post=17356"},{"taxonomy":"product_tag","embeddable":true,"href":"https:\/\/www.vitarelax.it\/fr\/wp-json\/wp\/v2\/product_tag?post=17356"}],"curies":[{"name":"wp","href":"https:\/\/api.w.org\/{rel}","templated":true}]}}