{"id":15531,"date":"2019-05-31T12:07:41","date_gmt":"2019-05-31T10:07:41","guid":{"rendered":"https:\/\/www.vitarelax.it\/?post_type=product&#038;p=15531"},"modified":"2020-07-29T11:37:30","modified_gmt":"2020-07-29T09:37:30","slug":"rita-fauteuil-relax","status":"publish","type":"product","link":"https:\/\/www.vitarelax.it\/fr\/prodotto\/rita-fauteuil-relax\/","title":{"rendered":"Rita"},"content":{"rendered":"<p>Rita a \u00e9t\u00e9 con\u00e7u dans un but sp\u00e9cifique: offrir le maximum relax possible.<\/p>\n<p>Ce fauteuil est fourni avec un m\u00e9canisme de levage l\u00e8ve-personne \u00e0 2 moteurs.<\/p>\n<p>Il atteint la position de d\u00e9tente par un mouvement ind\u00e9pendant du dossier et du repose-pied afin de pouvoir r\u00e9guler de fa\u00e7on autonome la position de confort optimal.<\/p>\n<p>Le cale-pied peut ainsi \u00eatre soulev\u00e9 \u00e0 tout moment, sans abaisser le dossier, de sorte \u00e0 obtenir la position parfaite devant la t\u00e9l\u00e9vision.<\/p>\n<p>Le fauteuil dispose \u00e9galement d\u2019un mouvement de soul\u00e8vement qui permet aux personnes ayant des difficult\u00e9s \u00e0 la marche de se relever en toute facilit\u00e9.<\/p>\n","protected":false},"excerpt":{"rendered":"<p>Rita a \u00e9t\u00e9 con\u00e7u dans un but sp\u00e9cifique: offrir le maximum relax possible. Ce fauteuil est fourni avec un m\u00e9canisme de levage l\u00e8ve-personne \u00e0 2 moteurs. Il atteint la position &hellip; <\/p>\n","protected":false},"featured_media":18230,"template":"","meta":[],"product_brand":[],"product_cat":[132],"product_tag":[164,146,159,180,184],"class_list":{"0":"post-15531","1":"product","2":"type-product","3":"status-publish","4":"has-post-thumbnail","6":"product_cat-fauteuils-relax","7":"product_tag-kit-roller-option","8":"product_tag-completement-dehoussable","9":"product_tag-garantie-2-ans-fauteuils-relax","10":"product_tag-reglage-motorise","11":"product_tag-systeme-lift-leve-personne","13":"first","14":"instock","15":"featured","16":"virtual","17":"product-type-simple"},"acf":[],"yoast_head":"<!-- This site is optimized with the Yoast SEO plugin v26.2 - https:\/\/yoast.com\/wordpress\/plugins\/seo\/ -->\n<title>Rita &#8211; Poltrona Relax con Kit Roller di serie e tavolino multiuso &#8211; Vitarelax<\/title>\n<meta name=\"description\" content=\"Grazie alla tecnologia Long Relax System, questa poltrona offre la possibilit\u00e0 di controllare lo schienale e il poggiapiedi in modo indipendente.\" \/>\n<meta name=\"robots\" content=\"index, follow, max-snippet:-1, max-image-preview:large, max-video-preview:-1\" \/>\n<link rel=\"canonical\" href=\"https:\/\/www.vitarelax.it\/fr\/prodotto\/rita-fauteuil-relax\/\" \/>\n<meta property=\"og:locale\" content=\"fr_FR\" \/>\n<meta property=\"og:type\" content=\"article\" \/>\n<meta property=\"og:title\" content=\"Rita &#8211; Poltrona Relax con Kit Roller di serie e tavolino multiuso &#8211; Vitarelax\" \/>\n<meta property=\"og:description\" content=\"Grazie alla tecnologia Long Relax System, questa poltrona offre la possibilit\u00e0 di controllare lo schienale e il poggiapiedi in modo indipendente.\" \/>\n<meta property=\"og:url\" content=\"https:\/\/www.vitarelax.it\/fr\/prodotto\/rita-fauteuil-relax\/\" \/>\n<meta property=\"og:site_name\" content=\"Vitarelax\" \/>\n<meta property=\"article:publisher\" content=\"https:\/\/www.facebook.com\/vitarelaxsrl\/\" \/>\n<meta property=\"article:modified_time\" content=\"2020-07-29T09:37:30+00:00\" \/>\n<meta property=\"og:image\" content=\"https:\/\/www.vitarelax.it\/wp-content\/uploads\/2019\/05\/rita-thumb.jpg\" \/>\n\t<meta property=\"og:image:width\" content=\"1120\" \/>\n\t<meta property=\"og:image:height\" content=\"840\" \/>\n\t<meta property=\"og:image:type\" content=\"image\/jpeg\" \/>\n<meta name=\"twitter:card\" content=\"summary_large_image\" \/>\n<meta name=\"twitter:label1\" content=\"Dur\u00e9e de lecture estim\u00e9e\" \/>\n\t<meta name=\"twitter:data1\" content=\"1 minute\" \/>\n<script type=\"application\/ld+json\" class=\"yoast-schema-graph\">{\"@context\":\"https:\/\/schema.org\",\"@graph\":[{\"@type\":\"WebPage\",\"@id\":\"https:\/\/www.vitarelax.it\/fr\/prodotto\/rita-fauteuil-relax\/\",\"url\":\"https:\/\/www.vitarelax.it\/fr\/prodotto\/rita-fauteuil-relax\/\",\"name\":\"Rita &#8211; Poltrona Relax con Kit Roller di serie e tavolino multiuso &#8211; Vitarelax\",\"isPartOf\":{\"@id\":\"https:\/\/www.vitarelax.it\/fr\/#website\"},\"primaryImageOfPage\":{\"@id\":\"https:\/\/www.vitarelax.it\/fr\/prodotto\/rita-fauteuil-relax\/#primaryimage\"},\"image\":{\"@id\":\"https:\/\/www.vitarelax.it\/fr\/prodotto\/rita-fauteuil-relax\/#primaryimage\"},\"thumbnailUrl\":\"https:\/\/www.vitarelax.it\/wp-content\/uploads\/2019\/05\/rita-thumb.jpg\",\"datePublished\":\"2019-05-31T10:07:41+00:00\",\"dateModified\":\"2020-07-29T09:37:30+00:00\",\"description\":\"Grazie alla tecnologia Long Relax System, questa poltrona offre la possibilit\u00e0 di controllare lo schienale e il poggiapiedi in modo indipendente.\",\"breadcrumb\":{\"@id\":\"https:\/\/www.vitarelax.it\/fr\/prodotto\/rita-fauteuil-relax\/#breadcrumb\"},\"inLanguage\":\"fr-FR\",\"potentialAction\":[{\"@type\":\"ReadAction\",\"target\":[\"https:\/\/www.vitarelax.it\/fr\/prodotto\/rita-fauteuil-relax\/\"]}]},{\"@type\":\"ImageObject\",\"inLanguage\":\"fr-FR\",\"@id\":\"https:\/\/www.vitarelax.it\/fr\/prodotto\/rita-fauteuil-relax\/#primaryimage\",\"url\":\"https:\/\/www.vitarelax.it\/wp-content\/uploads\/2019\/05\/rita-thumb.jpg\",\"contentUrl\":\"https:\/\/www.vitarelax.it\/wp-content\/uploads\/2019\/05\/rita-thumb.jpg\",\"width\":1120,\"height\":840,\"caption\":\"Poltrona Relax modello Rita\"},{\"@type\":\"BreadcrumbList\",\"@id\":\"https:\/\/www.vitarelax.it\/fr\/prodotto\/rita-fauteuil-relax\/#breadcrumb\",\"itemListElement\":[{\"@type\":\"ListItem\",\"position\":1,\"name\":\"Home\",\"item\":\"https:\/\/www.vitarelax.it\/fr\/\"},{\"@type\":\"ListItem\",\"position\":2,\"name\":\"Divani &#038; Poltrone\",\"item\":\"https:\/\/www.vitarelax.it\/it\/divani-e-poltrone\/\"},{\"@type\":\"ListItem\",\"position\":3,\"name\":\"Rita\"}]},{\"@type\":\"WebSite\",\"@id\":\"https:\/\/www.vitarelax.it\/fr\/#website\",\"url\":\"https:\/\/www.vitarelax.it\/fr\/\",\"name\":\"Vitarelax\",\"description\":\"Poltrone e Divani\",\"publisher\":{\"@id\":\"https:\/\/www.vitarelax.it\/fr\/#organization\"},\"potentialAction\":[{\"@type\":\"SearchAction\",\"target\":{\"@type\":\"EntryPoint\",\"urlTemplate\":\"https:\/\/www.vitarelax.it\/fr\/?s={search_term_string}\"},\"query-input\":{\"@type\":\"PropertyValueSpecification\",\"valueRequired\":true,\"valueName\":\"search_term_string\"}}],\"inLanguage\":\"fr-FR\"},{\"@type\":\"Organization\",\"@id\":\"https:\/\/www.vitarelax.it\/fr\/#organization\",\"name\":\"Vitarelax\",\"url\":\"https:\/\/www.vitarelax.it\/fr\/\",\"logo\":{\"@type\":\"ImageObject\",\"inLanguage\":\"fr-FR\",\"@id\":\"https:\/\/www.vitarelax.it\/fr\/#\/schema\/logo\/image\/\",\"url\":\"https:\/\/www.vitarelax.it\/wp-content\/uploads\/2017\/12\/c-logoVitarelax.png\",\"contentUrl\":\"https:\/\/www.vitarelax.it\/wp-content\/uploads\/2017\/12\/c-logoVitarelax.png\",\"width\":240,\"height\":100,\"caption\":\"Vitarelax\"},\"image\":{\"@id\":\"https:\/\/www.vitarelax.it\/fr\/#\/schema\/logo\/image\/\"},\"sameAs\":[\"https:\/\/www.facebook.com\/vitarelaxsrl\/\"]}]}<\/script>\n<!-- \/ Yoast SEO plugin. -->","yoast_head_json":{"title":"Rita &#8211; Poltrona Relax con Kit Roller di serie e tavolino multiuso &#8211; Vitarelax","description":"Grazie alla tecnologia Long Relax System, questa poltrona offre la possibilit\u00e0 di controllare lo schienale e il poggiapiedi in modo indipendente.","robots":{"index":"index","follow":"follow","max-snippet":"max-snippet:-1","max-image-preview":"max-image-preview:large","max-video-preview":"max-video-preview:-1"},"canonical":"https:\/\/www.vitarelax.it\/fr\/prodotto\/rita-fauteuil-relax\/","og_locale":"fr_FR","og_type":"article","og_title":"Rita &#8211; Poltrona Relax con Kit Roller di serie e tavolino multiuso &#8211; Vitarelax","og_description":"Grazie alla tecnologia Long Relax System, questa poltrona offre la possibilit\u00e0 di controllare lo schienale e il poggiapiedi in modo indipendente.","og_url":"https:\/\/www.vitarelax.it\/fr\/prodotto\/rita-fauteuil-relax\/","og_site_name":"Vitarelax","article_publisher":"https:\/\/www.facebook.com\/vitarelaxsrl\/","article_modified_time":"2020-07-29T09:37:30+00:00","og_image":[{"width":1120,"height":840,"url":"https:\/\/www.vitarelax.it\/wp-content\/uploads\/2019\/05\/rita-thumb.jpg","type":"image\/jpeg"}],"twitter_card":"summary_large_image","twitter_misc":{"Dur\u00e9e de lecture estim\u00e9e":"1 minute"},"schema":{"@context":"https:\/\/schema.org","@graph":[{"@type":"WebPage","@id":"https:\/\/www.vitarelax.it\/fr\/prodotto\/rita-fauteuil-relax\/","url":"https:\/\/www.vitarelax.it\/fr\/prodotto\/rita-fauteuil-relax\/","name":"Rita &#8211; Poltrona Relax con Kit Roller di serie e tavolino multiuso &#8211; Vitarelax","isPartOf":{"@id":"https:\/\/www.vitarelax.it\/fr\/#website"},"primaryImageOfPage":{"@id":"https:\/\/www.vitarelax.it\/fr\/prodotto\/rita-fauteuil-relax\/#primaryimage"},"image":{"@id":"https:\/\/www.vitarelax.it\/fr\/prodotto\/rita-fauteuil-relax\/#primaryimage"},"thumbnailUrl":"https:\/\/www.vitarelax.it\/wp-content\/uploads\/2019\/05\/rita-thumb.jpg","datePublished":"2019-05-31T10:07:41+00:00","dateModified":"2020-07-29T09:37:30+00:00","description":"Grazie alla tecnologia Long Relax System, questa poltrona offre la possibilit\u00e0 di controllare lo schienale e il poggiapiedi in modo indipendente.","breadcrumb":{"@id":"https:\/\/www.vitarelax.it\/fr\/prodotto\/rita-fauteuil-relax\/#breadcrumb"},"inLanguage":"fr-FR","potentialAction":[{"@type":"ReadAction","target":["https:\/\/www.vitarelax.it\/fr\/prodotto\/rita-fauteuil-relax\/"]}]},{"@type":"ImageObject","inLanguage":"fr-FR","@id":"https:\/\/www.vitarelax.it\/fr\/prodotto\/rita-fauteuil-relax\/#primaryimage","url":"https:\/\/www.vitarelax.it\/wp-content\/uploads\/2019\/05\/rita-thumb.jpg","contentUrl":"https:\/\/www.vitarelax.it\/wp-content\/uploads\/2019\/05\/rita-thumb.jpg","width":1120,"height":840,"caption":"Poltrona Relax modello Rita"},{"@type":"BreadcrumbList","@id":"https:\/\/www.vitarelax.it\/fr\/prodotto\/rita-fauteuil-relax\/#breadcrumb","itemListElement":[{"@type":"ListItem","position":1,"name":"Home","item":"https:\/\/www.vitarelax.it\/fr\/"},{"@type":"ListItem","position":2,"name":"Divani &#038; Poltrone","item":"https:\/\/www.vitarelax.it\/it\/divani-e-poltrone\/"},{"@type":"ListItem","position":3,"name":"Rita"}]},{"@type":"WebSite","@id":"https:\/\/www.vitarelax.it\/fr\/#website","url":"https:\/\/www.vitarelax.it\/fr\/","name":"Vitarelax","description":"Poltrone e Divani","publisher":{"@id":"https:\/\/www.vitarelax.it\/fr\/#organization"},"potentialAction":[{"@type":"SearchAction","target":{"@type":"EntryPoint","urlTemplate":"https:\/\/www.vitarelax.it\/fr\/?s={search_term_string}"},"query-input":{"@type":"PropertyValueSpecification","valueRequired":true,"valueName":"search_term_string"}}],"inLanguage":"fr-FR"},{"@type":"Organization","@id":"https:\/\/www.vitarelax.it\/fr\/#organization","name":"Vitarelax","url":"https:\/\/www.vitarelax.it\/fr\/","logo":{"@type":"ImageObject","inLanguage":"fr-FR","@id":"https:\/\/www.vitarelax.it\/fr\/#\/schema\/logo\/image\/","url":"https:\/\/www.vitarelax.it\/wp-content\/uploads\/2017\/12\/c-logoVitarelax.png","contentUrl":"https:\/\/www.vitarelax.it\/wp-content\/uploads\/2017\/12\/c-logoVitarelax.png","width":240,"height":100,"caption":"Vitarelax"},"image":{"@id":"https:\/\/www.vitarelax.it\/fr\/#\/schema\/logo\/image\/"},"sameAs":["https:\/\/www.facebook.com\/vitarelaxsrl\/"]}]}},"_links":{"self":[{"href":"https:\/\/www.vitarelax.it\/fr\/wp-json\/wp\/v2\/product\/15531","targetHints":{"allow":["GET"]}}],"collection":[{"href":"https:\/\/www.vitarelax.it\/fr\/wp-json\/wp\/v2\/product"}],"about":[{"href":"https:\/\/www.vitarelax.it\/fr\/wp-json\/wp\/v2\/types\/product"}],"wp:featuredmedia":[{"embeddable":true,"href":"https:\/\/www.vitarelax.it\/fr\/wp-json\/wp\/v2\/media\/18230"}],"wp:attachment":[{"href":"https:\/\/www.vitarelax.it\/fr\/wp-json\/wp\/v2\/media?parent=15531"}],"wp:term":[{"taxonomy":"product_brand","embeddable":true,"href":"https:\/\/www.vitarelax.it\/fr\/wp-json\/wp\/v2\/product_brand?post=15531"},{"taxonomy":"product_cat","embeddable":true,"href":"https:\/\/www.vitarelax.it\/fr\/wp-json\/wp\/v2\/product_cat?post=15531"},{"taxonomy":"product_tag","embeddable":true,"href":"https:\/\/www.vitarelax.it\/fr\/wp-json\/wp\/v2\/product_tag?post=15531"}],"curies":[{"name":"wp","href":"https:\/\/api.w.org\/{rel}","templated":true}]}}