{"id":11713,"date":"2018-01-12T14:37:21","date_gmt":"2018-01-12T13:37:21","guid":{"rendered":"https:\/\/www.vitarelax.it\/prodotto\/rene-fauteuil\/"},"modified":"2019-05-31T12:00:22","modified_gmt":"2019-05-31T10:00:22","slug":"rene-fauteuil","status":"publish","type":"product","link":"https:\/\/www.vitarelax.it\/fr\/prodotto\/rene-fauteuil\/","title":{"rendered":"Ren\u00e9 Fauteuil"},"content":{"rendered":"<p>Profil souple, mais \u00e9lanc\u00e9, pour mettre en valeur un salon classique et pour donner une touche d\u2019\u00e9l\u00e9gance \u00e0 un environnement informel.<\/p>\n<p>\u00c9galement disponible en version fauteuil pivotant.<\/p>\n","protected":false},"excerpt":{"rendered":"<p>Profil souple, mais \u00e9lanc\u00e9, pour mettre en valeur un salon classique et pour donner une touche d\u2019\u00e9l\u00e9gance \u00e0 un environnement informel. \u00c9galement disponible en version fauteuil pivotant.<\/p>\n","protected":false},"featured_media":10708,"template":"","meta":[],"product_brand":[],"product_cat":[124],"product_tag":[],"class_list":{"0":"post-11713","1":"product","2":"type-product","3":"status-publish","4":"has-post-thumbnail","6":"product_cat-accessoires","8":"first","9":"instock","10":"virtual","11":"product-type-simple"},"acf":[],"yoast_head":"<!-- This site is optimized with the Yoast SEO plugin v26.2 - https:\/\/yoast.com\/wordpress\/plugins\/seo\/ -->\n<title>Accessoires d&#039;ameublement &#8211; Ren\u00e9 Fauteuil &#8211; Vitarelax<\/title>\n<meta name=\"description\" content=\"Profil souple, mais \u00e9lanc\u00e9, pour mettre en valeur un salon classique et pour donner une touche d\u2019\u00e9l\u00e9gance \u00e0 un environnement informel. \u00c9galement\" \/>\n<meta name=\"robots\" content=\"index, follow, max-snippet:-1, max-image-preview:large, max-video-preview:-1\" \/>\n<link rel=\"canonical\" href=\"https:\/\/www.vitarelax.it\/fr\/prodotto\/rene-fauteuil\/\" \/>\n<meta property=\"og:locale\" content=\"fr_FR\" \/>\n<meta property=\"og:type\" content=\"article\" \/>\n<meta property=\"og:title\" content=\"Accessoires d&#039;ameublement &#8211; Ren\u00e9 Fauteuil &#8211; Vitarelax\" \/>\n<meta property=\"og:description\" content=\"Profil souple, mais \u00e9lanc\u00e9, pour mettre en valeur un salon classique et pour donner une touche d\u2019\u00e9l\u00e9gance \u00e0 un environnement informel. \u00c9galement\" \/>\n<meta property=\"og:url\" content=\"https:\/\/www.vitarelax.it\/fr\/prodotto\/rene-fauteuil\/\" \/>\n<meta property=\"og:site_name\" content=\"Vitarelax\" \/>\n<meta property=\"article:publisher\" content=\"https:\/\/www.facebook.com\/vitarelaxsrl\/\" \/>\n<meta property=\"article:modified_time\" content=\"2019-05-31T10:00:22+00:00\" \/>\n<meta property=\"og:image\" content=\"https:\/\/www.vitarelax.it\/wp-content\/uploads\/2018\/01\/rene-thumb.jpg\" \/>\n\t<meta property=\"og:image:width\" content=\"1120\" \/>\n\t<meta property=\"og:image:height\" content=\"840\" \/>\n\t<meta property=\"og:image:type\" content=\"image\/jpeg\" \/>\n<meta name=\"twitter:card\" content=\"summary_large_image\" \/>\n<script type=\"application\/ld+json\" class=\"yoast-schema-graph\">{\"@context\":\"https:\/\/schema.org\",\"@graph\":[{\"@type\":\"WebPage\",\"@id\":\"https:\/\/www.vitarelax.it\/fr\/prodotto\/rene-fauteuil\/\",\"url\":\"https:\/\/www.vitarelax.it\/fr\/prodotto\/rene-fauteuil\/\",\"name\":\"Accessoires d'ameublement &#8211; Ren\u00e9 Fauteuil &#8211; Vitarelax\",\"isPartOf\":{\"@id\":\"https:\/\/www.vitarelax.it\/fr\/#website\"},\"primaryImageOfPage\":{\"@id\":\"https:\/\/www.vitarelax.it\/fr\/prodotto\/rene-fauteuil\/#primaryimage\"},\"image\":{\"@id\":\"https:\/\/www.vitarelax.it\/fr\/prodotto\/rene-fauteuil\/#primaryimage\"},\"thumbnailUrl\":\"https:\/\/www.vitarelax.it\/wp-content\/uploads\/2018\/01\/rene-thumb.jpg\",\"datePublished\":\"2018-01-12T13:37:21+00:00\",\"dateModified\":\"2019-05-31T10:00:22+00:00\",\"description\":\"Profil souple, mais \u00e9lanc\u00e9, pour mettre en valeur un salon classique et pour donner une touche d\u2019\u00e9l\u00e9gance \u00e0 un environnement informel. \u00c9galement\",\"breadcrumb\":{\"@id\":\"https:\/\/www.vitarelax.it\/fr\/prodotto\/rene-fauteuil\/#breadcrumb\"},\"inLanguage\":\"fr-FR\",\"potentialAction\":[{\"@type\":\"ReadAction\",\"target\":[\"https:\/\/www.vitarelax.it\/fr\/prodotto\/rene-fauteuil\/\"]}]},{\"@type\":\"ImageObject\",\"inLanguage\":\"fr-FR\",\"@id\":\"https:\/\/www.vitarelax.it\/fr\/prodotto\/rene-fauteuil\/#primaryimage\",\"url\":\"https:\/\/www.vitarelax.it\/wp-content\/uploads\/2018\/01\/rene-thumb.jpg\",\"contentUrl\":\"https:\/\/www.vitarelax.it\/wp-content\/uploads\/2018\/01\/rene-thumb.jpg\",\"width\":1120,\"height\":840,\"caption\":\"Fauteuil Ren\u00e9\"},{\"@type\":\"BreadcrumbList\",\"@id\":\"https:\/\/www.vitarelax.it\/fr\/prodotto\/rene-fauteuil\/#breadcrumb\",\"itemListElement\":[{\"@type\":\"ListItem\",\"position\":1,\"name\":\"Home\",\"item\":\"https:\/\/www.vitarelax.it\/fr\/\"},{\"@type\":\"ListItem\",\"position\":2,\"name\":\"Divani &#038; Poltrone\",\"item\":\"https:\/\/www.vitarelax.it\/it\/divani-e-poltrone\/\"},{\"@type\":\"ListItem\",\"position\":3,\"name\":\"Ren\u00e9 Fauteuil\"}]},{\"@type\":\"WebSite\",\"@id\":\"https:\/\/www.vitarelax.it\/fr\/#website\",\"url\":\"https:\/\/www.vitarelax.it\/fr\/\",\"name\":\"Vitarelax\",\"description\":\"Poltrone e Divani\",\"publisher\":{\"@id\":\"https:\/\/www.vitarelax.it\/fr\/#organization\"},\"potentialAction\":[{\"@type\":\"SearchAction\",\"target\":{\"@type\":\"EntryPoint\",\"urlTemplate\":\"https:\/\/www.vitarelax.it\/fr\/?s={search_term_string}\"},\"query-input\":{\"@type\":\"PropertyValueSpecification\",\"valueRequired\":true,\"valueName\":\"search_term_string\"}}],\"inLanguage\":\"fr-FR\"},{\"@type\":\"Organization\",\"@id\":\"https:\/\/www.vitarelax.it\/fr\/#organization\",\"name\":\"Vitarelax\",\"url\":\"https:\/\/www.vitarelax.it\/fr\/\",\"logo\":{\"@type\":\"ImageObject\",\"inLanguage\":\"fr-FR\",\"@id\":\"https:\/\/www.vitarelax.it\/fr\/#\/schema\/logo\/image\/\",\"url\":\"https:\/\/www.vitarelax.it\/wp-content\/uploads\/2017\/12\/c-logoVitarelax.png\",\"contentUrl\":\"https:\/\/www.vitarelax.it\/wp-content\/uploads\/2017\/12\/c-logoVitarelax.png\",\"width\":240,\"height\":100,\"caption\":\"Vitarelax\"},\"image\":{\"@id\":\"https:\/\/www.vitarelax.it\/fr\/#\/schema\/logo\/image\/\"},\"sameAs\":[\"https:\/\/www.facebook.com\/vitarelaxsrl\/\"]}]}<\/script>\n<!-- \/ Yoast SEO plugin. -->","yoast_head_json":{"title":"Accessoires d'ameublement &#8211; Ren\u00e9 Fauteuil &#8211; Vitarelax","description":"Profil souple, mais \u00e9lanc\u00e9, pour mettre en valeur un salon classique et pour donner une touche d\u2019\u00e9l\u00e9gance \u00e0 un environnement informel. \u00c9galement","robots":{"index":"index","follow":"follow","max-snippet":"max-snippet:-1","max-image-preview":"max-image-preview:large","max-video-preview":"max-video-preview:-1"},"canonical":"https:\/\/www.vitarelax.it\/fr\/prodotto\/rene-fauteuil\/","og_locale":"fr_FR","og_type":"article","og_title":"Accessoires d'ameublement &#8211; Ren\u00e9 Fauteuil &#8211; Vitarelax","og_description":"Profil souple, mais \u00e9lanc\u00e9, pour mettre en valeur un salon classique et pour donner une touche d\u2019\u00e9l\u00e9gance \u00e0 un environnement informel. \u00c9galement","og_url":"https:\/\/www.vitarelax.it\/fr\/prodotto\/rene-fauteuil\/","og_site_name":"Vitarelax","article_publisher":"https:\/\/www.facebook.com\/vitarelaxsrl\/","article_modified_time":"2019-05-31T10:00:22+00:00","og_image":[{"width":1120,"height":840,"url":"https:\/\/www.vitarelax.it\/wp-content\/uploads\/2018\/01\/rene-thumb.jpg","type":"image\/jpeg"}],"twitter_card":"summary_large_image","schema":{"@context":"https:\/\/schema.org","@graph":[{"@type":"WebPage","@id":"https:\/\/www.vitarelax.it\/fr\/prodotto\/rene-fauteuil\/","url":"https:\/\/www.vitarelax.it\/fr\/prodotto\/rene-fauteuil\/","name":"Accessoires d'ameublement &#8211; Ren\u00e9 Fauteuil &#8211; Vitarelax","isPartOf":{"@id":"https:\/\/www.vitarelax.it\/fr\/#website"},"primaryImageOfPage":{"@id":"https:\/\/www.vitarelax.it\/fr\/prodotto\/rene-fauteuil\/#primaryimage"},"image":{"@id":"https:\/\/www.vitarelax.it\/fr\/prodotto\/rene-fauteuil\/#primaryimage"},"thumbnailUrl":"https:\/\/www.vitarelax.it\/wp-content\/uploads\/2018\/01\/rene-thumb.jpg","datePublished":"2018-01-12T13:37:21+00:00","dateModified":"2019-05-31T10:00:22+00:00","description":"Profil souple, mais \u00e9lanc\u00e9, pour mettre en valeur un salon classique et pour donner une touche d\u2019\u00e9l\u00e9gance \u00e0 un environnement informel. \u00c9galement","breadcrumb":{"@id":"https:\/\/www.vitarelax.it\/fr\/prodotto\/rene-fauteuil\/#breadcrumb"},"inLanguage":"fr-FR","potentialAction":[{"@type":"ReadAction","target":["https:\/\/www.vitarelax.it\/fr\/prodotto\/rene-fauteuil\/"]}]},{"@type":"ImageObject","inLanguage":"fr-FR","@id":"https:\/\/www.vitarelax.it\/fr\/prodotto\/rene-fauteuil\/#primaryimage","url":"https:\/\/www.vitarelax.it\/wp-content\/uploads\/2018\/01\/rene-thumb.jpg","contentUrl":"https:\/\/www.vitarelax.it\/wp-content\/uploads\/2018\/01\/rene-thumb.jpg","width":1120,"height":840,"caption":"Fauteuil Ren\u00e9"},{"@type":"BreadcrumbList","@id":"https:\/\/www.vitarelax.it\/fr\/prodotto\/rene-fauteuil\/#breadcrumb","itemListElement":[{"@type":"ListItem","position":1,"name":"Home","item":"https:\/\/www.vitarelax.it\/fr\/"},{"@type":"ListItem","position":2,"name":"Divani &#038; Poltrone","item":"https:\/\/www.vitarelax.it\/it\/divani-e-poltrone\/"},{"@type":"ListItem","position":3,"name":"Ren\u00e9 Fauteuil"}]},{"@type":"WebSite","@id":"https:\/\/www.vitarelax.it\/fr\/#website","url":"https:\/\/www.vitarelax.it\/fr\/","name":"Vitarelax","description":"Poltrone e Divani","publisher":{"@id":"https:\/\/www.vitarelax.it\/fr\/#organization"},"potentialAction":[{"@type":"SearchAction","target":{"@type":"EntryPoint","urlTemplate":"https:\/\/www.vitarelax.it\/fr\/?s={search_term_string}"},"query-input":{"@type":"PropertyValueSpecification","valueRequired":true,"valueName":"search_term_string"}}],"inLanguage":"fr-FR"},{"@type":"Organization","@id":"https:\/\/www.vitarelax.it\/fr\/#organization","name":"Vitarelax","url":"https:\/\/www.vitarelax.it\/fr\/","logo":{"@type":"ImageObject","inLanguage":"fr-FR","@id":"https:\/\/www.vitarelax.it\/fr\/#\/schema\/logo\/image\/","url":"https:\/\/www.vitarelax.it\/wp-content\/uploads\/2017\/12\/c-logoVitarelax.png","contentUrl":"https:\/\/www.vitarelax.it\/wp-content\/uploads\/2017\/12\/c-logoVitarelax.png","width":240,"height":100,"caption":"Vitarelax"},"image":{"@id":"https:\/\/www.vitarelax.it\/fr\/#\/schema\/logo\/image\/"},"sameAs":["https:\/\/www.facebook.com\/vitarelaxsrl\/"]}]}},"_links":{"self":[{"href":"https:\/\/www.vitarelax.it\/fr\/wp-json\/wp\/v2\/product\/11713","targetHints":{"allow":["GET"]}}],"collection":[{"href":"https:\/\/www.vitarelax.it\/fr\/wp-json\/wp\/v2\/product"}],"about":[{"href":"https:\/\/www.vitarelax.it\/fr\/wp-json\/wp\/v2\/types\/product"}],"wp:featuredmedia":[{"embeddable":true,"href":"https:\/\/www.vitarelax.it\/fr\/wp-json\/wp\/v2\/media\/10708"}],"wp:attachment":[{"href":"https:\/\/www.vitarelax.it\/fr\/wp-json\/wp\/v2\/media?parent=11713"}],"wp:term":[{"taxonomy":"product_brand","embeddable":true,"href":"https:\/\/www.vitarelax.it\/fr\/wp-json\/wp\/v2\/product_brand?post=11713"},{"taxonomy":"product_cat","embeddable":true,"href":"https:\/\/www.vitarelax.it\/fr\/wp-json\/wp\/v2\/product_cat?post=11713"},{"taxonomy":"product_tag","embeddable":true,"href":"https:\/\/www.vitarelax.it\/fr\/wp-json\/wp\/v2\/product_tag?post=11713"}],"curies":[{"name":"wp","href":"https:\/\/api.w.org\/{rel}","templated":true}]}}