{"id":11607,"date":"2018-01-08T17:06:49","date_gmt":"2018-01-08T16:06:49","guid":{"rendered":"https:\/\/www.vitarelax.it\/prodotto\/extroverso-Canap\u00e9-lit\/"},"modified":"2025-02-11T11:53:50","modified_gmt":"2025-02-11T10:53:50","slug":"extroverso-canape-lit","status":"publish","type":"product","link":"https:\/\/www.vitarelax.it\/fr\/prodotto\/extroverso-canape-lit\/","title":{"rendered":"Extroverso"},"content":{"rendered":"<p>Vivez, amusez-vous, exprimez-vous. Et d\u00e9tendez-vous. Compact et facile \u00e0 ouvrir, <em>Extroverso<\/em> est le Canap\u00e9-lit qui vous permet de passer <b>de la passion au repos sans aucun effort.<\/b><\/p>\n<p>Le confort \u00e0 encombrement r\u00e9duit pour tous les jours. Avec ses dimensions compactes le distinguant de tous les autres, il s\u2019adapte \u00e0 toutes les pi\u00e8ces de la maison et \u00e0 toutes les activit\u00e9s.<\/p>\n<p>Haut de 17\u00a0cm, anallergique et anti-acarien, ce matelas est le lieu id\u00e9al sur lequel se reposer. Un divan pour votre d\u00e9tente et le meilleur lit sur lequel dormir&#8230; Le tout en un seul \u00e9l\u00e9ment d\u2019ameublement.<\/p>\n<p>Des leviers pratiques, facilement accessibles sur le c\u00f4t\u00e9 des accoudoirs du divan, permettent d\u2019activer le syst\u00e8me de soul\u00e8vement sur roues.<\/p>\n<p>Vous pourrez d\u00e9placer votre Extroverso o\u00f9 vous voulez!<\/p>\n<p>&nbsp;<\/p>\n<p><a class=\"button\" href=\"http:\/\/extroverso.vitarelax.it\" target=\"_blank\" rel=\"noopener noreferrer\">D\u00e9couvrez Extroverso<\/a><\/p>\n","protected":false},"excerpt":{"rendered":"<p>Vivez, amusez-vous, exprimez-vous. Et d\u00e9tendez-vous. Compact et facile \u00e0 ouvrir, Extroverso est le Canap\u00e9-lit qui vous permet de passer de la passion au repos sans aucun effort. Le confort \u00e0 &hellip; <\/p>\n","protected":false},"featured_media":15022,"template":"","meta":[],"product_brand":[],"product_cat":[126],"product_tag":[162,390,144,146,182,140,167,540],"class_list":{"0":"post-11607","1":"product","2":"type-product","3":"status-publish","4":"has-post-thumbnail","6":"product_cat-canapes-lits","7":"product_tag-kit-roller-de-serie","8":"product_tag-sommier-option","9":"product_tag-accoudoirs-personnalisables","10":"product_tag-completement-dehoussable","11":"product_tag-dossier-avec-compartiment-pour-coussins","12":"product_tag-egalement-en-version-fixe","13":"product_tag-matelas-h17cm","14":"product_tag-configurables","16":"first","17":"instock","18":"virtual","19":"product-type-simple"},"acf":[],"yoast_head":"<!-- This site is optimized with the Yoast SEO plugin v26.2 - https:\/\/yoast.com\/wordpress\/plugins\/seo\/ -->\n<title>Canap\u00e9s-lits &#8211; Extroverso &#8211; Vitarelax<\/title>\n<meta name=\"description\" content=\"Vivez, amusez-vous, exprimez-vous. Et d\u00e9tendez-vous. Compact et facile \u00e0 ouvrir, Extroverso est le Canap\u00e9-lit qui vous permet de passer de la passion au\" \/>\n<meta name=\"robots\" content=\"index, follow, max-snippet:-1, max-image-preview:large, max-video-preview:-1\" \/>\n<link rel=\"canonical\" href=\"https:\/\/www.vitarelax.it\/fr\/prodotto\/extroverso-canape-lit\/\" \/>\n<meta property=\"og:locale\" content=\"fr_FR\" \/>\n<meta property=\"og:type\" content=\"article\" \/>\n<meta property=\"og:title\" content=\"Canap\u00e9s-lits &#8211; Extroverso &#8211; Vitarelax\" \/>\n<meta property=\"og:description\" content=\"Vivez, amusez-vous, exprimez-vous. Et d\u00e9tendez-vous. Compact et facile \u00e0 ouvrir, Extroverso est le Canap\u00e9-lit qui vous permet de passer de la passion au\" \/>\n<meta property=\"og:url\" content=\"https:\/\/www.vitarelax.it\/fr\/prodotto\/extroverso-canape-lit\/\" \/>\n<meta property=\"og:site_name\" content=\"Vitarelax\" \/>\n<meta property=\"article:publisher\" content=\"https:\/\/www.facebook.com\/vitarelaxsrl\/\" \/>\n<meta property=\"article:modified_time\" content=\"2025-02-11T10:53:50+00:00\" \/>\n<meta property=\"og:image\" content=\"https:\/\/www.vitarelax.it\/wp-content\/uploads\/2018\/01\/extroverso-thumb-2019-05.jpg\" \/>\n\t<meta property=\"og:image:width\" content=\"1120\" \/>\n\t<meta property=\"og:image:height\" content=\"840\" \/>\n\t<meta property=\"og:image:type\" content=\"image\/jpeg\" \/>\n<meta name=\"twitter:card\" content=\"summary_large_image\" \/>\n<meta name=\"twitter:label1\" content=\"Dur\u00e9e de lecture estim\u00e9e\" \/>\n\t<meta name=\"twitter:data1\" content=\"2 minutes\" \/>\n<script type=\"application\/ld+json\" class=\"yoast-schema-graph\">{\"@context\":\"https:\/\/schema.org\",\"@graph\":[{\"@type\":\"WebPage\",\"@id\":\"https:\/\/www.vitarelax.it\/fr\/prodotto\/extroverso-canape-lit\/\",\"url\":\"https:\/\/www.vitarelax.it\/fr\/prodotto\/extroverso-canape-lit\/\",\"name\":\"Canap\u00e9s-lits &#8211; Extroverso &#8211; Vitarelax\",\"isPartOf\":{\"@id\":\"https:\/\/www.vitarelax.it\/fr\/#website\"},\"primaryImageOfPage\":{\"@id\":\"https:\/\/www.vitarelax.it\/fr\/prodotto\/extroverso-canape-lit\/#primaryimage\"},\"image\":{\"@id\":\"https:\/\/www.vitarelax.it\/fr\/prodotto\/extroverso-canape-lit\/#primaryimage\"},\"thumbnailUrl\":\"https:\/\/www.vitarelax.it\/wp-content\/uploads\/2018\/01\/extroverso-thumb-2019-05.jpg\",\"datePublished\":\"2018-01-08T16:06:49+00:00\",\"dateModified\":\"2025-02-11T10:53:50+00:00\",\"description\":\"Vivez, amusez-vous, exprimez-vous. Et d\u00e9tendez-vous. Compact et facile \u00e0 ouvrir, Extroverso est le Canap\u00e9-lit qui vous permet de passer de la passion au\",\"breadcrumb\":{\"@id\":\"https:\/\/www.vitarelax.it\/fr\/prodotto\/extroverso-canape-lit\/#breadcrumb\"},\"inLanguage\":\"fr-FR\",\"potentialAction\":[{\"@type\":\"ReadAction\",\"target\":[\"https:\/\/www.vitarelax.it\/fr\/prodotto\/extroverso-canape-lit\/\"]}]},{\"@type\":\"ImageObject\",\"inLanguage\":\"fr-FR\",\"@id\":\"https:\/\/www.vitarelax.it\/fr\/prodotto\/extroverso-canape-lit\/#primaryimage\",\"url\":\"https:\/\/www.vitarelax.it\/wp-content\/uploads\/2018\/01\/extroverso-thumb-2019-05.jpg\",\"contentUrl\":\"https:\/\/www.vitarelax.it\/wp-content\/uploads\/2018\/01\/extroverso-thumb-2019-05.jpg\",\"width\":1120,\"height\":840,\"caption\":\"Divano letto Extroverso\"},{\"@type\":\"BreadcrumbList\",\"@id\":\"https:\/\/www.vitarelax.it\/fr\/prodotto\/extroverso-canape-lit\/#breadcrumb\",\"itemListElement\":[{\"@type\":\"ListItem\",\"position\":1,\"name\":\"Home\",\"item\":\"https:\/\/www.vitarelax.it\/fr\/\"},{\"@type\":\"ListItem\",\"position\":2,\"name\":\"Divani &#038; Poltrone\",\"item\":\"https:\/\/www.vitarelax.it\/it\/divani-e-poltrone\/\"},{\"@type\":\"ListItem\",\"position\":3,\"name\":\"Extroverso\"}]},{\"@type\":\"WebSite\",\"@id\":\"https:\/\/www.vitarelax.it\/fr\/#website\",\"url\":\"https:\/\/www.vitarelax.it\/fr\/\",\"name\":\"Vitarelax\",\"description\":\"Poltrone e Divani\",\"publisher\":{\"@id\":\"https:\/\/www.vitarelax.it\/fr\/#organization\"},\"potentialAction\":[{\"@type\":\"SearchAction\",\"target\":{\"@type\":\"EntryPoint\",\"urlTemplate\":\"https:\/\/www.vitarelax.it\/fr\/?s={search_term_string}\"},\"query-input\":{\"@type\":\"PropertyValueSpecification\",\"valueRequired\":true,\"valueName\":\"search_term_string\"}}],\"inLanguage\":\"fr-FR\"},{\"@type\":\"Organization\",\"@id\":\"https:\/\/www.vitarelax.it\/fr\/#organization\",\"name\":\"Vitarelax\",\"url\":\"https:\/\/www.vitarelax.it\/fr\/\",\"logo\":{\"@type\":\"ImageObject\",\"inLanguage\":\"fr-FR\",\"@id\":\"https:\/\/www.vitarelax.it\/fr\/#\/schema\/logo\/image\/\",\"url\":\"https:\/\/www.vitarelax.it\/wp-content\/uploads\/2017\/12\/c-logoVitarelax.png\",\"contentUrl\":\"https:\/\/www.vitarelax.it\/wp-content\/uploads\/2017\/12\/c-logoVitarelax.png\",\"width\":240,\"height\":100,\"caption\":\"Vitarelax\"},\"image\":{\"@id\":\"https:\/\/www.vitarelax.it\/fr\/#\/schema\/logo\/image\/\"},\"sameAs\":[\"https:\/\/www.facebook.com\/vitarelaxsrl\/\"]}]}<\/script>\n<!-- \/ Yoast SEO plugin. -->","yoast_head_json":{"title":"Canap\u00e9s-lits &#8211; Extroverso &#8211; Vitarelax","description":"Vivez, amusez-vous, exprimez-vous. Et d\u00e9tendez-vous. Compact et facile \u00e0 ouvrir, Extroverso est le Canap\u00e9-lit qui vous permet de passer de la passion au","robots":{"index":"index","follow":"follow","max-snippet":"max-snippet:-1","max-image-preview":"max-image-preview:large","max-video-preview":"max-video-preview:-1"},"canonical":"https:\/\/www.vitarelax.it\/fr\/prodotto\/extroverso-canape-lit\/","og_locale":"fr_FR","og_type":"article","og_title":"Canap\u00e9s-lits &#8211; Extroverso &#8211; Vitarelax","og_description":"Vivez, amusez-vous, exprimez-vous. Et d\u00e9tendez-vous. Compact et facile \u00e0 ouvrir, Extroverso est le Canap\u00e9-lit qui vous permet de passer de la passion au","og_url":"https:\/\/www.vitarelax.it\/fr\/prodotto\/extroverso-canape-lit\/","og_site_name":"Vitarelax","article_publisher":"https:\/\/www.facebook.com\/vitarelaxsrl\/","article_modified_time":"2025-02-11T10:53:50+00:00","og_image":[{"width":1120,"height":840,"url":"https:\/\/www.vitarelax.it\/wp-content\/uploads\/2018\/01\/extroverso-thumb-2019-05.jpg","type":"image\/jpeg"}],"twitter_card":"summary_large_image","twitter_misc":{"Dur\u00e9e de lecture estim\u00e9e":"2 minutes"},"schema":{"@context":"https:\/\/schema.org","@graph":[{"@type":"WebPage","@id":"https:\/\/www.vitarelax.it\/fr\/prodotto\/extroverso-canape-lit\/","url":"https:\/\/www.vitarelax.it\/fr\/prodotto\/extroverso-canape-lit\/","name":"Canap\u00e9s-lits &#8211; Extroverso &#8211; Vitarelax","isPartOf":{"@id":"https:\/\/www.vitarelax.it\/fr\/#website"},"primaryImageOfPage":{"@id":"https:\/\/www.vitarelax.it\/fr\/prodotto\/extroverso-canape-lit\/#primaryimage"},"image":{"@id":"https:\/\/www.vitarelax.it\/fr\/prodotto\/extroverso-canape-lit\/#primaryimage"},"thumbnailUrl":"https:\/\/www.vitarelax.it\/wp-content\/uploads\/2018\/01\/extroverso-thumb-2019-05.jpg","datePublished":"2018-01-08T16:06:49+00:00","dateModified":"2025-02-11T10:53:50+00:00","description":"Vivez, amusez-vous, exprimez-vous. Et d\u00e9tendez-vous. Compact et facile \u00e0 ouvrir, Extroverso est le Canap\u00e9-lit qui vous permet de passer de la passion au","breadcrumb":{"@id":"https:\/\/www.vitarelax.it\/fr\/prodotto\/extroverso-canape-lit\/#breadcrumb"},"inLanguage":"fr-FR","potentialAction":[{"@type":"ReadAction","target":["https:\/\/www.vitarelax.it\/fr\/prodotto\/extroverso-canape-lit\/"]}]},{"@type":"ImageObject","inLanguage":"fr-FR","@id":"https:\/\/www.vitarelax.it\/fr\/prodotto\/extroverso-canape-lit\/#primaryimage","url":"https:\/\/www.vitarelax.it\/wp-content\/uploads\/2018\/01\/extroverso-thumb-2019-05.jpg","contentUrl":"https:\/\/www.vitarelax.it\/wp-content\/uploads\/2018\/01\/extroverso-thumb-2019-05.jpg","width":1120,"height":840,"caption":"Divano letto Extroverso"},{"@type":"BreadcrumbList","@id":"https:\/\/www.vitarelax.it\/fr\/prodotto\/extroverso-canape-lit\/#breadcrumb","itemListElement":[{"@type":"ListItem","position":1,"name":"Home","item":"https:\/\/www.vitarelax.it\/fr\/"},{"@type":"ListItem","position":2,"name":"Divani &#038; Poltrone","item":"https:\/\/www.vitarelax.it\/it\/divani-e-poltrone\/"},{"@type":"ListItem","position":3,"name":"Extroverso"}]},{"@type":"WebSite","@id":"https:\/\/www.vitarelax.it\/fr\/#website","url":"https:\/\/www.vitarelax.it\/fr\/","name":"Vitarelax","description":"Poltrone e Divani","publisher":{"@id":"https:\/\/www.vitarelax.it\/fr\/#organization"},"potentialAction":[{"@type":"SearchAction","target":{"@type":"EntryPoint","urlTemplate":"https:\/\/www.vitarelax.it\/fr\/?s={search_term_string}"},"query-input":{"@type":"PropertyValueSpecification","valueRequired":true,"valueName":"search_term_string"}}],"inLanguage":"fr-FR"},{"@type":"Organization","@id":"https:\/\/www.vitarelax.it\/fr\/#organization","name":"Vitarelax","url":"https:\/\/www.vitarelax.it\/fr\/","logo":{"@type":"ImageObject","inLanguage":"fr-FR","@id":"https:\/\/www.vitarelax.it\/fr\/#\/schema\/logo\/image\/","url":"https:\/\/www.vitarelax.it\/wp-content\/uploads\/2017\/12\/c-logoVitarelax.png","contentUrl":"https:\/\/www.vitarelax.it\/wp-content\/uploads\/2017\/12\/c-logoVitarelax.png","width":240,"height":100,"caption":"Vitarelax"},"image":{"@id":"https:\/\/www.vitarelax.it\/fr\/#\/schema\/logo\/image\/"},"sameAs":["https:\/\/www.facebook.com\/vitarelaxsrl\/"]}]}},"_links":{"self":[{"href":"https:\/\/www.vitarelax.it\/fr\/wp-json\/wp\/v2\/product\/11607","targetHints":{"allow":["GET"]}}],"collection":[{"href":"https:\/\/www.vitarelax.it\/fr\/wp-json\/wp\/v2\/product"}],"about":[{"href":"https:\/\/www.vitarelax.it\/fr\/wp-json\/wp\/v2\/types\/product"}],"wp:featuredmedia":[{"embeddable":true,"href":"https:\/\/www.vitarelax.it\/fr\/wp-json\/wp\/v2\/media\/15022"}],"wp:attachment":[{"href":"https:\/\/www.vitarelax.it\/fr\/wp-json\/wp\/v2\/media?parent=11607"}],"wp:term":[{"taxonomy":"product_brand","embeddable":true,"href":"https:\/\/www.vitarelax.it\/fr\/wp-json\/wp\/v2\/product_brand?post=11607"},{"taxonomy":"product_cat","embeddable":true,"href":"https:\/\/www.vitarelax.it\/fr\/wp-json\/wp\/v2\/product_cat?post=11607"},{"taxonomy":"product_tag","embeddable":true,"href":"https:\/\/www.vitarelax.it\/fr\/wp-json\/wp\/v2\/product_tag?post=11607"}],"curies":[{"name":"wp","href":"https:\/\/api.w.org\/{rel}","templated":true}]}}