{"id":11557,"date":"2015-11-18T08:34:00","date_gmt":"2015-11-18T07:34:00","guid":{"rendered":"https:\/\/www.vitarelax.it\/?page_id=11557"},"modified":"2018-06-14T10:41:41","modified_gmt":"2018-06-14T08:41:41","slug":"entreprise","status":"publish","type":"page","link":"https:\/\/www.vitarelax.it\/fr\/entreprise\/","title":{"rendered":"Entreprise"},"content":{"rendered":"<div id=\"pl-11557\"  class=\"panel-layout\" ><div id=\"pg-11557-0\"  class=\"panel-grid panel-no-style\" ><div id=\"pgc-11557-0-0\"  class=\"panel-grid-cell\" ><div id=\"panel-11557-0-0-0\" class=\"so-panel widget widget_text panel-first-child panel-last-child\" data-index=\"0\" ><div class=\"u-mb-2 u-ta-c panel-widget-style panel-widget-style-for-11557-0-0-0\" >\t\t\t<div class=\"textwidget\"><h3>Votre relax entre les mains des meilleurs artisans italiens.<\/h3>\n<\/div>\n\t\t<\/div><\/div><\/div><\/div><div id=\"pg-11557-1\"  class=\"panel-grid panel-no-style\" ><div id=\"pgc-11557-1-0\"  class=\"panel-grid-cell\" ><div id=\"panel-11557-1-0-0\" class=\"so-panel widget widget_text panel-first-child panel-last-child\" data-index=\"1\" >\t\t\t<div class=\"textwidget\"><p><img fetchpriority=\"high\" decoding=\"async\" fetchpriority=\"high\" class=\"aligncenter size-full wp-image-11133\" src=\"https:\/\/www.vitarelax.it\/wp-content\/uploads\/2018\/01\/header-about.jpg\" alt=\"\" width=\"1600\" height=\"600\" srcset=\"https:\/\/www.vitarelax.it\/wp-content\/uploads\/2018\/01\/header-about.jpg 1600w, https:\/\/www.vitarelax.it\/wp-content\/uploads\/2018\/01\/header-about-560x210.jpg 560w, https:\/\/www.vitarelax.it\/wp-content\/uploads\/2018\/01\/header-about-320x120.jpg 320w, https:\/\/www.vitarelax.it\/wp-content\/uploads\/2018\/01\/header-about-768x288.jpg 768w, https:\/\/www.vitarelax.it\/wp-content\/uploads\/2018\/01\/header-about-1120x420.jpg 1120w\" sizes=\"(max-width: 1600px) 100vw, 1600px\" \/><\/p>\n<\/div>\n\t\t<\/div><\/div><\/div><div id=\"pg-11557-2\"  class=\"panel-grid panel-has-style\" ><div class=\"panel-row-style panel-row-style-for-11557-2\" ><div id=\"pgc-11557-2-0\"  class=\"panel-grid-cell\" ><div id=\"panel-11557-2-0-0\" class=\"so-panel widget widget_text panel-first-child panel-last-child\" data-index=\"2\" ><h3 class=\"widget-title\">Italiens<\/h3>\t\t\t<div class=\"textwidget\"><p>Vitarelax fabrique ses canap\u00e9s transformables et ses fauteuils enti\u00e8rement \u00e0 Forl\u00ec, en Italie, en employant pour cela des artisans qui produisent des meubles rembourr\u00e9s depuis des d\u00e9cennies et qui connaissent la valeur d\u2019un produit r\u00e9alis\u00e9 dans le seul but d\u2019am\u00e9liorer la qualit\u00e9 de la vie.<\/p>\n<\/div>\n\t\t<\/div><\/div><div id=\"pgc-11557-2-1\"  class=\"panel-grid-cell panel-grid-cell-empty\" ><\/div><div id=\"pgc-11557-2-2\"  class=\"panel-grid-cell\" ><div id=\"panel-11557-2-2-0\" class=\"so-panel widget widget_text panel-first-child panel-last-child\" data-index=\"3\" ><h3 class=\"widget-title\">Garantie de qualit\u00e9<\/h3>\t\t\t<div class=\"textwidget\"><p>Les produits Vitarelax sont garantis 2 ans, bien qu\u2019ils soient con\u00e7us et fabriqu\u00e9s pour durer bien plus longtemps. Le choix des meilleurs mat\u00e9riaux et des m\u00e9canismes les plus r\u00e9sistants permet d\u2019offrir des canap\u00e9s et des fauteuils robustes et convenant \u00e0 un usage intensif et prolong\u00e9.<\/p>\n<\/div>\n\t\t<\/div><\/div><div id=\"pgc-11557-2-3\"  class=\"panel-grid-cell panel-grid-cell-empty\" ><\/div><div id=\"pgc-11557-2-4\"  class=\"panel-grid-cell\" ><div id=\"panel-11557-2-4-0\" class=\"so-panel widget widget_text panel-first-child panel-last-child\" data-index=\"4\" ><h3 class=\"widget-title\">Pour tous les go\u00fbts<\/h3>\t\t\t<div class=\"textwidget\"><p>Gr\u00e2ce \u00e0 une recherche approfondie, Vitarelax propose ses produits avec une vaste gamme de rev\u00eatements allant des cuirs naturels les plus exclusifs aux cuirs \u00e9cologiques les plus pratiques. De tr\u00e8s nombreux rev\u00eatements en tissu sont \u00e9galement disponibles avec des caract\u00e9ristiques de lavabilit\u00e9 et de r\u00e9sistance \u00e0 l\u2019eau, aux taches et au feu qui r\u00e9pondent \u00e0 toutes les exigences.<\/p>\n<\/div>\n\t\t<\/div><\/div><\/div><\/div><div id=\"pg-11557-3\"  class=\"panel-grid panel-no-style\" ><div id=\"pgc-11557-3-0\"  class=\"panel-grid-cell\" ><div id=\"panel-11557-3-0-0\" class=\"so-panel widget widget_text panel-first-child panel-last-child\" data-index=\"5\" >\t\t\t<div class=\"textwidget\"><div class=\"proportional -16x9\"><iframe title=\"Spot Vitarelax FR\" src=\"https:\/\/www.youtube.com\/embed\/6imn_T1nciE?feature=oembed\" frameborder=\"0\" allow=\"accelerometer; autoplay; clipboard-write; encrypted-media; gyroscope; picture-in-picture; web-share\" referrerpolicy=\"strict-origin-when-cross-origin\" allowfullscreen><\/iframe><\/div>\n<\/div>\n\t\t<\/div><\/div><\/div><div id=\"pg-11557-4\"  class=\"panel-grid panel-has-style\" ><div class=\"section u-ta-c panel-row-style panel-row-style-for-11557-4\" ><div id=\"pgc-11557-4-0\"  class=\"panel-grid-cell\" ><div id=\"panel-11557-4-0-0\" class=\"so-panel widget widget_text panel-first-child\" data-index=\"6\" >\t\t\t<div class=\"textwidget\"><p><img decoding=\"async\" class=\"aligncenter size-medium wp-image-10576\" src=\"https:\/\/www.vitarelax.it\/wp-content\/uploads\/2018\/01\/extroverso-colori-560x204.png\" alt=\"\" width=\"560\" height=\"204\" srcset=\"https:\/\/www.vitarelax.it\/wp-content\/uploads\/2018\/01\/extroverso-colori-560x204.png 560w, https:\/\/www.vitarelax.it\/wp-content\/uploads\/2018\/01\/extroverso-colori-320x116.png 320w, https:\/\/www.vitarelax.it\/wp-content\/uploads\/2018\/01\/extroverso-colori-768x279.png 768w, https:\/\/www.vitarelax.it\/wp-content\/uploads\/2018\/01\/extroverso-colori.png 1120w\" sizes=\"(max-width: 560px) 100vw, 560px\" \/><\/p>\n<\/div>\n\t\t<\/div><div id=\"panel-11557-4-0-1\" class=\"so-panel widget widget_text panel-last-child\" data-index=\"7\" >\t\t\t<div class=\"textwidget\"><p><a class=\"button\" href=\"https:\/\/www.vitarelax.it\/fr\/canapes-et-fauteuils\/\">D\u00e9couvrez nos produits<\/a><\/p>\n<\/div>\n\t\t<\/div><\/div><\/div><\/div><\/div>","protected":false},"excerpt":{"rendered":"<p>Votre relax entre les mains des meilleurs artisans italiens.<\/p>\n","protected":false},"author":2,"featured_media":0,"parent":0,"menu_order":20,"comment_status":"closed","ping_status":"closed","template":"","meta":{"footnotes":""},"class_list":["post-11557","page","type-page","status-publish","hentry"],"acf":[],"yoast_head":"<!-- This site is optimized with the Yoast SEO plugin v26.2 - https:\/\/yoast.com\/wordpress\/plugins\/seo\/ -->\n<title>Entreprise &#8211; Vitarelax<\/title>\n<meta name=\"robots\" content=\"index, follow, max-snippet:-1, max-image-preview:large, max-video-preview:-1\" \/>\n<link rel=\"canonical\" href=\"https:\/\/www.vitarelax.it\/fr\/entreprise\/\" \/>\n<meta property=\"og:locale\" content=\"fr_FR\" \/>\n<meta property=\"og:type\" content=\"article\" \/>\n<meta property=\"og:title\" content=\"Entreprise &#8211; Vitarelax\" \/>\n<meta property=\"og:description\" content=\"Votre relax entre les mains des meilleurs artisans italiens.\" \/>\n<meta property=\"og:url\" content=\"https:\/\/www.vitarelax.it\/fr\/entreprise\/\" \/>\n<meta property=\"og:site_name\" content=\"Vitarelax\" \/>\n<meta property=\"article:publisher\" content=\"https:\/\/www.facebook.com\/vitarelaxsrl\/\" \/>\n<meta property=\"article:modified_time\" content=\"2018-06-14T08:41:41+00:00\" \/>\n<meta property=\"og:image\" content=\"https:\/\/www.vitarelax.it\/wp-content\/uploads\/2018\/01\/header-about.jpg\" \/>\n<meta name=\"twitter:card\" content=\"summary_large_image\" \/>\n<meta name=\"twitter:label1\" content=\"Dur\u00e9e de lecture estim\u00e9e\" \/>\n\t<meta name=\"twitter:data1\" content=\"1 minute\" \/>\n<script type=\"application\/ld+json\" class=\"yoast-schema-graph\">{\"@context\":\"https:\/\/schema.org\",\"@graph\":[{\"@type\":\"WebPage\",\"@id\":\"https:\/\/www.vitarelax.it\/fr\/entreprise\/\",\"url\":\"https:\/\/www.vitarelax.it\/fr\/entreprise\/\",\"name\":\"Entreprise &#8211; Vitarelax\",\"isPartOf\":{\"@id\":\"https:\/\/www.vitarelax.it\/fr\/#website\"},\"primaryImageOfPage\":{\"@id\":\"https:\/\/www.vitarelax.it\/fr\/entreprise\/#primaryimage\"},\"image\":{\"@id\":\"https:\/\/www.vitarelax.it\/fr\/entreprise\/#primaryimage\"},\"thumbnailUrl\":\"https:\/\/www.vitarelax.it\/wp-content\/uploads\/2018\/01\/header-about.jpg\",\"datePublished\":\"2015-11-18T07:34:00+00:00\",\"dateModified\":\"2018-06-14T08:41:41+00:00\",\"breadcrumb\":{\"@id\":\"https:\/\/www.vitarelax.it\/fr\/entreprise\/#breadcrumb\"},\"inLanguage\":\"fr-FR\",\"potentialAction\":[{\"@type\":\"ReadAction\",\"target\":[\"https:\/\/www.vitarelax.it\/fr\/entreprise\/\"]}]},{\"@type\":\"ImageObject\",\"inLanguage\":\"fr-FR\",\"@id\":\"https:\/\/www.vitarelax.it\/fr\/entreprise\/#primaryimage\",\"url\":\"https:\/\/www.vitarelax.it\/wp-content\/uploads\/2018\/01\/header-about.jpg\",\"contentUrl\":\"https:\/\/www.vitarelax.it\/wp-content\/uploads\/2018\/01\/header-about.jpg\"},{\"@type\":\"BreadcrumbList\",\"@id\":\"https:\/\/www.vitarelax.it\/fr\/entreprise\/#breadcrumb\",\"itemListElement\":[{\"@type\":\"ListItem\",\"position\":1,\"name\":\"Home\",\"item\":\"https:\/\/www.vitarelax.it\/fr\/\"},{\"@type\":\"ListItem\",\"position\":2,\"name\":\"Entreprise\"}]},{\"@type\":\"WebSite\",\"@id\":\"https:\/\/www.vitarelax.it\/fr\/#website\",\"url\":\"https:\/\/www.vitarelax.it\/fr\/\",\"name\":\"Vitarelax\",\"description\":\"Poltrone e Divani\",\"publisher\":{\"@id\":\"https:\/\/www.vitarelax.it\/fr\/#organization\"},\"potentialAction\":[{\"@type\":\"SearchAction\",\"target\":{\"@type\":\"EntryPoint\",\"urlTemplate\":\"https:\/\/www.vitarelax.it\/fr\/?s={search_term_string}\"},\"query-input\":{\"@type\":\"PropertyValueSpecification\",\"valueRequired\":true,\"valueName\":\"search_term_string\"}}],\"inLanguage\":\"fr-FR\"},{\"@type\":\"Organization\",\"@id\":\"https:\/\/www.vitarelax.it\/fr\/#organization\",\"name\":\"Vitarelax\",\"url\":\"https:\/\/www.vitarelax.it\/fr\/\",\"logo\":{\"@type\":\"ImageObject\",\"inLanguage\":\"fr-FR\",\"@id\":\"https:\/\/www.vitarelax.it\/fr\/#\/schema\/logo\/image\/\",\"url\":\"https:\/\/www.vitarelax.it\/wp-content\/uploads\/2017\/12\/c-logoVitarelax.png\",\"contentUrl\":\"https:\/\/www.vitarelax.it\/wp-content\/uploads\/2017\/12\/c-logoVitarelax.png\",\"width\":240,\"height\":100,\"caption\":\"Vitarelax\"},\"image\":{\"@id\":\"https:\/\/www.vitarelax.it\/fr\/#\/schema\/logo\/image\/\"},\"sameAs\":[\"https:\/\/www.facebook.com\/vitarelaxsrl\/\"]}]}<\/script>\n<!-- \/ Yoast SEO plugin. -->","yoast_head_json":{"title":"Entreprise &#8211; Vitarelax","robots":{"index":"index","follow":"follow","max-snippet":"max-snippet:-1","max-image-preview":"max-image-preview:large","max-video-preview":"max-video-preview:-1"},"canonical":"https:\/\/www.vitarelax.it\/fr\/entreprise\/","og_locale":"fr_FR","og_type":"article","og_title":"Entreprise &#8211; Vitarelax","og_description":"Votre relax entre les mains des meilleurs artisans italiens.","og_url":"https:\/\/www.vitarelax.it\/fr\/entreprise\/","og_site_name":"Vitarelax","article_publisher":"https:\/\/www.facebook.com\/vitarelaxsrl\/","article_modified_time":"2018-06-14T08:41:41+00:00","og_image":[{"url":"https:\/\/www.vitarelax.it\/wp-content\/uploads\/2018\/01\/header-about.jpg","type":"","width":"","height":""}],"twitter_card":"summary_large_image","twitter_misc":{"Dur\u00e9e de lecture estim\u00e9e":"1 minute"},"schema":{"@context":"https:\/\/schema.org","@graph":[{"@type":"WebPage","@id":"https:\/\/www.vitarelax.it\/fr\/entreprise\/","url":"https:\/\/www.vitarelax.it\/fr\/entreprise\/","name":"Entreprise &#8211; Vitarelax","isPartOf":{"@id":"https:\/\/www.vitarelax.it\/fr\/#website"},"primaryImageOfPage":{"@id":"https:\/\/www.vitarelax.it\/fr\/entreprise\/#primaryimage"},"image":{"@id":"https:\/\/www.vitarelax.it\/fr\/entreprise\/#primaryimage"},"thumbnailUrl":"https:\/\/www.vitarelax.it\/wp-content\/uploads\/2018\/01\/header-about.jpg","datePublished":"2015-11-18T07:34:00+00:00","dateModified":"2018-06-14T08:41:41+00:00","breadcrumb":{"@id":"https:\/\/www.vitarelax.it\/fr\/entreprise\/#breadcrumb"},"inLanguage":"fr-FR","potentialAction":[{"@type":"ReadAction","target":["https:\/\/www.vitarelax.it\/fr\/entreprise\/"]}]},{"@type":"ImageObject","inLanguage":"fr-FR","@id":"https:\/\/www.vitarelax.it\/fr\/entreprise\/#primaryimage","url":"https:\/\/www.vitarelax.it\/wp-content\/uploads\/2018\/01\/header-about.jpg","contentUrl":"https:\/\/www.vitarelax.it\/wp-content\/uploads\/2018\/01\/header-about.jpg"},{"@type":"BreadcrumbList","@id":"https:\/\/www.vitarelax.it\/fr\/entreprise\/#breadcrumb","itemListElement":[{"@type":"ListItem","position":1,"name":"Home","item":"https:\/\/www.vitarelax.it\/fr\/"},{"@type":"ListItem","position":2,"name":"Entreprise"}]},{"@type":"WebSite","@id":"https:\/\/www.vitarelax.it\/fr\/#website","url":"https:\/\/www.vitarelax.it\/fr\/","name":"Vitarelax","description":"Poltrone e Divani","publisher":{"@id":"https:\/\/www.vitarelax.it\/fr\/#organization"},"potentialAction":[{"@type":"SearchAction","target":{"@type":"EntryPoint","urlTemplate":"https:\/\/www.vitarelax.it\/fr\/?s={search_term_string}"},"query-input":{"@type":"PropertyValueSpecification","valueRequired":true,"valueName":"search_term_string"}}],"inLanguage":"fr-FR"},{"@type":"Organization","@id":"https:\/\/www.vitarelax.it\/fr\/#organization","name":"Vitarelax","url":"https:\/\/www.vitarelax.it\/fr\/","logo":{"@type":"ImageObject","inLanguage":"fr-FR","@id":"https:\/\/www.vitarelax.it\/fr\/#\/schema\/logo\/image\/","url":"https:\/\/www.vitarelax.it\/wp-content\/uploads\/2017\/12\/c-logoVitarelax.png","contentUrl":"https:\/\/www.vitarelax.it\/wp-content\/uploads\/2017\/12\/c-logoVitarelax.png","width":240,"height":100,"caption":"Vitarelax"},"image":{"@id":"https:\/\/www.vitarelax.it\/fr\/#\/schema\/logo\/image\/"},"sameAs":["https:\/\/www.facebook.com\/vitarelaxsrl\/"]}]}},"_links":{"self":[{"href":"https:\/\/www.vitarelax.it\/fr\/wp-json\/wp\/v2\/pages\/11557","targetHints":{"allow":["GET"]}}],"collection":[{"href":"https:\/\/www.vitarelax.it\/fr\/wp-json\/wp\/v2\/pages"}],"about":[{"href":"https:\/\/www.vitarelax.it\/fr\/wp-json\/wp\/v2\/types\/page"}],"author":[{"embeddable":true,"href":"https:\/\/www.vitarelax.it\/fr\/wp-json\/wp\/v2\/users\/2"}],"replies":[{"embeddable":true,"href":"https:\/\/www.vitarelax.it\/fr\/wp-json\/wp\/v2\/comments?post=11557"}],"version-history":[{"count":0,"href":"https:\/\/www.vitarelax.it\/fr\/wp-json\/wp\/v2\/pages\/11557\/revisions"}],"wp:attachment":[{"href":"https:\/\/www.vitarelax.it\/fr\/wp-json\/wp\/v2\/media?parent=11557"}],"curies":[{"name":"wp","href":"https:\/\/api.w.org\/{rel}","templated":true}]}}